{"id":45431,"date":"2023-10-02T03:24:07","date_gmt":"2023-10-02T07:24:07","guid":{"rendered":"https:\/\/www.applause.com\/?page_id=45431"},"modified":"2025-07-21T11:45:49","modified_gmt":"2025-07-21T15:45:49","slug":"mentions-legales","status":"publish","type":"page","link":"https:\/\/www.applause.com\/fr\/mentions-legales\/","title":{"rendered":"Terms of Use"},"content":{"rendered":"<div class=\"et_pb_section_0 et_pb_section et_section_regular et_flex_section\"><div class=\"et_pb_row_0 et_pb_row et_flex_row\"><div class=\"et_pb_column_0 et_pb_column et-last-child et_flex_column et_pb_css_mix_blend_mode_passthrough et_flex_column_24_24 et_flex_column_24_24_tablet et_flex_column_24_24_phone et_flex_column_24_24_phoneWide et_flex_column_24_24_tabletWide et_flex_column_24_24_widescreen et_flex_column_24_24_ultraWide\"><div class=\"et_pb_text_0 et_pb_text et_pb_bg_layout_light et_pb_module et_flex_module preset--module--divi-text--97829db1-4e26-4955-99fc-cc9a3cacebb7\"><div class=\"et_pb_text_inner\"><h1 class=\"title as-h2\">Mentions L\u00e9gales<\/h1>\n<p>Indications conform\u00e9ment au \u00a7 5 de la loi allemande sur les m\u00e9dias \u00e9lectroniques :<\/p>\n<p>Applause GmbH<br \/>Obentrautstra\u00dfe 72<br \/>10963 Berlin<br \/>Germany<br \/>T\u00e9l: +49 30 57700400<br \/>Fax: +49 30 568373246<br \/><a href=\"https:\/\/www.applause.com\/fr\/contactez-nous\/\" target=\"_blank\" rel=\"noreferrer noopener\">Contactez-nous<\/a><\/p>\n<p>Inscription au registre du commerce aupr\u00e8s du Tribunal d\u2019Instance (Amtsgericht) Berlin-Charlottenburg (HRB 137950 B) Repr\u00e9sent\u00e9e par les g\u00e9rants : Jan Wolter et Chris Malone Identifiant intracommunautaire : DE281026779<\/p>\n<p>Responsable du contenu selon le \u00a7 55 du d\u00e9cret allemand sur la radiodiffusion :<\/p>\n<p>Jan Wolter<br \/>Applause GmbH<br \/>Obentrautstra\u00dfe 72<br \/>10963 Berlin<br \/>Allemagne<\/p>\n<p>Responsable de la protection des donn\u00e9es selon le \u00a7 4 de la loi f\u00e9d\u00e9rale allemande pour la protection des donn\u00e9es : Heather Levy Sigel<\/p>\n<p>Copyright :<br \/>Tous les textes, photos et illustrations graphiques utilis\u00e9s sur ce site Internet sont prot\u00e9g\u00e9s par les droits d\u2019auteur. Si vous souhaitez en utiliser des extraits, veuillez vous adresser \u00e0 l\u2019exploitant du site. Il \u00e9tablira le cas \u00e9ch\u00e9ant le contact avec le titulaire ou le b\u00e9n\u00e9ficiaire des droits d\u2019auteur.<\/p>\n<p>Pas de mise en demeure sans contact pr\u00e9alable :<br \/>Si le contenu ou la pr\u00e9sentation du pr\u00e9sent site porte infraction \u00e0 des droits de tiers ou \u00e0 des dispositions l\u00e9gales, nous demandons l\u2019envoi d\u2019un message correspondant sans note de frais. Une note d\u2019honoraires d\u2019une mise en demeure d\u2019avocat sans prise de contact pr\u00e9alable avec nous sera rejet\u00e9e dans le sens de l\u2019obligation de r\u00e9duction des dommages.<\/p>\n<div class=\"element-paragraphText\"><\/div>\n<\/div><\/div><\/div><\/div><\/div>","protected":false},"excerpt":{"rendered":"","protected":false},"author":42,"featured_media":0,"parent":0,"menu_order":0,"comment_status":"closed","ping_status":"closed","template":"","meta":{"_acf_changed":false,"inline_featured_image":false,"footnotes":""},"categories":[348],"tags":[],"class_list":["post-45431","page","type-page","status-publish","hentry","category-basic-pages"],"acf":[],"_links":{"self":[{"href":"https:\/\/www.applause.com\/fr\/wp-json\/wp\/v2\/pages\/45431","targetHints":{"allow":["GET"]}}],"collection":[{"href":"https:\/\/www.applause.com\/fr\/wp-json\/wp\/v2\/pages"}],"about":[{"href":"https:\/\/www.applause.com\/fr\/wp-json\/wp\/v2\/types\/page"}],"author":[{"embeddable":true,"href":"https:\/\/www.applause.com\/fr\/wp-json\/wp\/v2\/users\/42"}],"replies":[{"embeddable":true,"href":"https:\/\/www.applause.com\/fr\/wp-json\/wp\/v2\/comments?post=45431"}],"version-history":[{"count":0,"href":"https:\/\/www.applause.com\/fr\/wp-json\/wp\/v2\/pages\/45431\/revisions"}],"wp:attachment":[{"href":"https:\/\/www.applause.com\/fr\/wp-json\/wp\/v2\/media?parent=45431"}],"wp:term":[{"taxonomy":"category","embeddable":true,"href":"https:\/\/www.applause.com\/fr\/wp-json\/wp\/v2\/categories?post=45431"},{"taxonomy":"post_tag","embeddable":true,"href":"https:\/\/www.applause.com\/fr\/wp-json\/wp\/v2\/tags?post=45431"}],"curies":[{"name":"wp","href":"https:\/\/api.w.org\/{rel}","templated":true}]}}