{"id":37425,"date":"2023-08-23T08:14:47","date_gmt":"2023-08-23T12:14:47","guid":{"rendered":"https:\/\/applause-wp2.local\/equipes-ingenieurs\/"},"modified":"2026-04-24T15:13:28","modified_gmt":"2026-04-24T19:13:28","slug":"equipes-ingenieurs","status":"publish","type":"page","link":"https:\/\/www.applause.com\/fr\/equipes-ingenieurs\/","title":{"rendered":"Comment Applause aide les \u00e9quipes d\u2019ing\u00e9nieurs"},"content":{"rendered":"<div class=\"et_pb_section_0 et_pb_section et_section_regular et_block_section hero-section-v3 hero-section-green\">\n<div class=\"et_pb_row_0 et_pb_row et_pb_equal_columns et_block_row\">\n<div class=\"et_pb_column_0 et_pb_column et_pb_column_3_5 et_block_column et_pb_css_mix_blend_mode_passthrough\">\n<div class=\"et_pb_heading_0 et_pb_heading et_pb_module et_block_module mini-blue-title preset--module--divi-heading--8r75zxphr1\"><div class=\"et_pb_heading_container\"><h1 class=\"et_pb_module_header\">APPLAUSE POUR LES \u00c9QUIPES D'ING\u00c9NIEURS<\/h1><\/div><\/div>\n\n<div class=\"et_pb_text_0 et_pb_text et_pb_bg_layout_light et_pb_module et_block_module hero-heading preset--module--divi-text--16gm90elfm\"><div class=\"et_pb_text_inner\"><h2>Une expertise de bout en bout au service de la rapidit\u00e9 et de l'\u00e9volutivit\u00e9<\/h2>\n<p>Int\u00e9grez l'assurance qualit\u00e9 tout au long du cycle de d\u00e9veloppement de votre logiciel. Nous sommes en train d'\u00e9largir la couverture des tests, pour une innovation encore plus rapide.<\/p>\n<\/div><\/div>\n<\/div>\n\n<div class=\"et_pb_column_1 et_pb_column et_pb_column_2_5 et-last-child et_block_column et_pb_css_mix_blend_mode_passthrough\">\n<div class=\"et_pb_image_0 et_pb_image et_pb_module et_block_module preset--module--divi-image--default\"><span class=\"et_pb_image_wrap\"><img decoding=\"async\" src=\"https:\/\/www.applause.com\/wp-content\/uploads\/Hero-Engineering-Teams-French.webp\" width=\"780\" height=\"520\" srcset=\"https:\/\/www.applause.com\/wp-content\/uploads\/Hero-Engineering-Teams-French.webp 780w, https:\/\/www.applause.com\/wp-content\/uploads\/Hero-Engineering-Teams-French-480x320.webp 480w\" sizes=\"(min-width: 0px) and (max-width: 480px) 480px, (min-width: 481px) 780px, 100vw\" class=\"wp-image-140202\" alt=\"Applause Pour Les Equipes D&amp;#39;Ingenieurs\" \/><\/span><\/div>\n<\/div>\n<\/div>\n<\/div>\n\n<div class=\"et_pb_section_1 et_pb_section et_section_regular et_block_section\">\n<div class=\"et_pb_row_1 et_pb_row et_block_row\">\n<div class=\"et_pb_column_2 et_pb_column et_pb_column_1_2 et_block_column et_pb_css_mix_blend_mode_passthrough\">\n<div class=\"et_pb_image_1 et_pb_image et_pb_module et_block_module preset--module--divi-image--default\"><span class=\"et_pb_image_wrap\"><img decoding=\"async\" src=\"https:\/\/www.applause.com\/wp-content\/uploads\/engineering-collage_W585_Mfit.webp\" width=\"500\" height=\"424\" srcset=\"https:\/\/www.applause.com\/wp-content\/uploads\/engineering-collage_W585_Mfit.webp 500w, https:\/\/www.applause.com\/wp-content\/uploads\/engineering-collage_W585_Mfit-300x254.webp 300w\" sizes=\"(max-width: 500px) 100vw, 500px\" class=\"wp-image-34846\" alt=\"Des informations holistiques et exploitables sur votre qualit\u00e9, \u00e0 un seul endroit\" title=\"engineering-collage_W585_Mfit\" \/><\/span><\/div>\n<\/div>\n\n<div class=\"et_pb_column_3 et_pb_column et_pb_column_1_2 et-last-child et_block_column et_pb_css_mix_blend_mode_passthrough\">\n<div class=\"et_pb_text_1 et_pb_text et_pb_bg_layout_light et_pb_module et_block_module section-paragraph blue-subhead preset--module--divi-text--5aed21f5-56f5-4361-ae14-c13d137326fc\"><div class=\"et_pb_text_inner\"><h2>Des informations holistiques et exploitables sur votre qualit\u00e9, \u00e0 un seul endroit<\/h2>\n<h3>Vous avez enfin plus de ressources \u00e0 accorder \u00e0 l\u2019innovation.<\/h3>\n<p>Vous \u00eates l\u2019instigateur de ce qui est possible dans votre entreprise. Mais les \u00e9quipes d\u2019ing\u00e9nierie ont d\u00e9j\u00e0 trop \u00e0 faire et ne disposent pas d\u2019assez de personnel. Les backlogs s\u2019accumulent et vous ne pouvez tout simplement pas atteindre de mani\u00e8re continue et efficace le plus haut niveau d\u2019innovation et de qualit\u00e9.<\/p>\n<p>L'approche d'Applause bas\u00e9e sur la communaut\u00e9, associ\u00e9e \u00e0 notre plateforme professionnelle de test, offre une vue d'ensemble in\u00e9gal\u00e9e concernant la qualit\u00e9 de vos actifs num\u00e9riques et \u00e9largit votre port\u00e9e et votre capacit\u00e9, le tout sans obstacle ni co\u00fbts additionnels. Avec un mod\u00e8le flexible et \u00e9volutif qui r\u00e9pond \u00e0 vos besoins, vous pouvez cr\u00e9er rapidement et avoir la confiance n\u00e9cessaire pour vous impliquer dans des projets plus innovants. Devenir un acteur majeur de la qualit\u00e9 de l\u2019ing\u00e9nierie est enfin \u00e0 votre port\u00e9e.<\/p>\n<\/div><\/div>\n<\/div>\n<\/div>\n<\/div>\n\n<div class=\"et_pb_section_2 et_pb_section et_section_regular et_block_section\">\n<div class=\"et_pb_row_2 et_pb_row et_block_row\">\n<div class=\"et_pb_column_4 et_pb_column et_pb_column_4_4 et-last-child et_block_column et_pb_css_mix_blend_mode_passthrough\">\n<div class=\"et_pb_text_2 et_pb_text et_pb_bg_layout_light et_pb_module et_block_module section-heading-wide preset--module--divi-text--6cksqzi0qy\"><div class=\"et_pb_text_inner\"><h2>Atteindre un niveau sup\u00e9rieur de qualit\u00e9 d\u2019ing\u00e9nierie<\/h2>\n<p>Applause propose la seule plateforme professionnelle de test interop\u00e9rable et disponible \u00e0 ce jour, ce qui vous aide \u00e0 publier en temps et en heure, \u00e0 tout moment :<\/p>\n<\/div><\/div>\n<\/div>\n<\/div>\n\n<div class=\"et_pb_row_3 et_pb_row et_pb_gutters2 et_block_row\">\n<div class=\"et_pb_column_5 et_pb_column et_pb_column_1_3 et_block_column et_pb_css_mix_blend_mode_passthrough\">\n<div class=\"et_pb_blurb_0 et_pb_blurb et_pb_bg_layout_light et_pb_text_align_center et_pb_blurb_position_top et_pb_module et_block_module preset--group--divi-blurb--divi-font-body--default preset--module--divi-blurb--default\"><div class=\"et_pb_blurb_content\"><div class=\"et_pb_main_blurb_image\"><span class=\"et_pb_image_wrap et_pb_only_image_mode_wrap\"><img decoding=\"async\" src=\"https:\/\/www.applause.com\/wp-content\/uploads\/icon-bug-reduction.svg\" class=\"et_animated wp-image-32918\" alt=\"Innovez comme jamais\" \/><\/span><\/div><div class=\"et_pb_blurb_container\"><h3 class=\"et_pb_module_header\">Innovez comme jamais<\/h3><div class=\"et_pb_blurb_description\"><p>Une r\u00e9duction de 30 % \u00e0 50 % des correctifs de bogues critiques n\u00e9cessaires, ce qui r\u00e9duit votre backlog de bogues et vous permet d'aller de l'avant<\/p>\n<\/div><\/div><\/div><\/div>\n<\/div>\n\n<div class=\"et_pb_column_6 et_pb_column et_pb_column_1_3 et_block_column et_pb_css_mix_blend_mode_passthrough\">\n<div class=\"et_pb_blurb_1 et_pb_blurb et_pb_bg_layout_light et_pb_text_align_center et_pb_blurb_position_top et_pb_module et_block_module preset--group--divi-blurb--divi-font-body--default preset--module--divi-blurb--default\"><div class=\"et_pb_blurb_content\"><div class=\"et_pb_main_blurb_image\"><span class=\"et_pb_image_wrap et_pb_only_image_mode_wrap\"><img decoding=\"async\" src=\"https:\/\/www.applause.com\/wp-content\/uploads\/icon-increase-capacity.svg\" class=\"et_animated wp-image-34842\" alt=\"Augentez votre capacite\" \/><\/span><\/div><div class=\"et_pb_blurb_container\"><h3 class=\"et_pb_module_header\">Augmentez votre capacit\u00e9<\/h3><div class=\"et_pb_blurb_description\"><p>Une augmentation de plus de 200 % des capacit\u00e9s de test, ce qui augmente exponentiellement vos ressources et votre capacit\u00e9 \u00e0 vous impliquer des projets plus importants<\/p>\n<\/div><\/div><\/div><\/div>\n<\/div>\n\n<div class=\"et_pb_column_7 et_pb_column et_pb_column_1_3 et-last-child et_block_column et_pb_css_mix_blend_mode_passthrough\">\n<div class=\"et_pb_blurb_2 et_pb_blurb et_pb_bg_layout_light et_pb_text_align_center et_pb_blurb_position_top et_pb_module et_block_module preset--group--divi-blurb--divi-font-body--default preset--module--divi-blurb--default\"><div class=\"et_pb_blurb_content\"><div class=\"et_pb_main_blurb_image\"><span class=\"et_pb_image_wrap et_pb_only_image_mode_wrap\"><img decoding=\"async\" src=\"https:\/\/www.applause.com\/wp-content\/uploads\/icon-release-velocity.svg\" class=\"et_animated wp-image-34799\" alt=\"Vous engagez en \u00e9tant plus confiants\" \/><\/span><\/div><div class=\"et_pb_blurb_container\"><h3 class=\"et_pb_module_header\">Vous engagez en \u00e9tant plus confiants<\/h3><div class=\"et_pb_blurb_description\"><p>Une augmentation de plus de 150 % de la vitesse de publication, ce qui vous permet de respecter facilement les d\u00e9lais<\/p>\n<\/div><\/div><\/div><\/div>\n<\/div>\n<\/div>\n<\/div>\n\n<div class=\"et_pb_section_3 et_pb_section et_section_regular et_block_section\">\n<div class=\"et_pb_row_4 et_pb_row et_block_row\">\n<div class=\"et_pb_column_8 et_pb_column et_pb_column_1_2 et_block_column et_pb_css_mix_blend_mode_passthrough\">\n<div class=\"et_pb_image_2 et_pb_image et_pb_module et_block_module preset--module--divi-image--default\"><span class=\"et_pb_image_wrap\"><img decoding=\"async\" src=\"https:\/\/www.applause.com\/wp-content\/uploads\/engineering-secondary_W585_Mfit.webp\" width=\"500\" height=\"544\" srcset=\"https:\/\/www.applause.com\/wp-content\/uploads\/engineering-secondary_W585_Mfit.webp 500w, https:\/\/www.applause.com\/wp-content\/uploads\/engineering-secondary_W585_Mfit-276x300.webp 276w\" sizes=\"(max-width: 500px) 100vw, 500px\" class=\"wp-image-34850\" alt=\"Une couverture de test plus large pour r\u00e9duire les d\u00e9fauts non identifi\u00e9s\" title=\"engineering-secondary_W585_Mfit\" \/><\/span><\/div>\n<\/div>\n\n<div class=\"et_pb_column_9 et_pb_column et_pb_column_1_2 et-last-child et_block_column et_pb_css_mix_blend_mode_passthrough\">\n<div class=\"et_pb_text_3 et_pb_text et_pb_bg_layout_light et_pb_module et_block_module section-paragraph blue-subhead preset--module--divi-text--5aed21f5-56f5-4361-ae14-c13d137326fc\"><div class=\"et_pb_text_inner\"><h2>Une couverture de test plus large pour r\u00e9duire les d\u00e9fauts non identifi\u00e9s<\/h2>\n<h3>Publiez continuellement des logiciels de meilleure qualit\u00e9.<\/h3>\n<p>Alors que les budgets d\u2019ing\u00e9nierie stagnent ou diminuent, la quantit\u00e9 de travail ne cesse d\u2019augmenter. Par cons\u00e9quent, les \u00e9quipes ont besoin de plus de ressources pour accomplir leur travail tout en maintenant des co\u00fbts bas. Applause met \u00e0 l\u2019\u00e9chelle votre couverture de test avec des ex\u00e9cutions test manuelles ou automatiques tout en minimisant les frais g\u00e9n\u00e9raux et les co\u00fbts li\u00e9s \u00e0 la gestion.<\/p>\n<p>Applause vous donne acc\u00e8s \u00e0 des \u00e9quipes sp\u00e9cialis\u00e9es constitu\u00e9es de talents difficiles \u00e0 trouver, partout dans le monde, afin d\u2019augmenter la couverture des appareils et des lieux, ce qui permet de r\u00e9duire le nombre de d\u00e9fauts en production et le temps consacr\u00e9 aux correctifs. Avec un mod\u00e8le de type \u00ab follow-the-sun \u00bb, vous pouvez trouver instantan\u00e9ment des testeurs qualifi\u00e9s afin de faire gagner du temps \u00e0 votre \u00e9quipe de d\u00e9veloppement, ce qui lui permet de se concentrer sur des initiatives plus strat\u00e9giques et de cr\u00e9er des produits innovants.<\/p>\n<\/div><\/div>\n<\/div>\n<\/div>\n<\/div>\n\n<div class=\"et_pb_section_4 et_pb_section et_section_regular et_block_section\">\n\n<\/div>\n\n<div class=\"et_pb_section_5 et_pb_section et_section_regular et_block_section\">\n<div class=\"et_pb_row_5 et_pb_row et_block_row\">\n<div class=\"et_pb_column_10 et_pb_column et_pb_column_1_2 et_block_column et_pb_css_mix_blend_mode_passthrough\">\n<div class=\"et_pb_text_4 et_pb_text et_pb_bg_layout_light et_pb_module et_block_module section-paragraph blue-subhead preset--module--divi-text--5aed21f5-56f5-4361-ae14-c13d137326fc\"><div class=\"et_pb_text_inner\"><h2>Am\u00e9liorez la fr\u00e9quence et la qualit\u00e9 de vos publications<\/h2>\n<p>Laissez-nous vous montrer comment nous pouvons acc\u00e9l\u00e9rer votre cadence de d\u00e9veloppement tout en garantissant des r\u00e9sultats de haute qualit\u00e9. Remplissez le formulaire ci-dessous pour d\u00e9couvrir comment vous pouvez\u00a0:<\/p>\n<ul>\n<li><strong>Augmenter la cadence des publications<\/strong> : lancez les tests \u00e0 tout moment et obtenez des r\u00e9sultats exploitables en quelques heures.<\/li>\n<li><strong>\u00c9viter des co\u00fbts impr\u00e9vus<\/strong> : maintenez les frais g\u00e9n\u00e9raux et les co\u00fbts au plus bas tout en am\u00e9liorant la qualit\u00e9.<\/li>\n<li><strong>Am\u00e9liorer la productivit\u00e9<\/strong> :\u00a0les d\u00e9veloppeurs restent concentr\u00e9s sur le code de l'application.<\/li>\n<\/ul>\n<\/div><\/div>\n<\/div>\n\n<div class=\"et_pb_column_11 et_pb_column et_pb_column_1_2 et-last-child et_block_column et_pb_css_mix_blend_mode_passthrough\">\n<div class=\"et_pb_text_5 et_pb_text et_pb_bg_layout_light et_pb_module et_block_module section-heading-wide preset--module--divi-text--6cksqzi0qy\"><div class=\"et_pb_text_inner\"><div class=\"title-container\">\n<h2 class=\"title as-h2\">Contactez-nous<\/h2>\n<\/div>\n<hr>\n<\/div><\/div>\n\n<div class=\"et_pb_text_6 et_pb_text et_pb_bg_layout_light et_pb_module et_block_module preset--group--divi-text--divi-font-body--default preset--module--divi-text--default\"><div class=\"et_pb_text_inner\"><form id=\"mktoForm_3152\"><div class=\"legend\"><span class=\"mktoAsterix\">*<\/span> Marque un champ obligatoire<\/div><\/form>\n<\/div><\/div>\n<\/div>\n<\/div>\n<\/div>\n\n<div class=\"et_pb_section_6 et_pb_section et_section_regular et_block_section preset--module--divi-section--bhcb6jxywh\">\n<div class=\"et_pb_row_6 et_pb_row et_block_row preset--module--divi-row--61zcgfi1e0\">\n<div class=\"et_pb_column_12 et_pb_column et-last-child et_block_column et_pb_css_mix_blend_mode_passthrough et_flex_column_24_24 et_flex_column_24_24_tablet et_flex_column_24_24_phone et_flex_column_24_24_phoneWide et_flex_column_24_24_tabletWide et_flex_column_24_24_widescreen et_flex_column_24_24_ultraWide\">\n<div class=\"et_pb_text_7 et_pb_text et_pb_bg_layout_light et_pb_module et_block_module preset--module--divi-text--97829db1-4e26-4955-99fc-cc9a3cacebb7\"><div class=\"et_pb_text_inner\"><h2>Explorez en profondeur la qualit\u00e9 num\u00e9rique<\/h2>\n<p>Des t\u00e9moignages de clients aux avis d\u2019experts, notre centre de ressources offre un aper\u00e7u plus approfondi de la mani\u00e8re dont nous abordons la qualit\u00e9 num\u00e9rique.<\/p>\n<\/div><\/div>\n\n<div class=\"et_pb_module et_pb_button_module_wrapper et_pb_button_0_wrapper preset--module--divi-button--n0307jqe3u_wrapper\"><a class=\"et_pb_button_0 et_pb_button et_pb_bg_layout_light et_pb_module et_block_module preset--module--divi-button--n0307jqe3u\" href=\"\/fr\/ressources\/\">Explorez le centre de ressources<\/a><\/div>\n<\/div>\n<\/div>\n<\/div>","protected":false},"excerpt":{"rendered":"","protected":false},"author":42,"featured_media":0,"parent":0,"menu_order":0,"comment_status":"closed","ping_status":"closed","template":"","meta":{"_acf_changed":false,"inline_featured_image":false,"footnotes":""},"categories":[392],"tags":[],"class_list":["post-37425","page","type-page","status-publish","hentry","category-solutions"],"acf":[],"_links":{"self":[{"href":"https:\/\/www.applause.com\/fr\/wp-json\/wp\/v2\/pages\/37425","targetHints":{"allow":["GET"]}}],"collection":[{"href":"https:\/\/www.applause.com\/fr\/wp-json\/wp\/v2\/pages"}],"about":[{"href":"https:\/\/www.applause.com\/fr\/wp-json\/wp\/v2\/types\/page"}],"author":[{"embeddable":true,"href":"https:\/\/www.applause.com\/fr\/wp-json\/wp\/v2\/users\/42"}],"replies":[{"embeddable":true,"href":"https:\/\/www.applause.com\/fr\/wp-json\/wp\/v2\/comments?post=37425"}],"version-history":[{"count":4,"href":"https:\/\/www.applause.com\/fr\/wp-json\/wp\/v2\/pages\/37425\/revisions"}],"predecessor-version":[{"id":156186,"href":"https:\/\/www.applause.com\/fr\/wp-json\/wp\/v2\/pages\/37425\/revisions\/156186"}],"wp:attachment":[{"href":"https:\/\/www.applause.com\/fr\/wp-json\/wp\/v2\/media?parent=37425"}],"wp:term":[{"taxonomy":"category","embeddable":true,"href":"https:\/\/www.applause.com\/fr\/wp-json\/wp\/v2\/categories?post=37425"},{"taxonomy":"post_tag","embeddable":true,"href":"https:\/\/www.applause.com\/fr\/wp-json\/wp\/v2\/tags?post=37425"}],"curies":[{"name":"wp","href":"https:\/\/api.w.org\/{rel}","templated":true}]}}