{"id":37417,"date":"2023-08-23T08:12:57","date_gmt":"2023-08-23T12:12:57","guid":{"rendered":"https:\/\/applause-wp2.local\/tests-sites-web\/"},"modified":"2026-03-25T10:03:30","modified_gmt":"2026-03-25T14:03:30","slug":"tests-sites-web","status":"publish","type":"page","link":"https:\/\/www.applause.com\/fr\/tests-sites-web\/","title":{"rendered":"Tests de sites web"},"content":{"rendered":"<div class=\"et_pb_section_0 et_pb_section et_section_regular et_block_section hero-section-v3 hero-section-green\">\n<div class=\"et_pb_row_0 et_pb_row et_pb_equal_columns et_block_row\">\n<div class=\"et_pb_column_0 et_pb_column et_pb_column_3_5 et_block_column et_pb_css_mix_blend_mode_passthrough\">\n<div class=\"et_pb_heading_0 et_pb_heading et_pb_module et_block_module mini-blue-title preset--module--divi-heading--8r75zxphr1\"><div class=\"et_pb_heading_container\"><h1 class=\"et_pb_module_header\">SITES WEB<\/h1><\/div><\/div>\n\n<div class=\"et_pb_text_0 et_pb_text et_pb_bg_layout_light et_pb_module et_block_module hero-heading preset--module--divi-text--16gm90elfm\"><div class=\"et_pb_text_inner\"><h2>Maximisez la valeur de votre site web<\/h2>\n<p>Votre site doit \u00eatre localis\u00e9, accessible et offrir une exp\u00e9rience utilisateur exceptionnelle \u00e0 tous les utilisateurs. Avec Applause, assurez-vous que votre site web est configur\u00e9 pour r\u00e9ussir.<\/p>\n<\/div><\/div>\n<\/div>\n\n<div class=\"et_pb_column_1 et_pb_column et_pb_column_2_5 et-last-child et_block_column et_pb_css_mix_blend_mode_passthrough\">\n<div class=\"et_pb_image_0 et_pb_image et_pb_module et_block_module preset--module--divi-image--default\"><span class=\"et_pb_image_wrap\"><img decoding=\"async\" src=\"https:\/\/www.applause.com\/wp-content\/uploads\/Hero-Website-French.webp\" width=\"780\" height=\"520\" srcset=\"https:\/\/www.applause.com\/wp-content\/uploads\/Hero-Website-French.webp 780w, https:\/\/www.applause.com\/wp-content\/uploads\/Hero-Website-French-480x320.webp 480w\" sizes=\"(min-width: 0px) and (max-width: 480px) 480px, (min-width: 481px) 780px, 100vw\" class=\"wp-image-140106\" alt=\"Maximisez la valeur de votre site web\" \/><\/span><\/div>\n<\/div>\n<\/div>\n<\/div>\n\n<div class=\"et_pb_section_1 et_pb_section et_section_regular et_block_section\">\n<div class=\"et_pb_row_1 et_pb_row et_block_row\">\n<div class=\"et_pb_column_2 et_pb_column et_pb_column_1_2 et_block_column et_pb_css_mix_blend_mode_passthrough\">\n<div class=\"et_pb_text_1 et_pb_text et_pb_bg_layout_light et_pb_module et_block_module section-paragraph blue-subhead preset--module--divi-text--5aed21f5-56f5-4361-ae14-c13d137326fc\"><div class=\"et_pb_text_inner\"><h2 class=\"title as-h2\">Garantissez des exp\u00e9riences Web de qualit\u00e9 gr\u00e2ce au crowdtesting<\/h2>\n<p>\u00c0 mesure que les sites web \u00e9voluent, les fonctionnalit\u00e9s et l\u2019utilisabilit\u00e9 deviennent de plus en plus complexes et interd\u00e9pendants, cr\u00e9ant ainsi une multitude de difficult\u00e9s pour les d\u00e9veloppeurs. Les tests de sites web doivent non seulement prendre en compte la compatibilit\u00e9 du navigateur mais \u00e9galement une myriade de possibilit\u00e9s en termes de prise en main du site par les utilisateurs. Et comme les clients deviennent de plus en plus exigeants, cette complexit\u00e9 ne fait qu\u2019augmenter.<\/p>\n<p>Les tests en situation r\u00e9elle sont la strat\u00e9gie la plus efficace en mati\u00e8re de couverture de code pour les sites web. Ils fournissent des donn\u00e9es sur la mani\u00e8re dont vos clients utiliseront votre site web, les bugs qu\u2019ils peuvent rencontrer et ce qu\u2019ils attendent de votre interface.personnes-en-reunion-avec-ordinateur-portable.<\/p>\n<\/div><\/div>\n<\/div>\n\n<div class=\"et_pb_column_3 et_pb_column et_pb_column_1_2 et-last-child et_block_column et_pb_css_mix_blend_mode_passthrough\">\n<div class=\"et_pb_image_1 et_pb_image et_pb_module et_block_module preset--module--divi-image--default\"><span class=\"et_pb_image_wrap\"><img decoding=\"async\" src=\"https:\/\/www.applause.com\/wp-content\/uploads\/personen-meeting-mit-laptop_W585_Mfit.webp\" width=\"585\" height=\"785\" srcset=\"https:\/\/www.applause.com\/wp-content\/uploads\/personen-meeting-mit-laptop_W585_Mfit.webp 585w, https:\/\/www.applause.com\/wp-content\/uploads\/personen-meeting-mit-laptop_W585_Mfit-224x300.webp 224w\" sizes=\"(max-width: 585px) 100vw, 585px\" class=\"wp-image-56461\" alt=\"Garantissez des exp\u00e9riences Web de qualit\u00e9 gr\u00e2ce au crowdtesting\" title=\"Garantissez des exp\u00e9riences Web de qualit\u00e9 gr\u00e2ce au crowdtesting\" \/><\/span><\/div>\n<\/div>\n<\/div>\n<\/div>\n\n<div class=\"et_pb_section_2 et_pb_section et_section_regular et_block_section\">\n<div class=\"et_pb_row_2 et_pb_row et_block_row\">\n<div class=\"et_pb_column_4 et_pb_column et_pb_column_1_2 et_block_column et_pb_css_mix_blend_mode_passthrough\">\n<div class=\"et_pb_text_2 et_pb_text et_pb_bg_layout_light et_pb_module et_block_module section-paragraph blue-subhead preset--module--divi-text--5aed21f5-56f5-4361-ae14-c13d137326fc\"><div class=\"et_pb_text_inner\"><h2 class=\"title as-h2\">Les b\u00e9n\u00e9fices des tests de sites web avec Applause<\/h2>\n<p dir=\"ltr\">Les grandes marques collaborent avec Applause pour s\u2019assurer que leurs propri\u00e9t\u00e9s Web offrent une exp\u00e9rience de qualit\u00e9 \u00e0 chaque client. En tirant parti de la communaut\u00e9 mondiale et ind\u00e9pendante uTest de plus d\u2019un million de testeurs professionnels, les marques peuvent ex\u00e9cuter des tests Web complets qui couvrent les domaines suivants :<\/p>\n<ul>\n<li><strong><a href=\"https:\/\/www.applause.com\/fr\/test-fonctionnel-manuel\/\">Tests fonctionnels<\/a> :<\/strong>nos testeurs chercheront et signaleront tout bug et vous permettront ainsi d\u2019identifier les probl\u00e8mes fonctionnels que vous ne souhaitez pas envoyer en production. Que ce soit des liens internes ou sortants qui ne fonctionnent pas correctement, des erreurs rencontr\u00e9es lors de la soumission de formulaires Web, des probl\u00e8mes de suivi des cookies, de plantages et autres, vous recevrez des retours en temps r\u00e9el, et ce, afin que vous puissiez apporter des correctifs rapides et publier en toute confiance dans les d\u00e9lais.<\/li>\n<li><strong><a href=\"https:\/\/www.applause.com\/fr\/tests-utilisabilite\/\">Tests de l\u2019exp\u00e9rience utilisateur<\/a> :<\/strong>assurez-vous que vos clients vivent une exp\u00e9rience positive et attrayante chaque fois qu\u2019ils visitent votre site Web. Applause vous permet de cr\u00e9er des groupes de test qui repr\u00e9sentent votre public cible et exploreront votre site comme le font vos clients. Vos clients ne r\u00e9agiront pas toujours comme vous le pr\u00e9voyez. C\u2019est pour cette raison que nos testeurs recherchent des chemins d\u2019exploration atypiques et signalent tout probl\u00e8me pouvant entra\u00eener une mauvaise exp\u00e9rience pour ces utilisateurs.<\/li>\n<li><strong><a href=\"https:\/\/www.applause.com\/fr\/tests-omnicanal\/\">Tests de compatibilit\u00e9 et de performances<\/a> :<\/strong> votre site Web doit s\u2019afficher correctement quel que soit l\u2019appareil utilis\u00e9 par vos clients cibl\u00e9s, c\u2019est important. Applause a acc\u00e8s \u00e0 2,4 millions d\u2019appareils \u00e0 travers le monde. Il dispose ainsi de l\u2019\u00e9chelle n\u00e9cessaire pour tester et identifier les bugs, quel que soit l\u2019appareil utilis\u00e9 par vos clients pour consulter votre site Web. Le crowdtesting en conditions r\u00e9elles vous permet \u00e9galement de tester les temps de r\u00e9ponse selon la vitesse de connexion, le temps de chargement des pages et les \u00e9ventuels plantages de votre site Web pendant les heures de pointe.<\/li>\n<li><strong><a href=\"https:\/\/www.applause.com\/fr\/tests-securite\/\">Tests de s\u00e9curit\u00e9 <\/a>:<\/strong> ce point constitue une source de pr\u00e9occupation majeure, en particulier lorsque votre site Web stocke des informations client sensibles ou s\u2019int\u00e8gre \u00e0 des applications tierces. Applause propose une \u00e9quipe d\u2019experts en s\u00e9curit\u00e9 dont l\u2019expertise approfondie et l\u2019approche diversifi\u00e9e vous permettent de vous sentir plus confiant quant \u00e0 la s\u00e9curit\u00e9 de votre site Web.<\/li>\n<\/ul>\n<\/div><\/div>\n<\/div>\n\n<div class=\"et_pb_column_5 et_pb_column et_pb_column_1_2 et-last-child et_block_column et_pb_css_mix_blend_mode_passthrough\">\n<div class=\"et_pb_image_2 et_pb_image et_pb_module et_block_module preset--module--divi-image--default\"><span class=\"et_pb_image_wrap\"><img decoding=\"async\" src=\"https:\/\/www.applause.com\/wp-content\/uploads\/personen-testen-website-code_W585_Mfit.webp\" width=\"500\" height=\"438\" srcset=\"https:\/\/www.applause.com\/wp-content\/uploads\/personen-testen-website-code_W585_Mfit.webp 500w, https:\/\/www.applause.com\/wp-content\/uploads\/personen-testen-website-code_W585_Mfit-300x263.webp 300w\" sizes=\"(max-width: 500px) 100vw, 500px\" class=\"wp-image-58061\" alt=\"Les b\u00e9n\u00e9fices des tests de sites web avec Applause\" title=\"Les b\u00e9n\u00e9fices des tests de sites web avec Applause\" \/><\/span><\/div>\n<\/div>\n<\/div>\n<\/div>\n\n<div class=\"et_pb_section_3 et_pb_section et_section_regular et_block_section\">\n<div class=\"et_pb_row_3 et_pb_row et_block_row\">\n<div class=\"et_pb_column_6 et_pb_column et_pb_column_4_4 et-last-child et_block_column et_pb_css_mix_blend_mode_passthrough\">\n<div class=\"et_pb_blurb_0 et_pb_blurb et_pb_bg_layout_light et_pb_bg_layout_light_tabletWide et_pb_text_align_center et_pb_text_align_center-tabletWide et_pb_blurb_position_top et_pb_module et_block_module preset--module--divi-blurb--yz3hog1vi3\"><div class=\"et_pb_blurb_content\"><div class=\"et_pb_main_blurb_image\"><span class=\"et_pb_image_wrap et_pb_only_image_mode_wrap\"><img decoding=\"async\" src=\"https:\/\/www.applause.com\/wp-content\/uploads\/internet-brands.svg\" width=\"0\" height=\"0\" class=\"et_animated wp-image-64033\" alt=\"Internet Brands logo\" \/><\/span><\/div><div class=\"et_pb_blurb_container\"><div class=\"et_pb_blurb_description\"><p>\"Nous voulions \u00eatre capables de tester diff\u00e9rents navigateurs et plateformes de mani\u00e8re \u00e0 \u00e9conomiser du temps et de l\u2019argent. Gr\u00e2ce \u00e0 Applause, nous avons pu tester des projets ciblant certains pays ou r\u00e9gions sp\u00e9cifiques. Nous sommes ravis de la couverture de tests qu\u2019a pu nous offrir Applause.\"<\/p>\n<p><strong><cite>Allen Lin, responsable assurance qualit\u00e9 chez Internet Brands<\/cite><\/strong><\/p>\n<\/div><\/div><\/div><\/div>\n<\/div>\n<\/div>\n<\/div>\n\n<div class=\"et_pb_section_4 et_pb_section et_section_regular et_block_section\">\n<div class=\"et_pb_row_4 et_pb_row et_block_row\">\n<div class=\"et_pb_column_7 et_pb_column et_pb_column_4_4 et-last-child et_block_column et_pb_css_mix_blend_mode_passthrough\">\n<div class=\"et_pb_text_3 et_pb_text et_pb_bg_layout_light et_pb_module et_block_module section-heading-wide preset--module--divi-text--6cksqzi0qy\"><div class=\"et_pb_text_inner\"><h2 style=\"text-align: center;\">Pr\u00eat \u00e0 commencer ?<\/h2>\n<p style=\"text-align: center;\">Contactez-nous d\u00e8s aujourd\u2019hui afin que nous puissions vous aider \u00e0 offrir les exp\u00e9riences num\u00e9riques dignes d\u2019Applause que vos clients m\u00e9ritent.<\/p>\n<\/div><\/div>\n<\/div>\n<\/div>\n<\/div>\n\n<div class=\"et_pb_section_5 et_pb_section et_section_regular et_block_section\">\n<div class=\"et_pb_row_5 et_pb_row et_block_row\">\n<div class=\"et_pb_column_8 et_pb_column et_pb_column_1_2 et_block_column et_pb_css_mix_blend_mode_passthrough\">\n<div class=\"et_pb_text_4 et_pb_text et_pb_bg_layout_light et_pb_module et_block_module section-paragraph blue-subhead preset--module--divi-text--5aed21f5-56f5-4361-ae14-c13d137326fc\"><div class=\"et_pb_text_inner\"><ul>\n<li>La plus grande communaut\u00e9 mondiale de professionnels de l\u2019assurance qualit\u00e9, de chercheurs UX, de sp\u00e9cialistes du paiement et de l\u2019accessibilit\u00e9, de d\u00e9veloppeurs d\u2019automatisation, de SDET, d\u2019ing\u00e9nieurs et d\u2019autres testeurs qualifi\u00e9s<\/li>\n<li>Un acc\u00e8s \u00e0 des millions d\u2019appareils et de configurations r\u00e9els dans plus de 200 pays et territoires<\/li>\n<li>Une \u00e9quipe exp\u00e9riment\u00e9e pour surveiller les tests, fournir des conseils d\u2019am\u00e9lioration continue et fournir des rapports exploitables<\/li>\n<li>Disponibilit\u00e9 mondiale 24 heures sur 24, 7 jours sur 7 et 365 jours par an<\/li>\n<li>Int\u00e9gration transparente avec les flux de travail Agile et CI\/CD existants<\/li>\n<li>Approche hautement s\u00e9curis\u00e9e et prot\u00e9g\u00e9e, conforme aux meilleures pratiques en mati\u00e8re de s\u00e9curit\u00e9 de l\u2019information<\/li>\n<li>Expertise approfondie dans tous les secteurs et cas d\u2019utilisation<\/li>\n<\/ul>\n<\/div><\/div>\n<\/div>\n\n<div class=\"et_pb_column_9 et_pb_column et_pb_column_1_2 et-last-child et_block_column et_pb_css_mix_blend_mode_passthrough\">\n<div class=\"et_pb_text_5 et_pb_text et_pb_bg_layout_light et_pb_module et_block_module preset--group--divi-text--divi-font-body--default preset--module--divi-text--default\"><div class=\"et_pb_text_inner\"><form id=\"mktoForm_3152\"><div class=\"legend\"><span class=\"mktoAsterix\">*<\/span> Marque un champ obligatoire<\/div><\/form>\n<\/div><\/div>\n<\/div>\n<\/div>\n<\/div>\n\n<div class=\"et_pb_section_6 et_pb_section et_section_regular et_block_section\">\n<div class=\"et_pb_row_6 et_pb_row et_block_row\">\n<div class=\"et_pb_column_10 et_pb_column et_pb_column_4_4 et-last-child et_block_column et_pb_css_mix_blend_mode_passthrough\">\n<div class=\"et_pb_text_6 et_pb_text et_pb_bg_layout_light et_pb_module et_block_module preset--module--divi-text--97829db1-4e26-4955-99fc-cc9a3cacebb7\"><div class=\"et_pb_text_inner\"><h2>Explorez en profondeur la qualit\u00e9 num\u00e9rique<\/h2>\n<p>Des t\u00e9moignages de clients aux avis d\u2019experts, notre centre de ressources offre un aper\u00e7u plus approfondi de la mani\u00e8re dont nous abordons la qualit\u00e9 num\u00e9rique.<\/p>\n<\/div><\/div>\n\n<div class=\"et_pb_module et_pb_button_module_wrapper et_pb_button_0_wrapper preset--module--divi-button--6b919b5e-0d16-4353-97f2-ad779bd6668d_wrapper\"><a class=\"et_pb_button_0 et_pb_button et_pb_bg_layout_light et_pb_module et_block_module preset--module--divi-button--6b919b5e-0d16-4353-97f2-ad779bd6668d\" href=\"\/fr\/ressources\/\">Explorez le centre de ressources<\/a><\/div>\n<\/div>\n<\/div>\n<\/div>","protected":false},"excerpt":{"rendered":"","protected":false},"author":42,"featured_media":0,"parent":0,"menu_order":0,"comment_status":"closed","ping_status":"closed","template":"","meta":{"_acf_changed":false,"inline_featured_image":false,"footnotes":""},"categories":[323,392],"tags":[],"class_list":["post-37417","page","type-page","status-publish","hentry","category-solutions"],"acf":[],"_links":{"self":[{"href":"https:\/\/www.applause.com\/fr\/wp-json\/wp\/v2\/pages\/37417","targetHints":{"allow":["GET"]}}],"collection":[{"href":"https:\/\/www.applause.com\/fr\/wp-json\/wp\/v2\/pages"}],"about":[{"href":"https:\/\/www.applause.com\/fr\/wp-json\/wp\/v2\/types\/page"}],"author":[{"embeddable":true,"href":"https:\/\/www.applause.com\/fr\/wp-json\/wp\/v2\/users\/42"}],"replies":[{"embeddable":true,"href":"https:\/\/www.applause.com\/fr\/wp-json\/wp\/v2\/comments?post=37417"}],"version-history":[{"count":3,"href":"https:\/\/www.applause.com\/fr\/wp-json\/wp\/v2\/pages\/37417\/revisions"}],"predecessor-version":[{"id":154999,"href":"https:\/\/www.applause.com\/fr\/wp-json\/wp\/v2\/pages\/37417\/revisions\/154999"}],"wp:attachment":[{"href":"https:\/\/www.applause.com\/fr\/wp-json\/wp\/v2\/media?parent=37417"}],"wp:term":[{"taxonomy":"category","embeddable":true,"href":"https:\/\/www.applause.com\/fr\/wp-json\/wp\/v2\/categories?post=37417"},{"taxonomy":"post_tag","embeddable":true,"href":"https:\/\/www.applause.com\/fr\/wp-json\/wp\/v2\/tags?post=37417"}],"curies":[{"name":"wp","href":"https:\/\/api.w.org\/{rel}","templated":true}]}}