{"id":37407,"date":"2023-08-23T08:13:50","date_gmt":"2023-08-23T12:13:50","guid":{"rendered":"https:\/\/applause-wp2.local\/tests-securite\/"},"modified":"2026-04-29T10:54:53","modified_gmt":"2026-04-29T14:54:53","slug":"tests-securite","status":"publish","type":"page","link":"https:\/\/www.applause.com\/fr\/tests-securite\/","title":{"rendered":"Tests de s\u00e9curit\u00e9"},"content":{"rendered":"<div class=\"et_pb_section_0 et_pb_section et_section_regular et_block_section hero-section-v3 hero-section-blue\">\n<div class=\"et_pb_row_0 et_pb_row et_pb_equal_columns et_block_row\">\n<div class=\"et_pb_column_0 et_pb_column et_pb_column_3_5 et_block_column et_pb_css_mix_blend_mode_passthrough\">\n<div class=\"et_pb_heading_0 et_pb_heading et_pb_module et_block_module mini-blue-title preset--module--divi-heading--8r75zxphr1\"><div class=\"et_pb_heading_container\"><h1 class=\"et_pb_module_header\">TESTS DE S\u00c9CURIT\u00c9<\/h1><\/div><\/div>\n\n<div class=\"et_pb_text_0 et_pb_text et_pb_bg_layout_light et_pb_module et_block_module hero-heading preset--module--divi-text--16gm90elfm\"><div class=\"et_pb_text_inner\"><h2>\u00c9valuations de s\u00e9curit\u00e9 et tests dirig\u00e9s par des experts<\/h2>\n<p>Acc\u00e9dez \u00e0 des experts num\u00e9riques et proc\u00e9dez \u00e0 des tests avec des utilisateurs finaux du monde entier pour mieux anticiper les besoins des voyageurs et leur proposer des programmes qui favorisent leur fid\u00e9lisation.<\/p>\n<\/div><\/div>\n<\/div>\n\n<div class=\"et_pb_column_1 et_pb_column et_pb_column_2_5 et-last-child et_block_column et_pb_css_mix_blend_mode_passthrough\">\n<div class=\"et_pb_image_0 et_pb_image et_pb_module et_block_module no-lazyload preset--module--divi-image--default\"><span class=\"et_pb_image_wrap\"><img decoding=\"async\" src=\"https:\/\/www.applause.com\/wp-content\/uploads\/Hero-Security-French.webp\" width=\"780\" height=\"520\" srcset=\"https:\/\/www.applause.com\/wp-content\/uploads\/Hero-Security-French.webp 780w, https:\/\/www.applause.com\/wp-content\/uploads\/Hero-Security-French-480x320.webp 480w\" sizes=\"(min-width: 0px) and (max-width: 480px) 480px, (min-width: 481px) 780px, 100vw\" class=\"wp-image-140000\" alt=\"TESTS DE S\u00c9CURIT\u00c9\" title=\"TESTS DE S\u00c9CURIT\u00c9\" \/><\/span><\/div>\n<\/div>\n<\/div>\n<\/div>\n\n<div class=\"et_pb_section_1 et_pb_section et_section_regular et_block_section\">\n<div class=\"et_pb_row_1 et_pb_row et_block_row\">\n<div class=\"et_pb_column_2 et_pb_column et_pb_column_1_2 et_block_column et_pb_css_mix_blend_mode_passthrough\">\n<div class=\"et_pb_image_1 et_pb_image et_pb_module et_block_module preset--module--divi-image--default\"><span class=\"et_pb_image_wrap\"><img decoding=\"async\" src=\"https:\/\/www.applause.com\/wp-content\/uploads\/personnes-ordinateurs-portables-nuit-tests-securite_W585_Mfit.webp\" width=\"500\" height=\"422\" srcset=\"https:\/\/www.applause.com\/wp-content\/uploads\/personnes-ordinateurs-portables-nuit-tests-securite_W585_Mfit.webp 500w, https:\/\/www.applause.com\/wp-content\/uploads\/personnes-ordinateurs-portables-nuit-tests-securite_W585_Mfit-300x253.webp 300w\" sizes=\"(max-width: 500px) 100vw, 500px\" class=\"wp-image-61805\" alt=\"R\u00e9duisez efficacement les risques\" title=\"R\u00e9duisez efficacement les risques\" \/><\/span><\/div>\n<\/div>\n\n<div class=\"et_pb_column_3 et_pb_column et_pb_column_1_2 et-last-child et_block_column et_pb_css_mix_blend_mode_passthrough\">\n<div class=\"et_pb_text_1 et_pb_text et_pb_bg_layout_light et_pb_module et_block_module section-paragraph blue-subhead preset--module--divi-text--5aed21f5-56f5-4361-ae14-c13d137326fc\"><div class=\"et_pb_text_inner\"><h2>R\u00e9duisez efficacement les risques<\/h2>\n<h3>Acc\u00e9dez instantan\u00e9ment \u00e0 des experts en s\u00e9curit\u00e9.<\/h3>\n<p>Compte tenu de la fr\u00e9quence des cyberattaques, les tests de s\u00e9curit\u00e9 sont devenus une composante essentielle du cycle de d\u00e9veloppement. Les approches conventionnelles (\u00e0 savoir les outils d\u2019analyse de code et les \u00e9valuations de source unique) ne fournissent qu\u2019une image partielle du risque et de l\u2019exposition, et ont souvent du mal \u00e0 suivre les strat\u00e9gies nuisibles et toujours plus innovantes des pirates.<\/p>\n<p>Pour ses\u00a0<a href=\"https:\/\/www.applause.com\/fr\/tests-intrusion-entreprises\/\">tests d\u2019intrusion<\/a>, Applause peut compter sur une \u00e9quipe mondiale diversifi\u00e9e de pirates \u00e9thiques afin d\u2019identifier plus de vuln\u00e9rabilit\u00e9s que pour les tests d\u2019intrusion classiques. Appliquant des m\u00e9thodologies et des strat\u00e9gies de piratage courantes, les pirates \u00ab white-hat \u00bb d\u2019Applause fournissent une \u00e9valuation la plus authentique possible sur les risques afin de vous permettre de couvrir tous les sc\u00e9narios d\u2019attaque possibles, y compris les failles de logique m\u00e9tier que seul un expert en chair et en os peut d\u00e9couvrir, comblant ainsi le vide laiss\u00e9 par les tests de s\u00e9curit\u00e9 purement logiciels.<\/p>\n<\/div><\/div>\n<\/div>\n<\/div>\n<\/div>\n\n<div class=\"et_pb_section_2 et_pb_section et_section_regular et_block_section\">\n<div class=\"et_pb_row_2 et_pb_row et_block_row\">\n<div class=\"et_pb_column_4 et_pb_column et_pb_column_4_4 et-last-child et_block_column et_pb_css_mix_blend_mode_passthrough\">\n<div class=\"et_pb_text_2 et_pb_text et_pb_bg_layout_light et_pb_module et_block_module section-heading-wide preset--module--divi-text--6cksqzi0qy\"><div class=\"et_pb_text_inner\"><h2 class=\"title as-h2\">Les avantages des tests de s\u00e9curit\u00e9 avec Applause<\/h2>\n<p>D\u00e9couvrez des probl\u00e8mes de s\u00e9curit\u00e9 critiques non d\u00e9tect\u00e9s par d\u2019autres m\u00e9thodes \u2013 notamment ceux qui vous co\u00fbtent du temps, de l\u2019argent et nuisent \u00e0 la r\u00e9putation de votre marque.<\/p>\n<\/div><\/div>\n<\/div>\n<\/div>\n\n<div class=\"et_pb_row_3 et_pb_row et_pb_row_4col et_block_row et_block_row_4col\">\n<div class=\"et_pb_column_5 et_pb_column et_pb_column_1_4 et_block_column et_pb_css_mix_blend_mode_passthrough\">\n<div class=\"et_pb_blurb_0 et_pb_blurb et_pb_bg_layout_light et_pb_text_align_center et_pb_blurb_position_top et_pb_module et_block_module preset--group--divi-blurb--divi-font-body--default preset--module--divi-blurb--default\"><div class=\"et_pb_blurb_content\"><div class=\"et_pb_main_blurb_image\"><span class=\"et_pb_image_wrap et_pb_only_image_mode_wrap\"><img decoding=\"async\" src=\"https:\/\/www.applause.com\/wp-content\/uploads\/icon-study-owl-2.svg\" width=\"0\" height=\"0\" srcset=\"https:\/\/www.applause.com\/wp-content\/uploads\/icon-study-owl-2.svg 0w\" class=\"et_animated wp-image-67035\" alt=\"Des perspectives multiples\" \/><\/span><\/div><div class=\"et_pb_blurb_container\"><h4 class=\"et_pb_module_header\">Des perspectives multiples<\/h4><div class=\"et_pb_blurb_description\"><p>Chaque chercheur propose des strat\u00e9gies uniques pour identifier des failles de s\u00e9curit\u00e9<\/p>\n<\/div><\/div><\/div><\/div>\n<\/div>\n\n<div class=\"et_pb_column_6 et_pb_column et_pb_column_1_4 et_block_column et_pb_css_mix_blend_mode_passthrough\">\n<div class=\"et_pb_blurb_1 et_pb_blurb et_pb_bg_layout_light et_pb_text_align_center et_pb_blurb_position_top et_pb_module et_block_module preset--group--divi-blurb--divi-font-body--default preset--module--divi-blurb--default\"><div class=\"et_pb_blurb_content\"><div class=\"et_pb_main_blurb_image\"><span class=\"et_pb_image_wrap et_pb_only_image_mode_wrap\"><img decoding=\"async\" src=\"https:\/\/www.applause.com\/wp-content\/uploads\/icon-target-path-1.svg\" width=\"0\" height=\"0\" srcset=\"https:\/\/www.applause.com\/wp-content\/uploads\/icon-target-path-1.svg 0w\" class=\"et_animated wp-image-152656\" alt=\"Des r\u00e9sultats concrets\" \/><\/span><\/div><div class=\"et_pb_blurb_container\"><h4 class=\"et_pb_module_header\">Des r\u00e9sultats concrets<\/h4><div class=\"et_pb_blurb_description\"><p>Tous les tests incluent des rapports de bugs, une \u00e9valuation d\u00e9taill\u00e9e des risques et des mesures correctives<\/p>\n<\/div><\/div><\/div><\/div>\n<\/div>\n\n<div class=\"et_pb_column_7 et_pb_column et_pb_column_1_4 et_block_column et_pb_css_mix_blend_mode_passthrough\">\n<div class=\"et_pb_blurb_2 et_pb_blurb et_pb_bg_layout_light et_pb_text_align_center et_pb_blurb_position_top et_pb_module et_block_module preset--group--divi-blurb--divi-font-body--default preset--module--divi-blurb--default\"><div class=\"et_pb_blurb_content\"><div class=\"et_pb_main_blurb_image\"><span class=\"et_pb_image_wrap et_pb_only_image_mode_wrap\"><img decoding=\"async\" src=\"https:\/\/www.applause.com\/wp-content\/uploads\/icon-analytics-pie-2-1.svg\" width=\"0\" height=\"0\" srcset=\"https:\/\/www.applause.com\/wp-content\/uploads\/icon-analytics-pie-2-1.svg 0w\" class=\"et_animated wp-image-67031\" alt=\"Une plateforme s\u00e9curis\u00e9e\" \/><\/span><\/div><div class=\"et_pb_blurb_container\"><h4 class=\"et_pb_module_header\">Une plateforme s\u00e9curis\u00e9e<\/h4><div class=\"et_pb_blurb_description\"><p>Les r\u00e9sultats et conclusions sont h\u00e9berg\u00e9s de mani\u00e8re s\u00e9curis\u00e9e sur notre plateforme et transmis via des canaux chiffr\u00e9s<\/p>\n<\/div><\/div><\/div><\/div>\n<\/div>\n\n<div class=\"et_pb_column_8 et_pb_column et_pb_column_1_4 et-last-child et_block_column et_pb_css_mix_blend_mode_passthrough\">\n<div class=\"et_pb_blurb_3 et_pb_blurb et_pb_bg_layout_light et_pb_text_align_center et_pb_blurb_position_top et_pb_module et_block_module preset--group--divi-blurb--divi-font-body--default preset--module--divi-blurb--default\"><div class=\"et_pb_blurb_content\"><div class=\"et_pb_main_blurb_image\"><span class=\"et_pb_image_wrap et_pb_only_image_mode_wrap\"><img decoding=\"async\" src=\"https:\/\/www.applause.com\/wp-content\/uploads\/icon-desktop-monitor-lock-1-1.svg\" width=\"0\" height=\"0\" srcset=\"https:\/\/www.applause.com\/wp-content\/uploads\/icon-desktop-monitor-lock-1-1.svg 0w\" class=\"et_animated wp-image-152659\" alt=\"Un haut niveau d\u2019expertise\" \/><\/span><\/div><div class=\"et_pb_blurb_container\"><h4 class=\"et_pb_module_header\">Un haut niveau d\u2019expertise<\/h4><div class=\"et_pb_blurb_description\"><p>Une efficacit\u00e9 garantie gr\u00e2ce \u00e0 un haut niveau d\u2019expertise acquis lors de centaines de projets dans tous les secteurs<\/p>\n<\/div><\/div><\/div><\/div>\n<\/div>\n<\/div>\n<\/div>\n\n<div class=\"et_pb_section_3 et_pb_section et_section_regular et_block_section\">\n<div class=\"et_pb_row_4 et_pb_row et_block_row\">\n<div class=\"et_pb_column_9 et_pb_column et_pb_column_1_2 et_block_column et_pb_css_mix_blend_mode_passthrough\">\n<div class=\"et_pb_image_2 et_pb_image et_pb_module et_block_module preset--module--divi-image--default\"><span class=\"et_pb_image_wrap\"><img decoding=\"async\" src=\"https:\/\/www.applause.com\/wp-content\/uploads\/deux-personnes-regardent-ordinateur_W585_Mfit.webp\" width=\"500\" height=\"644\" srcset=\"https:\/\/www.applause.com\/wp-content\/uploads\/deux-personnes-regardent-ordinateur_W585_Mfit.webp 500w, https:\/\/www.applause.com\/wp-content\/uploads\/deux-personnes-regardent-ordinateur_W585_Mfit-233x300.webp 233w, https:\/\/www.applause.com\/wp-content\/uploads\/deux-personnes-regardent-ordinateur_W585_Mfit-400x516.webp 400w\" sizes=\"(max-width: 500px) 100vw, 500px\" class=\"wp-image-57805\" alt=\"Pour des tests de s\u00e9curit\u00e9 plus efficaces\" title=\"Pour des tests de s\u00e9curit\u00e9 plus efficaces\" \/><\/span><\/div>\n<\/div>\n\n<div class=\"et_pb_column_10 et_pb_column et_pb_column_1_2 et-last-child et_block_column et_pb_css_mix_blend_mode_passthrough\">\n<div class=\"et_pb_text_3 et_pb_text et_pb_bg_layout_light et_pb_module et_block_module section-paragraph blue-subhead preset--module--divi-text--5aed21f5-56f5-4361-ae14-c13d137326fc\"><div class=\"et_pb_text_inner\"><h2>Pour des tests de s\u00e9curit\u00e9 plus efficaces<\/h2>\n<p>Bien que les tests de s\u00e9curit\u00e9 puissent \u00eatre intimidants, gr\u00e2ce \u00e0 notre exp\u00e9rience et \u00e0 l\u2019\u00e9tendue de nos connaissances, vous n\u2019aurez plus \u00e0 vous inqui\u00e9ter. Nous n\u2019invitons que les chercheurs \u00e9valu\u00e9s individuellement par notre expert m\u00e9tier. De plus, en r\u00e9mun\u00e9rant g\u00e9n\u00e9reusement nos chercheurs pour chaque faille identifi\u00e9e, nous les incitons \u00e0 vous envoyer rapidement des r\u00e9sultats approfondis. En bref, nous allons vous pirater bien avant les pirates et exposer les failles bien avant qu\u2019on ne puisse les exploiter.<\/p>\n<p>Les tests de s\u00e9curit\u00e9 d\u2019Applause commencent par des tests par rapport aux normes et directives du secteur (comme le top 10 des risques Web et mobiles de l\u2019OWASP). Combin\u00e9es \u00e0 des tests de s\u00e9curit\u00e9 exploratoires compl\u00e9mentaires, nos \u00e9valuations couvrent tous les sc\u00e9narios d\u2019attaque r\u00e9els. Tous les probl\u00e8mes d\u00e9tect\u00e9s sont consign\u00e9s, puis class\u00e9s par type d\u2019attaque (injection de code SQL, cross-site scripting et failles de logique m\u00e9tier). Une fois les tests termin\u00e9s, un rapport complet contenant une \u00e9valuation des risques, ainsi que les failles d\u00e9couvertes et les mesures \u00e0 prendre pour les corriger et les \u00e9viter \u00e0 l\u2019avenir, est fourni.<\/p>\n<\/div><\/div>\n<\/div>\n<\/div>\n<\/div>\n\n<div class=\"et_pb_section_4 et_pb_section et_section_regular et_block_section\">\n<div class=\"et_pb_row_5 et_pb_row et_block_row\">\n<div class=\"et_pb_column_11 et_pb_column et_pb_column_1_2 et_block_column et_pb_css_mix_blend_mode_passthrough\">\n<div class=\"et_pb_text_4 et_pb_text et_pb_bg_layout_light et_pb_module et_block_module section-paragraph blue-subhead preset--module--divi-text--5aed21f5-56f5-4361-ae14-c13d137326fc\"><div class=\"et_pb_text_inner\"><h2 class=\"title as-h2\">Vous avez des inqui\u00e9tudes en mati\u00e8re de s\u00e9curit\u00e9 ?<\/h2>\n<p class=\"last:tw-mb-0\">Nous sommes \u00e0 votre disposition pour vous montrer comment les tests de s\u00e9curit\u00e9 participatifs g\u00e9n\u00e8rent de bien meilleurs r\u00e9sultats que les m\u00e9thodes traditionnelles. Il suffit de remplir le formulaire ci-dessous, et de rejoindre les milliers de clients Applause qui ont pu :<\/p>\n<ul>\n<li><strong>R\u00e9duire les risques:<\/strong><span>\u00a0<\/span>gr\u00e2ce \u00e0 une d\u00e9marche de testing plus r\u00e9currente et exhaustive.<\/li>\n<li><strong>Prot\u00e9ger les donn\u00e9es client:<\/strong><span>\u00a0<\/span>en faisant de la s\u00e9curit\u00e9 une de leurs forces plut\u00f4t qu\u2019une faiblesse.<\/li>\n<li><strong>R\u00e9duire les co\u00fbts:<\/strong><span>\u00a0<\/span>en faisant appel \u00e0 un groupe ajustable et distribu\u00e9 de chercheurs.<\/li>\n<\/ul>\n<\/div><\/div>\n<\/div>\n\n<div class=\"et_pb_column_12 et_pb_column et_pb_column_1_2 et-last-child et_block_column et_pb_css_mix_blend_mode_passthrough\">\n<div class=\"et_pb_text_5 et_pb_text et_pb_bg_layout_light et_pb_module et_block_module section-heading-wide preset--module--divi-text--6cksqzi0qy\"><div class=\"et_pb_text_inner\"><h2 class=\"title as-h2\"><span>Contactez-nous<\/span><\/h2>\n<hr>\n<\/div><\/div>\n\n<div class=\"et_pb_text_6 et_pb_text et_pb_bg_layout_light et_pb_module et_block_module preset--group--divi-text--divi-font-body--default preset--module--divi-text--default\"><div class=\"et_pb_text_inner\"><form id=\"mktoForm_3152\"><div class=\"legend\"><span class=\"mktoAsterix\">*<\/span> Marque un champ obligatoire<\/div><\/form>\n<\/div><\/div>\n<\/div>\n<\/div>\n<\/div>\n\n<div class=\"et_pb_section_5 et_pb_section et_section_regular et_block_section preset--module--divi-section--bhcb6jxywh\">\n<div class=\"et_pb_row_6 et_pb_row et_block_row preset--module--divi-row--61zcgfi1e0\">\n<div class=\"et_pb_column_13 et_pb_column et-last-child et_block_column et_pb_css_mix_blend_mode_passthrough et_flex_column_24_24 et_flex_column_24_24_tablet et_flex_column_24_24_phone et_flex_column_24_24_phoneWide et_flex_column_24_24_tabletWide et_flex_column_24_24_widescreen et_flex_column_24_24_ultraWide\">\n<div class=\"et_pb_text_7 et_pb_text et_pb_bg_layout_light et_pb_module et_block_module preset--module--divi-text--97829db1-4e26-4955-99fc-cc9a3cacebb7\"><div class=\"et_pb_text_inner\"><h2>Explorez en profondeur la qualit\u00e9 num\u00e9rique<\/h2>\n<p>Des t\u00e9moignages de clients aux avis d\u2019experts, notre centre de ressources offre un aper\u00e7u plus approfondi de la mani\u00e8re dont nous abordons la qualit\u00e9 num\u00e9rique.<\/p>\n<\/div><\/div>\n\n<div class=\"et_pb_module et_pb_button_module_wrapper et_pb_button_0_wrapper preset--module--divi-button--n0307jqe3u_wrapper\"><a class=\"et_pb_button_0 et_pb_button et_pb_bg_layout_light et_pb_module et_block_module preset--module--divi-button--n0307jqe3u\" href=\"\/fr\/ressources\/\">Explorez le centre de ressources<\/a><\/div>\n<\/div>\n<\/div>\n<\/div>","protected":false},"excerpt":{"rendered":"","protected":false},"author":42,"featured_media":0,"parent":0,"menu_order":0,"comment_status":"closed","ping_status":"closed","template":"","meta":{"_acf_changed":false,"inline_featured_image":false,"footnotes":""},"categories":[392],"tags":[],"class_list":["post-37407","page","type-page","status-publish","hentry","category-solutions"],"acf":[],"_links":{"self":[{"href":"https:\/\/www.applause.com\/fr\/wp-json\/wp\/v2\/pages\/37407","targetHints":{"allow":["GET"]}}],"collection":[{"href":"https:\/\/www.applause.com\/fr\/wp-json\/wp\/v2\/pages"}],"about":[{"href":"https:\/\/www.applause.com\/fr\/wp-json\/wp\/v2\/types\/page"}],"author":[{"embeddable":true,"href":"https:\/\/www.applause.com\/fr\/wp-json\/wp\/v2\/users\/42"}],"replies":[{"embeddable":true,"href":"https:\/\/www.applause.com\/fr\/wp-json\/wp\/v2\/comments?post=37407"}],"version-history":[{"count":3,"href":"https:\/\/www.applause.com\/fr\/wp-json\/wp\/v2\/pages\/37407\/revisions"}],"predecessor-version":[{"id":156329,"href":"https:\/\/www.applause.com\/fr\/wp-json\/wp\/v2\/pages\/37407\/revisions\/156329"}],"wp:attachment":[{"href":"https:\/\/www.applause.com\/fr\/wp-json\/wp\/v2\/media?parent=37407"}],"wp:term":[{"taxonomy":"category","embeddable":true,"href":"https:\/\/www.applause.com\/fr\/wp-json\/wp\/v2\/categories?post=37407"},{"taxonomy":"post_tag","embeddable":true,"href":"https:\/\/www.applause.com\/fr\/wp-json\/wp\/v2\/tags?post=37407"}],"curies":[{"name":"wp","href":"https:\/\/api.w.org\/{rel}","templated":true}]}}