{"id":37400,"date":"2023-08-23T08:11:28","date_gmt":"2023-08-23T12:11:28","guid":{"rendered":"https:\/\/applause-wp2.local\/tests-exploratoires\/"},"modified":"2026-04-29T10:23:02","modified_gmt":"2026-04-29T14:23:02","slug":"tests-exploratoires","status":"publish","type":"page","link":"https:\/\/www.applause.com\/fr\/tests-exploratoires\/","title":{"rendered":"Tests exploratoires"},"content":{"rendered":"<div class=\"et_pb_section_0 et_pb_section et_section_regular et_block_section hero-section-v3 hero-section-blue\">\n<div class=\"et_pb_row_0 et_pb_row et_pb_equal_columns et_block_row\">\n<div class=\"et_pb_column_0 et_pb_column et_pb_column_3_5 et_block_column et_pb_css_mix_blend_mode_passthrough\">\n<div class=\"et_pb_heading_0 et_pb_heading et_pb_module et_block_module preset--module--divi-heading--default\"><div class=\"et_pb_heading_container\"><h1 class=\"et_pb_module_header\">TESTS EXPLORATOIRES<\/h1><\/div><\/div>\n\n<div class=\"et_pb_text_0 et_pb_text et_pb_bg_layout_light et_pb_module et_block_module preset--group--divi-text--divi-font-body--default preset--module--divi-text--default\"><div class=\"et_pb_text_inner\"><h2>Obtenez des informations approfondies en dehors du parcours id\u00e9al<\/h2>\n<p>D\u00e9couvrez comment les applications et les sites web fonctionneront dans le monde r\u00e9el gr\u00e2ce \u00e0 des \u00e9tudes structur\u00e9es et non structur\u00e9es d\u00e9tectant les bugs \u00e0 un stade pr\u00e9coce et am\u00e9liorant la qualit\u00e9 globale de votre produit.<\/p>\n<\/div><\/div>\n<\/div>\n\n<div class=\"et_pb_column_1 et_pb_column et_pb_column_2_5 et-last-child et_block_column et_pb_css_mix_blend_mode_passthrough\">\n<div class=\"et_pb_image_0 et_pb_image et_pb_module et_block_module no-lazyload preset--module--divi-image--default\"><span class=\"et_pb_image_wrap\"><img decoding=\"async\" src=\"https:\/\/www.applause.com\/wp-content\/uploads\/Hero-Exploratory-Testing-French.webp\" width=\"780\" height=\"520\" srcset=\"https:\/\/www.applause.com\/wp-content\/uploads\/Hero-Exploratory-Testing-French.webp 780w, https:\/\/www.applause.com\/wp-content\/uploads\/Hero-Exploratory-Testing-French-480x320.webp 480w\" sizes=\"(min-width: 0px) and (max-width: 480px) 480px, (min-width: 481px) 780px, 100vw\" class=\"wp-image-140138\" alt=\"TESTS EXPLORATOIRES\" \/><\/span><\/div>\n<\/div>\n<\/div>\n<\/div>\n\n<div class=\"et_pb_section_1 et_pb_section et_section_regular et_block_section\">\n<div class=\"et_pb_row_1 et_pb_row et_block_row\">\n<div class=\"et_pb_column_2 et_pb_column et_pb_column_1_2 et_block_column et_pb_css_mix_blend_mode_passthrough\">\n<div class=\"et_pb_text_1 et_pb_text et_pb_bg_layout_light et_pb_module et_block_module section-paragraph blue-subhead preset--module--divi-text--5aed21f5-56f5-4361-ae14-c13d137326fc\"><div class=\"et_pb_text_inner\"><h2 class=\"title as-h2\">L'approche d'Applause en mati\u00e8re de tests exploratoires<\/h2>\n<div class=\"element-paragraphText\">\n<p dir=\"ltr\">Peu importe combien de code et de cas de test votre \u00e9quipe \u00e9crit, une fois que le produit sera lanc\u00e9, les clients l'utiliseront in\u00e9vitablement d'une mani\u00e8re diff\u00e9rente et inattendue.<\/p>\n<p>Avec les tests exploratoires d'Applause, notre communaut\u00e9 d\u00e9couvre des bugs critiques qui ne peuvent \u00eatre trouv\u00e9s que par une interaction humaine r\u00e9elle avec votre logiciel. Nous trouvons ces bugs pendant le cycle de d\u00e9veloppement afin que vos d\u00e9veloppeurs puissent effectuer des corrections \u00e0 temps, et lancer un produit de meilleure qualit\u00e9 d\u00e8s le d\u00e9but.<\/p>\n<p dir=\"ltr\">Avec Applause, vous pouvez mettre en place des tests en quelques heures pour :<\/p>\n<ul>\n<li dir=\"ltr\">\n<p dir=\"ltr\"><strong>N'importe quel appareil, n'importe quelle plateforme<span>\u00a0<\/span><\/strong>: Avec une communaut\u00e9 de 400 000 testeurs, il y a de fortes chances que les appareils et les platesformes que vous souhaitez tester soient disponibles et pr\u00eats \u00e0 fonctionner.<\/p>\n<\/li>\n<li dir=\"ltr\">\n<p dir=\"ltr\"><strong>N'importe quel pays<span>\u00a0<\/span><\/strong>: Avec plus de 190 pays et r\u00e9gions repr\u00e9sent\u00e9s au sein de notre communaut\u00e9, nous pouvons trouver des testeurs dans la zone g\u00e9ographique que vous visez.<\/p>\n<\/li>\n<li dir=\"ltr\">\n<p dir=\"ltr\"><strong>N'importe quel profil d\u00e9mographique<\/strong><span>\u00a0<\/span>: Testez avec des personnes qui correspondent exactement \u00e0 vos clients cibles. Si nous n'avons pas vos profils sp\u00e9cifiques imm\u00e9diatement disponibles dans notre communaut\u00e9, nous irons les chercher.<\/p>\n<\/li>\n<\/ul>\n<p dir=\"ltr\">Les tests exploratoires avec Applause sont faciles et r\u00e9alisables. Notre \u00e9quipe de services enverra votre version \u00e0 des testeurs Applause cibl\u00e9s et vous fournira des r\u00e9sultats de tests qualifi\u00e9s et hi\u00e9rarchis\u00e9s. Cela comprend des captures d'\u00e9cran, des explications sur le contexte dans lequel le bug s'est produit, et des indications pour trouver rapidement le bug et le corriger.<\/p>\n<\/div>\n<div class=\"element-paragraphText\"><\/div>\n<\/div><\/div>\n<\/div>\n\n<div class=\"et_pb_column_3 et_pb_column et_pb_column_1_2 et-last-child et_block_column et_pb_css_mix_blend_mode_passthrough\">\n<div class=\"et_pb_image_1 et_pb_image et_pb_module et_block_module preset--module--divi-image--default\"><span class=\"et_pb_image_wrap\"><img decoding=\"async\" src=\"https:\/\/www.applause.com\/wp-content\/uploads\/collage-exploratory-testing_W585_Mfit.webp\" width=\"500\" height=\"422\" srcset=\"https:\/\/www.applause.com\/wp-content\/uploads\/collage-exploratory-testing_W585_Mfit.webp 500w, https:\/\/www.applause.com\/wp-content\/uploads\/collage-exploratory-testing_W585_Mfit-300x253.webp 300w\" sizes=\"(max-width: 500px) 100vw, 500px\" class=\"wp-image-34430\" alt=\"L&amp;#39;approche d&amp;#39;Applause en mati\u00e8re de tests exploratoires\" title=\"L&amp;#39;approche d&amp;#39;Applause en mati\u00e8re de tests exploratoires\" \/><\/span><\/div>\n<\/div>\n<\/div>\n<\/div>\n\n<div class=\"et_pb_section_2 et_pb_section et_section_regular et_block_section\">\n<div class=\"et_pb_row_2 et_pb_row et_block_row\">\n<div class=\"et_pb_column_4 et_pb_column et_pb_column_1_2 et_block_column et_pb_css_mix_blend_mode_passthrough\">\n<div class=\"et_pb_image_2 et_pb_image et_pb_module et_block_module preset--module--divi-image--default\"><span class=\"et_pb_image_wrap\"><img decoding=\"async\" src=\"https:\/\/www.applause.com\/wp-content\/uploads\/img-exploratory-testing_W585_Mfit.webp\" width=\"500\" height=\"653\" srcset=\"https:\/\/www.applause.com\/wp-content\/uploads\/img-exploratory-testing_W585_Mfit.webp 500w, https:\/\/www.applause.com\/wp-content\/uploads\/img-exploratory-testing_W585_Mfit-230x300.webp 230w\" sizes=\"(max-width: 500px) 100vw, 500px\" class=\"wp-image-34426\" alt=\"Les avantages des tests exploratoires avec Applause\" title=\"Les avantages des tests exploratoires avec Applause\" \/><\/span><\/div>\n<\/div>\n\n<div class=\"et_pb_column_5 et_pb_column et_pb_column_1_2 et-last-child et_block_column et_pb_css_mix_blend_mode_passthrough\">\n<div class=\"et_pb_text_2 et_pb_text et_pb_bg_layout_light et_pb_module et_block_module section-paragraph blue-subhead preset--module--divi-text--5aed21f5-56f5-4361-ae14-c13d137326fc\"><div class=\"et_pb_text_inner\"><h2 class=\"title as-h2\">Les avantages des tests exploratoires avec Applause<\/h2>\n<div class=\"element-paragraphText\">\n<p>Les grandes marques qui s'associent \u00e0 Applause pour des tests exploratoires sont en mesure de :<\/p>\n<ul>\n<li><strong>Publier un code de haute qualit\u00e9 d\u00e8s le premier essai<span>\u00a0<\/span><\/strong>: ne stressez plus lorsque votre code est mis \u00e0 l'\u00e9preuve. Publiez en \u00e9tant certain que votre application est fonctionnelle et attrayante pour les clients cibl\u00e9s.<\/li>\n<li><strong>Augmenter la vitesse de d\u00e9veloppement :<\/strong><span>\u00a0<\/span>n'interrompez plus vos d\u00e9veloppeurs pour leur demander d'\u00e9crire une myriade de scripts de sc\u00e9narios de test ou de corriger des bugs en production. Laissez plut\u00f4t la communaut\u00e9 Applause de 300 000 testeurs trouver des bugs pour vous pendant que votre \u00e9quipe se concentre sur l'essentiel.<\/li>\n<li><strong>Offrir une exp\u00e9rience client de qualit\u00e9 sup\u00e9rieure :<\/strong><span>\u00a0<\/span>minimisez le nombre de bugs que vos clients rencontrent pour am\u00e9liorer leur engagement et, en fin de compte, augmenter vos revenus.<\/li>\n<li><strong>Acc\u00e9der \u00e0 n'importe quel appareil, n'importe quand, n'importe o\u00f9 :<span>\u00a0<\/span><\/strong>vous d\u00e9finissez le qui, quoi, o\u00f9, et quand des tests et nous trouverons des testeurs qui correspondent. Quel que soit le groupe cibl\u00e9 et le type d'application, Applause cr\u00e9era le cycle de test qui aidera au mieux votre \u00e9quipe d'ing\u00e9nieurs.<\/li>\n<\/ul>\n<\/div>\n<div class=\"element-paragraphText\"><\/div>\n<\/div><\/div>\n<\/div>\n<\/div>\n<\/div>\n\n<div class=\"et_pb_section_3 et_pb_section et_section_regular et_block_section\">\n<div class=\"et_pb_row_3 et_pb_row et_block_row\">\n<div class=\"et_pb_column_6 et_pb_column et_pb_column_4_4 et-last-child et_block_column et_pb_css_mix_blend_mode_passthrough\">\n<div class=\"et_pb_blurb_0 et_pb_blurb et_pb_bg_layout_light et_pb_text_align_center et_pb_blurb_position_top et_pb_module et_block_module preset--group--divi-blurb--divi-font-body--default preset--module--divi-blurb--default\"><div class=\"et_pb_blurb_content\"><div class=\"et_pb_main_blurb_image\"><span class=\"et_pb_image_wrap et_pb_only_image_mode_wrap\"><img decoding=\"async\" src=\"https:\/\/www.applause.com\/wp-content\/uploads\/blackberry.svg\" width=\"0\" height=\"0\" srcset=\"https:\/\/www.applause.com\/wp-content\/uploads\/blackberry.svg 0w\" class=\"et_animated wp-image-64033\" alt=\"BlackBerry\" \/><\/span><\/div><div class=\"et_pb_blurb_container\"><div class=\"et_pb_blurb_description\"><p>\"Un des facteurs qui a motiv\u00e9 notre envie de travailler avec Applause \u00e9tait l\u2019envie d\u2019am\u00e9liorer la qualit\u00e9 globale. Nous avions toujours des bugs ici ou l\u00e0, m\u00eame apr\u00e8s avoir \u00e9tendu notre p\u00e9rim\u00e8tre de test en interne. Applause nous a permis d\u2019atteindre le bon niveau d\u2019assurance qualit\u00e9 \u00e0 moindre co\u00fbt.\"<\/p>\n<p><span style=\"font-size: medium;\"><strong>Blackberry Workspaces<\/strong><\/span><\/p>\n<\/div><\/div><\/div><\/div>\n<\/div>\n<\/div>\n<\/div>\n\n<div class=\"et_pb_section_4 et_pb_section et_section_regular et_block_section\">\n<div class=\"et_pb_row_4 et_pb_row et_block_row\">\n<div class=\"et_pb_column_7 et_pb_column et_pb_column_4_4 et-last-child et_block_column et_pb_css_mix_blend_mode_passthrough\">\n<div class=\"et_pb_text_3 et_pb_text et_pb_bg_layout_light et_pb_module et_block_module section-heading-wide preset--module--divi-text--6cksqzi0qy\"><div class=\"et_pb_text_inner\"><h2 style=\"text-align: center;\">Pr\u00eat \u00e0 commencer ?<\/h2>\n<p style=\"text-align: center;\">Contactez-nous d\u00e8s aujourd\u2019hui afin que nous puissions vous aider \u00e0 offrir les exp\u00e9riences num\u00e9riques dignes d\u2019Applause que vos clients m\u00e9ritent.<\/p>\n<\/div><\/div>\n<\/div>\n<\/div>\n<\/div>\n\n<div class=\"et_pb_section_5 et_pb_section et_section_regular et_block_section\">\n<div class=\"et_pb_row_5 et_pb_row et_block_row\">\n<div class=\"et_pb_column_8 et_pb_column et_pb_column_1_2 et_block_column et_pb_css_mix_blend_mode_passthrough\">\n<div class=\"et_pb_text_4 et_pb_text et_pb_bg_layout_light et_pb_module et_block_module section-paragraph blue-subhead preset--module--divi-text--5aed21f5-56f5-4361-ae14-c13d137326fc\"><div class=\"et_pb_text_inner\"><ul>\n<li>La plus grande communaut\u00e9 mondiale de professionnels de l\u2019assurance qualit\u00e9, de chercheurs UX, de sp\u00e9cialistes du paiement et de l\u2019accessibilit\u00e9, de d\u00e9veloppeurs d\u2019automatisation, de SDET, d\u2019ing\u00e9nieurs et d\u2019autres testeurs qualifi\u00e9s<\/li>\n<li>Un acc\u00e8s \u00e0 des millions d\u2019appareils et de configurations r\u00e9els dans plus de 200 pays et territoires<\/li>\n<li>Une \u00e9quipe exp\u00e9riment\u00e9e pour surveiller les tests, fournir des conseils d\u2019am\u00e9lioration continue et fournir des rapports exploitables<\/li>\n<li>Disponibilit\u00e9 mondiale 24 heures sur 24, 7 jours sur 7 et 365 jours par an<\/li>\n<li>Int\u00e9gration transparente avec les flux de travail Agile et CI\/CD existants<\/li>\n<li>Approche hautement s\u00e9curis\u00e9e et prot\u00e9g\u00e9e, conforme aux meilleures pratiques en mati\u00e8re de s\u00e9curit\u00e9 de l\u2019information<\/li>\n<li>Expertise approfondie dans tous les secteurs et cas d\u2019utilisation<\/li>\n<\/ul>\n<\/div><\/div>\n<\/div>\n\n<div class=\"et_pb_column_9 et_pb_column et_pb_column_1_2 et-last-child et_block_column et_pb_css_mix_blend_mode_passthrough\">\n<div class=\"et_pb_text_5 et_pb_text et_pb_bg_layout_light et_pb_module et_block_module preset--group--divi-text--divi-font-body--default preset--module--divi-text--default\"><div class=\"et_pb_text_inner\"><form id=\"mktoForm_3152\"><div class=\"legend\"><span class=\"mktoAsterix\">*<\/span> Marque un champ obligatoire<\/div><\/form>\n<\/div><\/div>\n<\/div>\n<\/div>\n<\/div>\n\n<div class=\"et_pb_section_6 et_pb_section et_section_regular et_block_section\">\n<div class=\"et_pb_row_6 et_pb_row et_block_row\">\n<div class=\"et_pb_column_10 et_pb_column et_pb_column_4_4 et-last-child et_block_column et_pb_css_mix_blend_mode_passthrough\">\n<div class=\"et_pb_text_6 et_pb_text et_pb_bg_layout_light et_pb_module et_block_module preset--module--divi-text--97829db1-4e26-4955-99fc-cc9a3cacebb7\"><div class=\"et_pb_text_inner\"><h2>Explorez en profondeur la qualit\u00e9 num\u00e9rique<\/h2>\n<p>Des t\u00e9moignages de clients aux avis d\u2019experts, notre centre de ressources offre un aper\u00e7u plus approfondi de la mani\u00e8re dont nous abordons la qualit\u00e9 num\u00e9rique.<\/p>\n<\/div><\/div>\n\n<div class=\"et_pb_module et_pb_button_module_wrapper et_pb_button_0_wrapper preset--module--divi-button--6b919b5e-0d16-4353-97f2-ad779bd6668d_wrapper\"><a class=\"et_pb_button_0 et_pb_button et_pb_bg_layout_light et_pb_module et_block_module preset--module--divi-button--6b919b5e-0d16-4353-97f2-ad779bd6668d\" href=\"\/fr\/ressources\/\">Explorez le centre de ressources<\/a><\/div>\n<\/div>\n<\/div>\n<\/div>","protected":false},"excerpt":{"rendered":"","protected":false},"author":42,"featured_media":0,"parent":0,"menu_order":0,"comment_status":"closed","ping_status":"closed","template":"","meta":{"_acf_changed":false,"inline_featured_image":false,"footnotes":""},"categories":[392],"tags":[],"class_list":["post-37400","page","type-page","status-publish","hentry","category-solutions"],"acf":[],"_links":{"self":[{"href":"https:\/\/www.applause.com\/fr\/wp-json\/wp\/v2\/pages\/37400","targetHints":{"allow":["GET"]}}],"collection":[{"href":"https:\/\/www.applause.com\/fr\/wp-json\/wp\/v2\/pages"}],"about":[{"href":"https:\/\/www.applause.com\/fr\/wp-json\/wp\/v2\/types\/page"}],"author":[{"embeddable":true,"href":"https:\/\/www.applause.com\/fr\/wp-json\/wp\/v2\/users\/42"}],"replies":[{"embeddable":true,"href":"https:\/\/www.applause.com\/fr\/wp-json\/wp\/v2\/comments?post=37400"}],"version-history":[{"count":1,"href":"https:\/\/www.applause.com\/fr\/wp-json\/wp\/v2\/pages\/37400\/revisions"}],"predecessor-version":[{"id":156319,"href":"https:\/\/www.applause.com\/fr\/wp-json\/wp\/v2\/pages\/37400\/revisions\/156319"}],"wp:attachment":[{"href":"https:\/\/www.applause.com\/fr\/wp-json\/wp\/v2\/media?parent=37400"}],"wp:term":[{"taxonomy":"category","embeddable":true,"href":"https:\/\/www.applause.com\/fr\/wp-json\/wp\/v2\/categories?post=37400"},{"taxonomy":"post_tag","embeddable":true,"href":"https:\/\/www.applause.com\/fr\/wp-json\/wp\/v2\/tags?post=37400"}],"curies":[{"name":"wp","href":"https:\/\/api.w.org\/{rel}","templated":true}]}}