{"id":37177,"date":"2023-08-23T06:51:16","date_gmt":"2023-08-23T10:51:16","guid":{"rendered":"https:\/\/applause-wp2.local\/partenariats\/"},"modified":"2026-04-02T10:54:13","modified_gmt":"2026-04-02T14:54:13","slug":"partenariats","status":"publish","type":"page","link":"https:\/\/www.applause.com\/fr\/partenariats\/","title":{"rendered":"Des partenariats qui permettent \u00e0 nos clients de\u2026"},"content":{"rendered":"<div class=\"et_pb_section_0 et_pb_section et_section_regular et_block_section\">\n<div class=\"et_pb_row_0 et_pb_row et_pb_equal_columns et_block_row\">\n<div class=\"et_pb_column_0 et_pb_column et_pb_column_4_4 et-last-child et_block_column et_pb_css_mix_blend_mode_passthrough\">\n<div class=\"et_pb_text_0 et_pb_text et_pb_bg_layout_light et_pb_module et_block_module preset--group--divi-text--divi-font-body--default preset--module--divi-text--default\"><div class=\"et_pb_text_inner\"><h1>Partenariats<\/h1>\n<p>Les partenaires se tournent vers Applause pour b\u00e9n\u00e9ficier d'avis authentiques et concrets, d'une couverture et d'une qualit\u00e9 in\u00e9gal\u00e9es, \u00e0 grande \u00e9chelle, pour leurs clients \u00e0 l'\u00e8re du num\u00e9rique.<\/p>\n<\/div><\/div>\n<\/div>\n<\/div>\n<\/div>\n\n<div class=\"et_pb_section_1 et_pb_section et_section_regular et_block_section\">\n<div class=\"et_pb_row_1 et_pb_row et_block_row\">\n<div class=\"et_pb_column_1 et_pb_column et_pb_column_1_2 et_block_column et_pb_css_mix_blend_mode_passthrough\">\n<div class=\"et_pb_text_1 et_pb_text et_pb_bg_layout_light et_pb_module et_block_module section-paragraph blue-subhead preset--module--divi-text--5aed21f5-56f5-4361-ae14-c13d137326fc\"><div class=\"et_pb_text_inner\"><h2>Au-del\u00e0 de l'assurance qualit\u00e9 classique : ajoutez de la vitesse, une certaine \u00e9volutivit\u00e9 et de la flexibilit\u00e9 avec Applause<\/h2>\n<h3>B\u00e9n\u00e9ficiez du soutien d'\u00e9quipes d'experts en tests num\u00e9riques \u00e0 l'\u00e9chelle mondiale pour compl\u00e9ter vos capacit\u00e9s<\/h3>\n<p>L'approche disruptive d'Applause en mati\u00e8re de tests et de qualit\u00e9 offre une vitesse, une \u00e9volutivit\u00e9 et une flexibilit\u00e9 in\u00e9gal\u00e9es. Nous renfor\u00e7ons les offres d'assurance qualit\u00e9 et les capacit\u00e9s de test de nos partenaires avec un acc\u00e8s 24h\/24, 7j\/7 et 365j\/an \u00e0 des solutions de test globales qui s'int\u00e8grent de mani\u00e8re transparente dans leurs syst\u00e8mes et processus existants. Nous \u00e9tendons la capacit\u00e9 et la port\u00e9e de notre partenaire, non seulement pour fournir un avis sur la fonctionnalit\u00e9 d'une application, mais aussi pour garantir un avis authentique, agr\u00e9g\u00e9 et r\u00e9el du point de vue de l'utilisateur cible par une marque. Nous le faisons en toute circonstance, qu'il s'agisse du pays, de la langue locale ou de la configuration de l'appareil, ainsi que sous l'angle d'un grand nombre de donn\u00e9es d\u00e9mographiques et psychographiques. Aucune autre entreprise ne peut fournir une telle richesse d'informations et d'apprentissages essentiels \u00e0 la vitesse \u00e0 laquelle nous g\u00e9n\u00e9rons ces r\u00e9sultats.<\/p>\n<\/div><\/div>\n<\/div>\n\n<div class=\"et_pb_column_2 et_pb_column et_pb_column_1_2 et-last-child et_block_column et_pb_css_mix_blend_mode_passthrough\">\n<div class=\"et_pb_image_0 et_pb_image et_pb_module et_block_module preset--module--divi-image--default\"><span class=\"et_pb_image_wrap\"><img decoding=\"async\" src=\"https:\/\/www.applause.com\/wp-content\/uploads\/mkt5770-partnerships-portrait.jpg\" width=\"585\" height=\"831\" srcset=\"https:\/\/www.applause.com\/wp-content\/uploads\/mkt5770-partnerships-portrait.jpg 585w, https:\/\/www.applause.com\/wp-content\/uploads\/mkt5770-partnerships-portrait-480x682.jpg 480w\" sizes=\"(min-width: 0px) and (max-width: 480px) 480px, (min-width: 481px) 585px, 100vw\" class=\"wp-image-106313\" title=\"mkt5770-partnerships-portrait\" \/><\/span><\/div>\n<\/div>\n<\/div>\n<\/div>\n\n<div class=\"et_pb_section_2 et_pb_section et_section_regular et_block_section\">\n<div class=\"et_pb_row_2 et_pb_row et_block_row\">\n<div class=\"et_pb_column_3 et_pb_column et_pb_column_4_4 et-last-child et_block_column et_pb_css_mix_blend_mode_passthrough\">\n<div class=\"et_pb_text_2 et_pb_text et_pb_bg_layout_light et_pb_module et_block_module section-heading-wide preset--module--divi-text--6cksqzi0qy\"><div class=\"et_pb_text_inner\"><h2 class=\"title as-h2\">Pourquoi collaborer avec Applause ?<\/h2>\n<p>Notre approche innovante des tests et de la qualit\u00e9 permet aux clients de b\u00e9n\u00e9ficier d'une rapidit\u00e9, d'une \u00e9volutivit\u00e9 et d'une flexibilit\u00e9 in\u00e9gal\u00e9es. Nous servons d'extension aux \u00e9quipes de test de nos partenaires, en nous int\u00e9grant de mani\u00e8re transparente dans les syst\u00e8mes et processus existants.<\/p>\n<\/div><\/div>\n<\/div>\n<\/div>\n\n<div class=\"et_pb_row_3 et_pb_row et_pb_gutters2 et_block_row\">\n<div class=\"et_pb_column_4 et_pb_column et_pb_column_1_3 et_block_column et_pb_css_mix_blend_mode_passthrough\">\n<div class=\"et_pb_blurb_0 et_pb_blurb et_pb_bg_layout_light et_pb_text_align_center et_pb_blurb_position_top et_pb_module et_block_module preset--module--divi-blurb--default\"><div class=\"et_pb_blurb_content\"><div class=\"et_pb_main_blurb_image\"><span class=\"et_pb_image_wrap et_pb_only_image_mode_wrap\"><img decoding=\"async\" src=\"https:\/\/www.applause.com\/wp-content\/uploads\/Currency-Dollar-Increase-Streamline-Streamline-3.0.svg\" width=\"0\" height=\"0\" srcset=\"https:\/\/www.applause.com\/wp-content\/uploads\/Currency-Dollar-Increase-Streamline-Streamline-3.0.svg 0w\" class=\"wp-image-106301\" \/><\/span><\/div><div class=\"et_pb_blurb_container\"><h4 class=\"et_pb_module_header\">\u00c9voluez facilement sans investissement en capital<\/h4><div class=\"et_pb_blurb_description\"><p>D\u00e9veloppez votre impact au sein du cycle de d\u00e9veloppement durable (SDLC) et renforcez votre pr\u00e9sence sur le march\u00e9 des tests, qui conna\u00eet une croissance rapide.<\/p>\n<\/div><\/div><\/div><\/div>\n<\/div>\n\n<div class=\"et_pb_column_5 et_pb_column et_pb_column_1_3 et_block_column et_pb_css_mix_blend_mode_passthrough\">\n<div class=\"et_pb_blurb_1 et_pb_blurb et_pb_bg_layout_light et_pb_text_align_center et_pb_blurb_position_top et_pb_module et_block_module preset--module--divi-blurb--default\"><div class=\"et_pb_blurb_content\"><div class=\"et_pb_main_blurb_image\"><span class=\"et_pb_image_wrap et_pb_only_image_mode_wrap\"><img decoding=\"async\" src=\"https:\/\/www.applause.com\/wp-content\/uploads\/Messages-People-User-Star-Streamline-Streamline-3.0.svg\" width=\"0\" height=\"0\" srcset=\"https:\/\/www.applause.com\/wp-content\/uploads\/Messages-People-User-Star-Streamline-Streamline-3.0.svg 0w\" class=\"wp-image-106297\" \/><\/span><\/div><div class=\"et_pb_blurb_container\"><h4 class=\"et_pb_module_header\">Une meilleure fid\u00e9lisation des clients<\/h4><div class=\"et_pb_blurb_description\"><p>Optimisez vos solutions en acc\u00e9dant \u00e0 la suite compl\u00e8te de solutions num\u00e9riques de test de qualit\u00e9 d'Applause, en d\u00e9couvrant des opportunit\u00e9s d'am\u00e9lioration et d'efficacit\u00e9.<\/p>\n<\/div><\/div><\/div><\/div>\n<\/div>\n\n<div class=\"et_pb_column_6 et_pb_column et_pb_column_1_3 et-last-child et_block_column et_pb_css_mix_blend_mode_passthrough\">\n<div class=\"et_pb_blurb_2 et_pb_blurb et_pb_bg_layout_light et_pb_text_align_center et_pb_blurb_position_top et_pb_module et_block_module preset--module--divi-blurb--default\"><div class=\"et_pb_blurb_content\"><div class=\"et_pb_main_blurb_image\"><span class=\"et_pb_image_wrap et_pb_only_image_mode_wrap\"><img decoding=\"async\" src=\"https:\/\/www.applause.com\/wp-content\/uploads\/Human-Resources-Hierarchy-1-Streamline-Streamline-3.0.svg\" width=\"0\" height=\"0\" srcset=\"https:\/\/www.applause.com\/wp-content\/uploads\/Human-Resources-Hierarchy-1-Streamline-Streamline-3.0.svg 0w\" class=\"wp-image-106293\" \/><\/span><\/div><div class=\"et_pb_blurb_container\"><h4 class=\"et_pb_module_header\">Augmentez la capacit\u00e9 et la flexibilit\u00e9 de l'assurance qualit\u00e9<\/h4><div class=\"et_pb_blurb_description\"><p>Profitez des comp\u00e9tences de l'\u00e9quipe d'Applause pour maintenir la v\u00e9locit\u00e9 des publications et r\u00e9duire les erreurs sans augmenter les effectifs.<\/p>\n<\/div><\/div><\/div><\/div>\n<\/div>\n<\/div>\n<\/div>\n\n<div class=\"et_pb_section_3 et_pb_section et_section_regular et_block_section\">\n<div class=\"et_pb_row_4 et_pb_row et_block_row\">\n<div class=\"et_pb_column_7 et_pb_column et_pb_column_1_2 et_block_column et_pb_css_mix_blend_mode_passthrough\">\n<div class=\"et_pb_image_1 et_pb_image et_pb_module et_block_module preset--module--divi-image--default\"><span class=\"et_pb_image_wrap\"><img decoding=\"async\" src=\"https:\/\/www.applause.com\/wp-content\/uploads\/mkt5770-partnerships-single-one.jpg\" width=\"500\" height=\"350\" srcset=\"https:\/\/www.applause.com\/wp-content\/uploads\/mkt5770-partnerships-single-one.jpg 500w, https:\/\/www.applause.com\/wp-content\/uploads\/mkt5770-partnerships-single-one-480x336.jpg 480w\" sizes=\"(min-width: 0px) and (max-width: 480px) 480px, (min-width: 481px) 500px, 100vw\" class=\"wp-image-106977\" title=\"mkt5770-partnerships-single-one\" \/><\/span><\/div>\n<\/div>\n\n<div class=\"et_pb_column_8 et_pb_column et_pb_column_1_2 et-last-child et_block_column et_pb_css_mix_blend_mode_passthrough\">\n<div class=\"et_pb_text_3 et_pb_text et_pb_bg_layout_light et_pb_module et_block_module section-paragraph blue-subhead preset--module--divi-text--5aed21f5-56f5-4361-ae14-c13d137326fc\"><div class=\"et_pb_text_inner\"><h2>Partenaire de publication de confiance<\/h2>\n<p>Applause est le partenaire de confiance de nombreuses entreprises de technologie et de services parmi les plus reconnues et les plus innovantes au monde. Nous fournissons \u00e0 nos partenaires une approche innovante qui aide leurs clients \u00e0 :<br \/>\n&nbsp;<\/p>\n<ul>\n<li>Augmenter la vitesse des tests avec des \u00e9quipes de testeurs \u00e9volutives disponibles dans le monde entier 24 heures sur 24 et 7 jours sur 7<\/li>\n<li>Obtenir des capacit\u00e9s de test exploratoire et des sc\u00e9narios de test impossibles \u00e0 r\u00e9aliser en laboratoire<\/li>\n<li>Assurer une qualit\u00e9 de produit constante dans tous les pays gr\u00e2ce \u00e0 une localisation fiable<\/li>\n<li>Reproduire les parcours clients sur diff\u00e9rents points de contact num\u00e9riques et\/ou physiques<\/li>\n<li>Identifier les points de friction qui peuvent conduire \u00e0 une perte de client\u00e8le<\/li>\n<\/ul>\n<\/div><\/div>\n<\/div>\n<\/div>\n<\/div>\n\n<div class=\"et_pb_section_4 et_pb_section et_section_regular et_block_section\">\n<div class=\"et_pb_row_5 et_pb_row et_block_row\">\n<div class=\"et_pb_column_9 et_pb_column et_pb_column_1_2 et_block_column et_pb_css_mix_blend_mode_passthrough\">\n<div class=\"et_pb_text_4 et_pb_text et_pb_bg_layout_light et_pb_module et_block_module section-paragraph blue-subhead preset--module--divi-text--5aed21f5-56f5-4361-ae14-c13d137326fc\"><div class=\"et_pb_text_inner\"><h2>Avantages du programme partenaire<\/h2>\n<p>Applause propose des programmes d'assistance : les int\u00e9grateurs de syst\u00e8mes globaux et les sous-traitants, les agences de d\u00e9veloppement d'applications et les fournisseurs de technologie. Les partenaires ont acc\u00e8s \u00e0 une gamme d\u2019avantages g\u00e9n\u00e9rateurs de revenus, notamment :<br \/>\n&nbsp;<\/p>\n<ul>\n<li>Des incitations \u00e0 la vente conjointe pour acc\u00e9l\u00e9rer la croissance de l'entreprise<\/li>\n<li>Des opportunit\u00e9s de marketing commun par le biais de webinaires et d'\u00e9v\u00e9nements locaux pour les clients\/prospects<\/li>\n<li>Un soutien en mati\u00e8re de relations publiques par le biais de communiqu\u00e9s de presse conjoints et d'opportunit\u00e9s de publication<\/li>\n<li>Une formation aux solutions pour vos \u00e9quipes internes<\/li>\n<li>L'acquisition et la conqu\u00eate de nouveaux clients par le biais de sessions de planification de comptes conjointes<\/li>\n<\/ul>\n<\/div><\/div>\n<\/div>\n\n<div class=\"et_pb_column_10 et_pb_column et_pb_column_1_2 et-last-child et_block_column et_pb_css_mix_blend_mode_passthrough\">\n<div class=\"et_pb_image_2 et_pb_image et_pb_module et_block_module preset--module--divi-image--default\"><span class=\"et_pb_image_wrap\"><img decoding=\"async\" src=\"https:\/\/www.applause.com\/wp-content\/uploads\/mkt5770-partnerships-single-two.jpg\" width=\"500\" height=\"350\" srcset=\"https:\/\/www.applause.com\/wp-content\/uploads\/mkt5770-partnerships-single-two.jpg 500w, https:\/\/www.applause.com\/wp-content\/uploads\/mkt5770-partnerships-single-two-480x336.jpg 480w\" sizes=\"(min-width: 0px) and (max-width: 480px) 480px, (min-width: 481px) 500px, 100vw\" class=\"wp-image-106972\" title=\"mkt5770-partnerships-single-two\" \/><\/span><\/div>\n<\/div>\n<\/div>\n<\/div>\n\n<div class=\"et_pb_section_5 et_pb_section et_section_regular et_block_section\">\n<div class=\"et_pb_row_6 et_pb_row et_block_row\">\n<div class=\"et_pb_column_11 et_pb_column et_pb_column_4_4 et-last-child et_block_column et_pb_css_mix_blend_mode_passthrough\">\n<div class=\"et_pb_blurb_3 et_pb_blurb et_pb_bg_layout_light et_pb_text_align_center et_pb_blurb_position_top et_pb_module et_block_module preset--group--divi-blurb--divi-font-body--default preset--module--divi-blurb--default\"><div class=\"et_pb_blurb_content\"><div class=\"et_pb_main_blurb_image\"><span class=\"et_pb_image_wrap et_pb_only_image_mode_wrap\"><img decoding=\"async\" src=\"https:\/\/www.applause.com\/wp-content\/uploads\/amdocs.svg\" width=\"0\" height=\"0\" srcset=\"https:\/\/www.applause.com\/wp-content\/uploads\/amdocs.svg 0w\" class=\"wp-image-63904\" \/><\/span><\/div><div class=\"et_pb_blurb_container\"><div class=\"et_pb_blurb_description\"><p><span style=\"font-weight: 400;\">\u00ab Gr\u00e2ce \u00e0 Applause, nous pouvons d\u00e9sormais fournir le service d'assurance qualit\u00e9 de l'exp\u00e9rience utilisateur le plus complet disponible sur le march\u00e9 pour notre secteur d'activit\u00e9 \u00bb.<\/span><span style=\"font-weight: 400;\">\u00a0<\/span><\/p>\n<p><strong>- Dror Avrilingi, responsable de l'ing\u00e9nierie de la qualit\u00e9 au niveau international, Amdocs<\/strong><\/p>\n<\/div><\/div><\/div><\/div>\n<\/div>\n<\/div>\n<\/div>\n\n<div class=\"et_pb_section_6 et_pb_section et_section_regular et_block_section\">\n<div class=\"et_pb_row_7 et_pb_row et_block_row\">\n<div class=\"et_pb_column_12 et_pb_column et_pb_column_4_4 et-last-child et_block_column et_pb_css_mix_blend_mode_passthrough\">\n<div class=\"et_pb_text_5 et_pb_text et_pb_bg_layout_light et_pb_module et_block_module section-heading-wide preset--module--divi-text--6cksqzi0qy\"><div class=\"et_pb_text_inner\"><h2>Devenez partenaire<\/h2>\n<p>Associez-vous \u00e0 Applause pour aider vos clients \u00e0 fournir des ressources et des exp\u00e9riences num\u00e9riques de qualit\u00e9 exceptionnelle. Acc\u00e9dez \u00e0 notre main-d'\u0153uvre qualifi\u00e9e pour soutenir les initiatives num\u00e9riques de vos clients et lancez-les plus rapidement, en toute confiance. Contactez-nous pour en savoir plus d\u00e8s aujourd'hui.<\/p>\n<\/div><\/div>\n\n<div class=\"et_pb_text_6 et_pb_text et_pb_bg_layout_light et_pb_module et_block_module preset--group--divi-text--divi-font-body--default preset--module--divi-text--default\"><div class=\"et_pb_text_inner\"><form id=\"mktoForm_3169\"><div class=\"legend\"><span class=\"mktoAsterix\">*<\/span> Marque un champ obligatoire<\/div><\/form>\n<\/div><\/div>\n<\/div>\n<\/div>\n<\/div>","protected":false},"excerpt":{"rendered":"","protected":false},"author":42,"featured_media":0,"parent":0,"menu_order":0,"comment_status":"closed","ping_status":"closed","template":"","meta":{"_acf_changed":false,"inline_featured_image":false,"footnotes":""},"categories":[322,384],"tags":[],"class_list":["post-37177","page","type-page","status-publish","hentry","category-main-pages"],"acf":[],"_links":{"self":[{"href":"https:\/\/www.applause.com\/fr\/wp-json\/wp\/v2\/pages\/37177","targetHints":{"allow":["GET"]}}],"collection":[{"href":"https:\/\/www.applause.com\/fr\/wp-json\/wp\/v2\/pages"}],"about":[{"href":"https:\/\/www.applause.com\/fr\/wp-json\/wp\/v2\/types\/page"}],"author":[{"embeddable":true,"href":"https:\/\/www.applause.com\/fr\/wp-json\/wp\/v2\/users\/42"}],"replies":[{"embeddable":true,"href":"https:\/\/www.applause.com\/fr\/wp-json\/wp\/v2\/comments?post=37177"}],"version-history":[{"count":2,"href":"https:\/\/www.applause.com\/fr\/wp-json\/wp\/v2\/pages\/37177\/revisions"}],"predecessor-version":[{"id":155110,"href":"https:\/\/www.applause.com\/fr\/wp-json\/wp\/v2\/pages\/37177\/revisions\/155110"}],"wp:attachment":[{"href":"https:\/\/www.applause.com\/fr\/wp-json\/wp\/v2\/media?parent=37177"}],"wp:term":[{"taxonomy":"category","embeddable":true,"href":"https:\/\/www.applause.com\/fr\/wp-json\/wp\/v2\/categories?post=37177"},{"taxonomy":"post_tag","embeddable":true,"href":"https:\/\/www.applause.com\/fr\/wp-json\/wp\/v2\/tags?post=37177"}],"curies":[{"name":"wp","href":"https:\/\/api.w.org\/{rel}","templated":true}]}}