{"id":37174,"date":"2023-08-23T06:49:51","date_gmt":"2023-08-23T10:49:51","guid":{"rendered":"https:\/\/applause-wp2.local\/industries-2\/"},"modified":"2026-04-22T11:22:26","modified_gmt":"2026-04-22T15:22:26","slug":"industries","status":"publish","type":"page","link":"https:\/\/www.applause.com\/fr\/industries\/","title":{"rendered":"Secteurs"},"content":{"rendered":"<div class=\"et_pb_section_0 et_pb_section et_section_regular et_block_section\">\n<div class=\"et_pb_row_0 et_pb_row et_pb_equal_columns et_block_row\">\n<div class=\"et_pb_column_0 et_pb_column et_pb_column_4_4 et-last-child et_block_column et_pb_css_mix_blend_mode_passthrough\">\n<div class=\"et_pb_text_0 et_pb_text et_pb_bg_layout_light et_pb_module et_block_module preset--group--divi-text--divi-font-body--default preset--module--divi-text--default\"><div class=\"et_pb_text_inner\"><h1>Solutions par secteur<\/h1>\n<p>Tirez parti de notre exp\u00e9rience et de notre expertise sectorielle pour tester et valider vos cas d'utilisation et workflows les plus complexes.<\/p>\n<\/div><\/div>\n<\/div>\n<\/div>\n<\/div>\n\n<div class=\"et_pb_section_1 et_pb_section et_section_regular et_block_section\" id=\"solutions-section\">\n<div class=\"et_pb_row_1 et_pb_row et_pb_gutters1 et_grid_row\">\n<div class=\"et_pb_column_1 et_pb_column et_block_column et_pb_css_mix_blend_mode_passthrough\">\n<div class=\"et_pb_blurb_0 et_pb_blurb et_pb_bg_layout_light et_pb_text_align_left et_pb_blurb_position_left et_clickable et_pb_module et_block_module hover solutions-block preset--module--divi-blurb--ed2ea845-65b7-42e9-944f-669d262198af\"><div class=\"et_pb_blurb_content\"><div class=\"et_pb_main_blurb_image\"><span class=\"et_pb_image_wrap et_pb_only_image_mode_wrap\"><img decoding=\"async\" src=\"https:\/\/www.applause.com\/wp-content\/uploads\/Shopping-Cart-Empty-1-1.svg\" width=\"24\" height=\"24\" srcset=\"https:\/\/www.applause.com\/wp-content\/uploads\/Shopping-Cart-Empty-1-1.svg 24w\" sizes=\"(max-width: 24px) 100vw, 24px\" class=\"et_animated wp-image-44596\" alt=\"Commerce de d\u00e9tail\" \/><\/span><\/div><div class=\"et_pb_blurb_container\"><h2 class=\"et_pb_module_header\">Commerce de d\u00e9tail<\/h2><div class=\"et_pb_blurb_description\"><p>Rapprochez-vous de vos acheteurs et gagnez en visibilit\u00e9 sur vos exp\u00e9riences client de bout en bout avec des testeurs qui correspondent aux donn\u00e9es d\u00e9mographiques de vos acheteurs. Obtenez les r\u00e9actions de vrais clients dans des environnements r\u00e9els tout au long de leurs exp\u00e9riences d'achat, en ligne et en magasin, y compris pour le click &amp; collect, le BNPL (Buy now pay later ou Achetez maintenant, Payez plus tard), les retours en magasins d\u2019achats en ligne et bien d'autres.<\/p>\n<\/div><\/div><\/div><\/div>\n<\/div>\n\n<div class=\"et_pb_column_2 et_pb_column et-last-child et_block_column et_pb_css_mix_blend_mode_passthrough\">\n<div class=\"et_pb_blurb_1 et_pb_blurb et_pb_bg_layout_light et_pb_text_align_left et_pb_blurb_position_left et_clickable et_pb_module et_block_module hover solutions-block preset--module--divi-blurb--ed2ea845-65b7-42e9-944f-669d262198af\"><div class=\"et_pb_blurb_content\"><div class=\"et_pb_main_blurb_image\"><span class=\"et_pb_image_wrap et_pb_only_image_mode_wrap\"><img decoding=\"async\" src=\"https:\/\/www.applause.com\/wp-content\/uploads\/Video-Player-Adjust-Finger.svg\" class=\"et_animated wp-image-33200\" alt=\"M\u00e9dia et divertissement\" \/><\/span><\/div><div class=\"et_pb_blurb_container\"><h2 class=\"et_pb_module_header\">M\u00e9dia et divertissement<\/h2><div class=\"et_pb_blurb_description\"><p>Que vous cherchiez \u00e0 lancer une nouvelle plateforme, \u00e0 valider un contenu, \u00e0 int\u00e9grer un nouveau march\u00e9 ou \u00e0 obtenir un aper\u00e7u des performances d'un appareil OTT dans des conditions r\u00e9elles, nous pouvons vous aider \u00e0 obtenir des informations essentielles pour am\u00e9liorer l'exp\u00e9rience globale de l'utilisateur.<\/p>\n<\/div><\/div><\/div><\/div>\n<\/div>\n<\/div>\n\n<div class=\"et_pb_row_2 et_pb_row et_pb_gutters1 et_grid_row\">\n<div class=\"et_pb_column_3 et_pb_column et_block_column et_pb_css_mix_blend_mode_passthrough\">\n<div class=\"et_pb_blurb_2 et_pb_blurb et_pb_bg_layout_light et_pb_text_align_left et_pb_blurb_position_left et_clickable et_pb_module et_block_module hover solutions-block preset--module--divi-blurb--ed2ea845-65b7-42e9-944f-669d262198af\"><div class=\"et_pb_blurb_content\"><div class=\"et_pb_main_blurb_image\"><span class=\"et_pb_image_wrap et_pb_only_image_mode_wrap\"><img decoding=\"async\" src=\"https:\/\/www.applause.com\/wp-content\/uploads\/Wireless-Payment-Credit-Card-Dollar.svg\" class=\"et_animated wp-image-33175\" alt=\"Finances\" \/><\/span><\/div><div class=\"et_pb_blurb_container\"><h2 class=\"et_pb_module_header\">Finances<\/h2><div class=\"et_pb_blurb_description\"><p>La confiance est essentielle pour les marques financi\u00e8res. De l'int\u00e9gration et de l'ouverture de compte, aux offres pertinentes et personnalis\u00e9es, assurez-vous que vos exp\u00e9riences num\u00e9riques mettent vos clients en confiance. Testez le parcours complet du client \u00e0 travers les points de contact num\u00e9riques et physiques.<\/p>\n<\/div><\/div><\/div><\/div>\n<\/div>\n\n<div class=\"et_pb_column_4 et_pb_column et-last-child et_block_column et_pb_css_mix_blend_mode_passthrough\">\n<div class=\"et_pb_blurb_3 et_pb_blurb et_pb_bg_layout_light et_pb_text_align_left et_pb_blurb_position_left et_clickable et_pb_module et_block_module hover solutions-block preset--module--divi-blurb--ed2ea845-65b7-42e9-944f-669d262198af\"><div class=\"et_pb_blurb_content\"><div class=\"et_pb_main_blurb_image\"><span class=\"et_pb_image_wrap et_pb_only_image_mode_wrap\"><img decoding=\"async\" src=\"https:\/\/www.applause.com\/wp-content\/uploads\/Plane-Take-Off.svg\" class=\"et_animated wp-image-33179\" alt=\"Tourisme\" \/><\/span><\/div><div class=\"et_pb_blurb_container\"><h2 class=\"et_pb_module_header\">Tourisme<\/h2><div class=\"et_pb_blurb_description\"><p>Vos clients sont-ils enti\u00e8rement satisfaits de vos exp\u00e9riences num\u00e9riques, ou pouvez-vous les am\u00e9liorer ? Obtenez des informations aupr\u00e8s de vrais utilisateurs du march\u00e9, sur de vraisappareils, dans de vrais sc\u00e9narios, pour vous assurer que les parcours de vos clients sont fluides.<\/p>\n<\/div><\/div><\/div><\/div>\n<\/div>\n<\/div>\n\n<div class=\"et_pb_row_3 et_pb_row et_pb_gutters1 et_grid_row\">\n<div class=\"et_pb_column_5 et_pb_column et_block_column et_pb_css_mix_blend_mode_passthrough\">\n<div class=\"et_pb_blurb_4 et_pb_blurb et_pb_bg_layout_light et_pb_text_align_left et_pb_blurb_position_left et_clickable et_pb_module et_block_module hover solutions-block preset--module--divi-blurb--ed2ea845-65b7-42e9-944f-669d262198af\"><div class=\"et_pb_blurb_content\"><div class=\"et_pb_main_blurb_image\"><span class=\"et_pb_image_wrap et_pb_only_image_mode_wrap\"><img decoding=\"async\" src=\"https:\/\/www.applause.com\/wp-content\/uploads\/Monitor-Heart-Beat.svg\" class=\"et_animated wp-image-33183\" alt=\"Sante\" \/><\/span><\/div><div class=\"et_pb_blurb_container\"><h2 class=\"et_pb_module_header\">Sant\u00e9<\/h2><div class=\"et_pb_blurb_description\"><p>Les consommateurs ont des attentes \u00e9lev\u00e9es pour les exp\u00e9riences de sant\u00e9 mobile et de t\u00e9l\u00e9m\u00e9decine ainsi que pour les appareils connect\u00e9s et applications de bien-\u00eatre. Montez des \u00e9quipes de test personnalis\u00e9es qui correspondent \u00e0 vos profils d'utilisateurs pour \u00e9valuer vos exp\u00e9riences num\u00e9riques sur les appareils et les sc\u00e9narios les plus importants.<\/p>\n<\/div><\/div><\/div><\/div>\n<\/div>\n\n<div class=\"et_pb_column_6 et_pb_column et-last-child et_block_column et_pb_css_mix_blend_mode_passthrough\">\n<div class=\"et_pb_blurb_5 et_pb_blurb et_pb_bg_layout_light et_pb_text_align_left et_pb_blurb_position_left et_clickable et_pb_module et_block_module hover solutions-block preset--module--divi-blurb--ed2ea845-65b7-42e9-944f-669d262198af\"><div class=\"et_pb_blurb_content\"><div class=\"et_pb_main_blurb_image\"><span class=\"et_pb_image_wrap et_pb_only_image_mode_wrap\"><img decoding=\"async\" src=\"https:\/\/www.applause.com\/wp-content\/uploads\/Casino-Winner-Chip.svg\" class=\"et_animated wp-image-33187\" alt=\"Paris sportifs et jeux\" \/><\/span><\/div><div class=\"et_pb_blurb_container\"><h2 class=\"et_pb_module_header\">Paris sportifs et jeux<\/h2><div class=\"et_pb_blurb_description\"><p>Avec nos \u00e9quipes de test sur le march\u00e9 qui correspondent aux profils de vos clients, vous pouvez \u00eatre s\u00fbr que vos exp\u00e9riences num\u00e9riques seront gagnantes \u00e0 tous les coups. Faites monter les ench\u00e8res pour vos parieurs avec des exp\u00e9riences de jeu et de paris sportifs en ligne toujours aussi excellentes, et r\u00e9duisez les risques en validant la technologie de g\u00e9olocalisation.<\/p>\n<\/div><\/div><\/div><\/div>\n<\/div>\n<\/div>\n\n<div class=\"et_pb_row_4 et_pb_row et_pb_gutters1 et_grid_row\">\n<div class=\"et_pb_column_7 et_pb_column et_block_column et_pb_css_mix_blend_mode_passthrough\">\n<div class=\"et_pb_blurb_6 et_pb_blurb et_pb_bg_layout_light et_pb_text_align_left et_pb_blurb_position_left et_clickable et_pb_module et_block_module hover solutions-block preset--module--divi-blurb--ed2ea845-65b7-42e9-944f-669d262198af\"><div class=\"et_pb_blurb_content\"><div class=\"et_pb_main_blurb_image\"><span class=\"et_pb_image_wrap et_pb_only_image_mode_wrap\"><img decoding=\"async\" src=\"https:\/\/www.applause.com\/wp-content\/uploads\/Phone-Chatting.svg\" class=\"et_animated wp-image-33191\" alt=\"Telecommunications\" \/><\/span><\/div><div class=\"et_pb_blurb_container\"><h2 class=\"et_pb_module_header\">T\u00e9l\u00e9communications<\/h2><div class=\"et_pb_blurb_description\"><p>Assurez une connectivit\u00e9 transparente pour chaque abonn\u00e9, \u00e0 tout moment, avec des \u00e9quipes de test sur le march\u00e9 utilisant de vrais appareils dans de vrais sc\u00e9narios. Nous aidons les ORM \u00e0 \u00e9tendre en toute confiance la couverture 5G, \u00e0 valider les exp\u00e9riences d'itin\u00e9rance internationale et \u00e0 assurer une connectivit\u00e9 transparente de l'Internet des Objets.<\/p>\n<\/div><\/div><\/div><\/div>\n<\/div>\n\n<div class=\"et_pb_column_8 et_pb_column et-last-child et_block_column et_pb_column_empty et_pb_css_mix_blend_mode_passthrough\"><\/div>\n<\/div>\n<\/div>","protected":false},"excerpt":{"rendered":"","protected":false},"author":42,"featured_media":0,"parent":0,"menu_order":0,"comment_status":"closed","ping_status":"closed","template":"","meta":{"_acf_changed":false,"inline_featured_image":false,"footnotes":""},"categories":[384],"tags":[],"class_list":["post-37174","page","type-page","status-publish","hentry","category-main-pages"],"acf":[],"_links":{"self":[{"href":"https:\/\/www.applause.com\/fr\/wp-json\/wp\/v2\/pages\/37174","targetHints":{"allow":["GET"]}}],"collection":[{"href":"https:\/\/www.applause.com\/fr\/wp-json\/wp\/v2\/pages"}],"about":[{"href":"https:\/\/www.applause.com\/fr\/wp-json\/wp\/v2\/types\/page"}],"author":[{"embeddable":true,"href":"https:\/\/www.applause.com\/fr\/wp-json\/wp\/v2\/users\/42"}],"replies":[{"embeddable":true,"href":"https:\/\/www.applause.com\/fr\/wp-json\/wp\/v2\/comments?post=37174"}],"version-history":[{"count":2,"href":"https:\/\/www.applause.com\/fr\/wp-json\/wp\/v2\/pages\/37174\/revisions"}],"predecessor-version":[{"id":156110,"href":"https:\/\/www.applause.com\/fr\/wp-json\/wp\/v2\/pages\/37174\/revisions\/156110"}],"wp:attachment":[{"href":"https:\/\/www.applause.com\/fr\/wp-json\/wp\/v2\/media?parent=37174"}],"wp:term":[{"taxonomy":"category","embeddable":true,"href":"https:\/\/www.applause.com\/fr\/wp-json\/wp\/v2\/categories?post=37174"},{"taxonomy":"post_tag","embeddable":true,"href":"https:\/\/www.applause.com\/fr\/wp-json\/wp\/v2\/tags?post=37174"}],"curies":[{"name":"wp","href":"https:\/\/api.w.org\/{rel}","templated":true}]}}