{"id":19653,"date":"2023-08-23T06:54:04","date_gmt":"2023-08-23T10:54:04","guid":{"rendered":"https:\/\/www.applause.com\/vista-equity-partners\/"},"modified":"2026-03-23T12:20:31","modified_gmt":"2026-03-23T16:20:31","slug":"vista-equity-partners","status":"publish","type":"page","link":"https:\/\/www.applause.com\/fr\/vista-equity-partners\/","title":{"rendered":"\u00c0 propos de Vista Equity Partners"},"content":{"rendered":"<div class=\"et_pb_section_0 et_pb_section et_section_regular et_block_section hero-section-v3 hero-section-blue\">\n<div class=\"et_pb_row_0 et_pb_row et_pb_equal_columns et_block_row\">\n<div class=\"et_pb_column_0 et_pb_column et_pb_column_3_5 et_block_column et_pb_css_mix_blend_mode_passthrough\">\n<div class=\"et_pb_heading_0 et_pb_heading et_pb_module et_block_module mini-blue-title preset--module--divi-heading--8r75zxphr1\"><div class=\"et_pb_heading_container\"><h1 class=\"et_pb_module_header\">Vista Equity Partners<\/h1><\/div><\/div>\n\n<div class=\"et_pb_text_0 et_pb_text et_pb_bg_layout_light et_pb_module et_block_module hero-heading preset--module--divi-text--16gm90elfm\"><div class=\"et_pb_text_inner\"><h2>Un partenariat qui inspire l'innovation<\/h2>\n<p>Applause a \u00e9t\u00e9 acquise par Vista Equity Partners en ao\u00fbt 2017, ce qui a depuis favoris\u00e9 la croissance et le d\u00e9veloppement de cette entreprise sp\u00e9cialis\u00e9e dans la qualit\u00e9 num\u00e9rique.<\/p>\n<\/div><\/div>\n<\/div>\n\n<div class=\"et_pb_column_1 et_pb_column et_pb_column_2_5 et-last-child et_block_column et_pb_css_mix_blend_mode_passthrough\">\n<div class=\"et_pb_image_0 et_pb_image et_pb_module et_block_module preset--module--divi-image--default\"><span class=\"et_pb_image_wrap\"><img decoding=\"async\" src=\"https:\/\/www.applause.com\/wp-content\/uploads\/Hero-Vista-Equity-Partners.jpg\" width=\"390\" height=\"260\" srcset=\"https:\/\/www.applause.com\/wp-content\/uploads\/Hero-Vista-Equity-Partners.jpg 390w, https:\/\/www.applause.com\/wp-content\/uploads\/Hero-Vista-Equity-Partners-300x200.jpg 300w\" sizes=\"(max-width: 390px) 100vw, 390px\" class=\"wp-image-138771\" alt=\"Un partenariat qui inspire l&amp;#39;innovation\" \/><\/span><\/div>\n<\/div>\n<\/div>\n<\/div>\n\n<div class=\"et_pb_section_1 et_pb_section et_section_regular et_block_section\">\n<div class=\"et_pb_row_1 et_pb_row et_block_row\">\n<div class=\"et_pb_column_2 et_pb_column et_pb_column_1_2 et_block_column et_pb_css_mix_blend_mode_passthrough\">\n<div class=\"et_pb_image_1 et_pb_image et_pb_module et_block_module preset--module--divi-image--default\"><span class=\"et_pb_image_wrap\"><img decoding=\"async\" src=\"https:\/\/www.applause.com\/wp-content\/uploads\/vista-equity-single_W585_Mfit.webp\" width=\"500\" height=\"619\" srcset=\"https:\/\/www.applause.com\/wp-content\/uploads\/vista-equity-single_W585_Mfit.webp 500w, https:\/\/www.applause.com\/wp-content\/uploads\/vista-equity-single_W585_Mfit-242x300.webp 242w\" sizes=\"(max-width: 500px) 100vw, 500px\" class=\"wp-image-52670\" alt=\"Le partenariat entre Applause et Vista Equity Partners\" title=\"vista-equity-single_W585_Mfit\" \/><\/span><\/div>\n<\/div>\n\n<div class=\"et_pb_column_3 et_pb_column et_pb_column_1_2 et-last-child et_block_column et_pb_css_mix_blend_mode_passthrough\">\n<div class=\"et_pb_text_1 et_pb_text et_pb_bg_layout_light et_pb_module et_block_module section-paragraph blue-subhead preset--module--divi-text--5aed21f5-56f5-4361-ae14-c13d137326fc\"><div class=\"et_pb_text_inner\"><h2 class=\"title as-h2\">Le partenariat entre Applause et Vista Equity Partners<\/h2>\n<div class=\"element-paragraphText\">\n<p>En ao\u00fbt 2017, Applause a annonc\u00e9 son acquisition par le fonds d\u2019investissement et leader du march\u00e9 mondial Vista Equity Partners. Faisant alors partie de son portefeuille global d\u2019entreprises, Applause a pu atteindre ses objectifs pour \u00e9tendre son leadership dans le secteur du test digital, offrant des retours utilisateurs exceptionnels \u00e0 ses clients et se positionnant comme pionnier de la technologie de tests gr\u00e2ce \u00e0 sa plateforme. L\u2019entreprise bas\u00e9e \u00e0 Framingham dans le Massachusetts avait consid\u00e9r\u00e9 d\u2019entrer en bourse avant l'investissement de Vista, et a travaill\u00e9 avec des investisseurs comme Goldman Sachs, QuestMark Partners et Scale Venture Partners, parmi d\u2019autres. En 2016, Accenture et le Cr\u00e9dit Suisse avaient \u00e9galement investi dans l\u2019entreprise de logiciels.<\/p>\n<p>Doron Reuveni, directeur g\u00e9n\u00e9ral et co-fondateur d\u2019Applause s\u2019est exprim\u00e9 \u00e0 propos de l\u2019acquisition : \u00ab C\u2019est une \u00e9tape cruciale pour Applause, une \u00e9tape qui valide notre mission : offrir au monde des exp\u00e9riences digitales parfaites. Notre approche de la conception de logiciel et de la qualit\u00e9, centr\u00e9e sur l\u2019humain, est devenue essentielle pour garantir que la technologie utilis\u00e9e dans le monde r\u00e9el fonctionne comme pr\u00e9vu pour ses utilisateurs. Alors que nous faisons entrer Applause dans sa prochaine \u00e9tape de croissance, nous sommes ravis de b\u00e9n\u00e9ficier des talents et de l\u2019expertise hors pair de Vista. \u00bb<\/p>\n<p>Depuis que Vista a acquis Applause, cette derni\u00e8re a pu \u00e9tendre ses capacit\u00e9s pour tester en temps r\u00e9el des applications et sites web r\u00e9pondant \u00e0 un besoin critique. Au d\u00e9but de la pand\u00e9mie de COVID-19, le minist\u00e8re isra\u00e9lien de la Sant\u00e9 a utilis\u00e9 le logiciel d'Applause et sa communaut\u00e9 de testeurs pour travailler sur son application de suivi des cas contacts. Cette application utilisait les donn\u00e9es GPS de t\u00e9l\u00e9phones portables afin d\u2019identifier rapidement et efficacement de potentielles zones d\u2019infection et informer leurs utilisateurs s\u2019ils avaient \u00e9t\u00e9 en contact avec une personne ayant re\u00e7u plus tard un diagnostic positif au COVID-19.<\/p>\n<p>Applause a \u00e9galement pu aider des professionnels de sant\u00e9 am\u00e9ricains pendant le d\u00e9clenchement de la pand\u00e9mie. De nombreux cabinets sont pass\u00e9s aux t\u00e9l\u00e9consultations pendant le confinement et nombre d\u2019entre eux ont utilis\u00e9 Applause pour tester \u00e0 distance leurs portails en ligne et chatbots sp\u00e9cifiques \u00e0 la COVID. Cela a permis de tester de mani\u00e8re s\u00e9curis\u00e9e et efficace les applications et sites Internet, sans besoin de contact en personne.<\/p>\n<\/div>\n<div class=\"element-paragraphText\"><\/div>\n<div class=\"element-paragraphText\"><\/div>\n<\/div><\/div>\n<\/div>\n<\/div>\n<\/div>\n\n<div class=\"et_pb_section_2 et_pb_section et_section_regular et_block_section\">\n<div class=\"et_pb_row_2 et_pb_row et_block_row\">\n<div class=\"et_pb_column_4 et_pb_column et_pb_column_1_2 et_block_column et_pb_css_mix_blend_mode_passthrough\">\n<div class=\"et_pb_text_2 et_pb_text et_pb_bg_layout_light et_pb_module et_block_module section-paragraph blue-subhead preset--module--divi-text--5aed21f5-56f5-4361-ae14-c13d137326fc\"><div class=\"et_pb_text_inner\"><h2 class=\"title as-h2\">\u00c0 propos de Vista Equity Partners<\/h2>\n<p><a href=\"https:\/\/www.facebook.com\/VistaEquityPartners\/\"><span style=\"font-weight: 400;\">Vista Equity Partners est une soci\u00e9t\u00e9 d'investissement<\/span><\/a><span style=\"font-weight: 400;\"> fond\u00e9e en 2000. La soci\u00e9t\u00e9 op\u00e8re depuis des bureaux situ\u00e9s \u00e0 Austin, Chicago, New York, Oakland et San Francisco. Vista investit exclusivement dans les logiciels d'entreprise, les donn\u00e9es et les entreprises technologiques, dans le but de les aider \u00e0 atteindre une croissance \u00e0 grande \u00e9chelle gr\u00e2ce \u00e0 sa plateforme d'investissement et \u00e0 son \u00e9cosyst\u00e8me technologique mondial. Les strat\u00e9gies de Vista comprennent le capital-investissement, le capital permanent, le capital public et le cr\u00e9dit. L'approche diff\u00e9renci\u00e9e de Vista en mati\u00e8re d'investissement dans les logiciels d'entreprise donne la priorit\u00e9 \u00e0 la cr\u00e9ation de valeur par le biais de la transformation op\u00e9rationnelle et vise \u00e0 produire des rendements r\u00e9guliers pour toutes les parties prenantes.<\/span><\/p>\n<p><span style=\"font-weight: 400;\">L'entreprise s'est engag\u00e9e \u00e0 apporter des changements positifs dans ses communaut\u00e9s locales ainsi qu'\u00e0 l'\u00e9chelle mondiale. En partenariat avec les partenaires corporatifs de Vista et plus de 50 organisations \u00e0 but non lucratif et groupes communautaires, l'entreprise soutient la promotion de l'\u00e9ducation STEM, de la litt\u00e9ratie financi\u00e8re et de l'accessibilit\u00e9 pour les femmes sur le march\u00e9 du travail. Ces partenariats \u00e0 long terme visent \u00e0 cr\u00e9er des opportunit\u00e9s pour les individus et les communaut\u00e9s marginalis\u00e9s, et \u00e0 encourager l'amour de l'apprentissage.<\/span><\/p>\n<p><span style=\"font-weight: 400;\">Vista s'est aussi engag\u00e9 \u00e0 r\u00e9duire les \u00e9missions de son portefeuille de capital-investissement et de capital permanent de 50 % d'ici 2030 et \u00e0 ne plus \u00e9mettre de gaz \u00e0 effet de serre pour l'ensemble de ce portefeuille d'ici 2050. Pour inciter \u00e0 l'action vers cet objectif, Vista a \u00e9tabli le Vista Climate Pledge lors de la Journ\u00e9e de la Terre 2022. En signant l'engagement, plus de 50 entreprises du portefeuille Vista ont convenu de mesurer leurs \u00e9missions de GES, de fixer un objectif interm\u00e9diaire de r\u00e9duction des \u00e9missions de GES et de r\u00e9duire et compenser leurs \u00e9missions de GES chaque ann\u00e9e.<\/span><\/p>\n<p><span style=\"font-weight: 400;\">En tant que signataire du <\/span><a href=\"https:\/\/www.businesswire.com\/news\/home\/20220520005071\/en\/Vista-Equity-Partners-Among-the-First-Major-U.S.-Private-Equity-Firms-to-Advance-Global-ESG-Strategy-with-Portfolio-Wide-Participation-in-Climate-Program\"><span style=\"font-weight: 400;\">Vista Climate Pledge<\/span><\/a><span style=\"font-weight: 400;\">, Applause a mesur\u00e9 ses \u00e9missions de GES chaque ann\u00e9e depuis 2019, a fix\u00e9 un objectif de r\u00e9duction provisoire et a compens\u00e9 ses \u00e9missions de GES.<\/span><\/p>\n<p><span style=\"font-weight: 400;\">Pour plus d'informations sur la mani\u00e8re dont les entreprises de Vista op\u00e8rent des changements transformateurs dans divers secteurs, connectez-vous \u00e0 <\/span><a href=\"https:\/\/www.youtube.com\/channel\/UC9cdOtpHph_JV5BAP-fH2bg\"><span style=\"font-weight: 400;\">Vista Equity Partners sur YouTube<\/span><\/a><span style=\"font-weight: 400;\">.<\/span><\/p>\n<\/div><\/div>\n<\/div>\n\n<div class=\"et_pb_column_5 et_pb_column et_pb_column_1_2 et-last-child et_block_column et_pb_css_mix_blend_mode_passthrough\">\n<div class=\"et_pb_image_2 et_pb_image et_pb_module et_block_module preset--module--divi-image--default\"><span class=\"et_pb_image_wrap\"><img decoding=\"async\" src=\"https:\/\/www.applause.com\/wp-content\/uploads\/vista-equity-collage_2021-06-11-131126_hpjn_W585_Mfit.webp\" width=\"450\" height=\"380\" srcset=\"https:\/\/www.applause.com\/wp-content\/uploads\/vista-equity-collage_2021-06-11-131126_hpjn_W585_Mfit.webp 450w, https:\/\/www.applause.com\/wp-content\/uploads\/vista-equity-collage_2021-06-11-131126_hpjn_W585_Mfit-300x253.webp 300w\" sizes=\"(max-width: 450px) 100vw, 450px\" class=\"wp-image-34001\" alt=\"\u00c0 propos de Vista Equity Partners\" title=\"vista-equity-collage_2021-06-11-131126_hpjn_W585_Mfit\" \/><\/span><\/div>\n<\/div>\n<\/div>\n<\/div>","protected":false},"excerpt":{"rendered":"","protected":false},"author":42,"featured_media":0,"parent":0,"menu_order":0,"comment_status":"closed","ping_status":"closed","template":"","meta":{"_acf_changed":false,"inline_featured_image":false,"footnotes":""},"categories":[322,384],"tags":[],"class_list":["post-19653","page","type-page","status-publish","hentry","category-main-pages"],"acf":[],"_links":{"self":[{"href":"https:\/\/www.applause.com\/fr\/wp-json\/wp\/v2\/pages\/19653","targetHints":{"allow":["GET"]}}],"collection":[{"href":"https:\/\/www.applause.com\/fr\/wp-json\/wp\/v2\/pages"}],"about":[{"href":"https:\/\/www.applause.com\/fr\/wp-json\/wp\/v2\/types\/page"}],"author":[{"embeddable":true,"href":"https:\/\/www.applause.com\/fr\/wp-json\/wp\/v2\/users\/42"}],"replies":[{"embeddable":true,"href":"https:\/\/www.applause.com\/fr\/wp-json\/wp\/v2\/comments?post=19653"}],"version-history":[{"count":1,"href":"https:\/\/www.applause.com\/fr\/wp-json\/wp\/v2\/pages\/19653\/revisions"}],"predecessor-version":[{"id":154970,"href":"https:\/\/www.applause.com\/fr\/wp-json\/wp\/v2\/pages\/19653\/revisions\/154970"}],"wp:attachment":[{"href":"https:\/\/www.applause.com\/fr\/wp-json\/wp\/v2\/media?parent=19653"}],"wp:term":[{"taxonomy":"category","embeddable":true,"href":"https:\/\/www.applause.com\/fr\/wp-json\/wp\/v2\/categories?post=19653"},{"taxonomy":"post_tag","embeddable":true,"href":"https:\/\/www.applause.com\/fr\/wp-json\/wp\/v2\/tags?post=19653"}],"curies":[{"name":"wp","href":"https:\/\/api.w.org\/{rel}","templated":true}]}}