{"id":19649,"date":"2023-08-23T06:50:10","date_gmt":"2023-08-23T10:50:10","guid":{"rendered":"https:\/\/www.applause.com\/offres-d-emploi\/"},"modified":"2026-04-23T11:17:08","modified_gmt":"2026-04-23T15:17:08","slug":"offres-d-emploi","status":"publish","type":"page","link":"https:\/\/www.applause.com\/fr\/offres-d-emploi\/","title":{"rendered":"Offres d&#8217;emploi"},"content":{"rendered":"<div class=\"et_pb_section_0 et_pb_section et_section_regular et_block_section\">\n<div class=\"et_pb_row_0 et_pb_row et_pb_equal_columns et_block_row\">\n<div class=\"et_pb_column_0 et_pb_column et_pb_column_4_4 et-last-child et_block_column et_pb_css_mix_blend_mode_passthrough\">\n<div class=\"et_pb_text_0 et_pb_text et_pb_bg_layout_light et_pb_module et_block_module preset--group--divi-text--divi-font-body--default preset--module--divi-text--default\"><div class=\"et_pb_text_inner\"><h1>Offres d'emploi<\/h1>\n<p>Nous sommes toujours \u00e0 la recherche de nouveaux talents. D\u00e9veloppez votre carri\u00e8re dans un environnement collaboratif \u00e0 la pointe de l'innovation. D\u00e9couvrez les offres ci-dessous.<\/p>\n<\/div><\/div>\n<\/div>\n<\/div>\n<\/div>\n\n<div class=\"et_pb_section_1 et_pb_section et_section_regular et_block_section\">\n<div class=\"et_pb_row_1 et_pb_row et_block_row\">\n<div class=\"et_pb_column_1 et_pb_column et_pb_column_4_4 et-last-child et_block_column et_pb_css_mix_blend_mode_passthrough\">\n<div class=\"et_pb_text_1 et_pb_text et_pb_bg_layout_light et_pb_module et_block_module section-heading-wide preset--module--divi-text--6cksqzi0qy\"><div class=\"et_pb_text_inner\"><h2 class=\"title as-h2\">Proc\u00e9dure de recrutement<\/h2>\n<p><span>Envoie-nous ta candidature en incluant ton CV, tes disponibilit\u00e9s et tes attentes salariales. Nous v\u00e9rifierons ton profil imm\u00e9diatement et te r\u00e9pondrons dans les 5 jours ouvrables avec un premier feedback. Selon le poste \u00e0 pourvoir, notre processus de recrutement prend environ 4 \u00e0 6 semaines.<\/span><\/p>\n<\/div><\/div>\n<\/div>\n<\/div>\n\n<div class=\"et_pb_row_2 et_pb_row et_flex_row section-icon-blocks\">\n<div class=\"et_pb_column_2 et_pb_column et-last-child et_block_column et_pb_css_mix_blend_mode_passthrough et_flex_column_24_24 et_flex_column_24_24_tablet et_flex_column_24_24_phone et_flex_column_24_24_phoneWide et_flex_column_24_24_tabletWide et_flex_column_24_24_widescreen et_flex_column_24_24_ultraWide\">\n<div class=\"et_pb_blurb_0 et_pb_blurb et_pb_bg_layout_light et_pb_text_align_center et_pb_blurb_position_top et_pb_module et_block_module preset--group--divi-blurb--divi-font-body--default preset--module--divi-blurb--default\"><div class=\"et_pb_blurb_content\"><div class=\"et_pb_main_blurb_image\"><span class=\"et_pb_image_wrap et_pb_only_image_mode_wrap\"><img decoding=\"async\" src=\"https:\/\/www.applause.com\/wp-content\/uploads\/icon-speech-bubbles-1.svg\" width=\"82\" height=\"80\" srcset=\"https:\/\/www.applause.com\/wp-content\/uploads\/icon-speech-bubbles-1.svg 82w\" sizes=\"(max-width: 82px) 100vw, 82px\" class=\"et_animated wp-image-49609\" \/><\/span><\/div><div class=\"et_pb_blurb_container\"><h4 class=\"et_pb_module_header\">Premier entretien<\/h4><div class=\"et_pb_blurb_description\"><p>Une premi\u00e8re conversation avec l\u2019\u00e9quipe RH<\/p>\n<\/div><\/div><\/div><\/div>\n\n<div class=\"et_pb_blurb_1 et_pb_blurb et_pb_bg_layout_light et_pb_text_align_center et_pb_blurb_position_top et_pb_module et_block_module preset--group--divi-blurb--divi-font-body--default preset--module--divi-blurb--default\"><div class=\"et_pb_blurb_content\"><div class=\"et_pb_main_blurb_image\"><span class=\"et_pb_image_wrap et_pb_only_image_mode_wrap\"><img decoding=\"async\" src=\"https:\/\/www.applause.com\/wp-content\/uploads\/icon-websites.svg\" width=\"84\" height=\"79\" srcset=\"https:\/\/www.applause.com\/wp-content\/uploads\/icon-websites.svg 84w\" sizes=\"(max-width: 84px) 100vw, 84px\" class=\"et_animated wp-image-49613\" \/><\/span><\/div><div class=\"et_pb_blurb_container\"><h4 class=\"et_pb_module_header\">Test en ligne<\/h4><div class=\"et_pb_blurb_description\"><p>Un test de logique de 30 minutes \u00e0 passer en ligne<\/p>\n<\/div><\/div><\/div><\/div>\n\n<div class=\"et_pb_blurb_2 et_pb_blurb et_pb_bg_layout_light et_pb_text_align_center et_pb_blurb_position_top et_pb_module et_block_module preset--group--divi-blurb--divi-font-body--default preset--module--divi-blurb--default\"><div class=\"et_pb_blurb_content\"><div class=\"et_pb_main_blurb_image\"><span class=\"et_pb_image_wrap et_pb_only_image_mode_wrap\"><img decoding=\"async\" src=\"https:\/\/www.applause.com\/wp-content\/uploads\/icon-speech-bubbles.svg\" width=\"82\" height=\"80\" srcset=\"https:\/\/www.applause.com\/wp-content\/uploads\/icon-speech-bubbles.svg 82w\" sizes=\"(max-width: 82px) 100vw, 82px\" class=\"et_animated wp-image-49617\" \/><\/span><\/div><div class=\"et_pb_blurb_container\"><h4 class=\"et_pb_module_header\">Second entretien<\/h4><div class=\"et_pb_blurb_description\"><p>Une conversation avec ta future \u00e9quipe<\/p>\n<\/div><\/div><\/div><\/div>\n\n<div class=\"et_pb_blurb_3 et_pb_blurb et_pb_bg_layout_light et_pb_text_align_center et_pb_blurb_position_top et_pb_module et_block_module preset--group--divi-blurb--divi-font-body--default preset--module--divi-blurb--default\"><div class=\"et_pb_blurb_content\"><div class=\"et_pb_main_blurb_image\"><span class=\"et_pb_image_wrap et_pb_only_image_mode_wrap\"><img decoding=\"async\" src=\"https:\/\/www.applause.com\/wp-content\/uploads\/icon-business.svg\" width=\"79\" height=\"79\" srcset=\"https:\/\/www.applause.com\/wp-content\/uploads\/icon-business.svg 79w\" sizes=\"(max-width: 79px) 100vw, 79px\" class=\"et_animated wp-image-49605\" \/><\/span><\/div><div class=\"et_pb_blurb_container\"><h4 class=\"et_pb_module_header\">Workshop<\/h4><div class=\"et_pb_blurb_description\"><p>Un workshop de 2 heures avec la pr\u00e9sentation d\u2019une \u00e9tude de cas<\/p>\n<\/div><\/div><\/div><\/div>\n\n<div class=\"et_pb_blurb_4 et_pb_blurb et_pb_bg_layout_light et_pb_text_align_center et_pb_blurb_position_top et_pb_module et_block_module preset--group--divi-blurb--divi-font-body--default preset--module--divi-blurb--default\"><div class=\"et_pb_blurb_content\"><div class=\"et_pb_main_blurb_image\"><span class=\"et_pb_image_wrap et_pb_only_image_mode_wrap\"><img decoding=\"async\" src=\"https:\/\/www.applause.com\/wp-content\/uploads\/icon-checklist.svg\" width=\"72\" height=\"80\" srcset=\"https:\/\/www.applause.com\/wp-content\/uploads\/icon-checklist.svg 72w\" sizes=\"(max-width: 72px) 100vw, 72px\" class=\"et_animated wp-image-49601\" \/><\/span><\/div><div class=\"et_pb_blurb_container\"><h4 class=\"et_pb_module_header\">Offre<\/h4><div class=\"et_pb_blurb_description\"><p>Nous faisons une offre et le cas \u00e9ch\u00e9ant, lan\u00e7ons les d\u00e9marches pour le Visa et l\u2019aide au d\u00e9m\u00e9nagement<\/p>\n<\/div><\/div><\/div><\/div>\n<\/div>\n<\/div>\n<\/div>\n\n<div class=\"et_pb_section_2 et_pb_section et_section_regular et_block_section\">\n<div class=\"et_pb_row_3 et_pb_row et_block_row\">\n<div class=\"et_pb_column_3 et_pb_column et_pb_column_4_4 et-last-child et_block_column et_pb_css_mix_blend_mode_passthrough\">\n<div class=\"et_pb_text_2 et_pb_text et_pb_bg_layout_light et_pb_module et_block_module section-heading-wide preset--module--divi-text--6cksqzi0qy\"><div class=\"et_pb_text_inner\"><h2 align=\"center\" class=\"title as-h2\">D\u00e9couvrez nos opportunit\u00e9s<\/h2>\n<\/div><\/div>\n\n<div class=\"et_pb_code_0 et_pb_code et_pb_module\"><div class=\"et_pb_code_inner\"><script type=\"text\/javascript\" name=\"hirebridge-script\">var hirebridge_client = '7866';var hirebridge_conf = {\"filters\":[\"search\",\"company\",\"brand\",\"department\",\"location\",\"group\",\"sort\"],\"valuesFilter\":[],\"isOptionsFilter\":0,\"optionsFilter\":[],\"description\":\"50\",\"top\":\"0\",\"itempage\":\"10\",\"showtitle\":true,\"groupBy\":0,\"groupByDisabled\":false,\"sortBy\":0,\"sortByDisabled\":false,\"font\":\"\",\"h3font\":\"\",\"fontsize\":\"\",\"btnfont\":\"\",\"btncolor\":\"3084D3\",\"btncolorhover\":\"FFFFFF\",\"btnfontcolor\":\"FFFFFF\",\"btnfontcolorhover\":\"3084D3\",\"btnsize\":\"hrbr-btn-sm\",\"linkcolor\":\"000000\",\"linkcolorhover\":\"3084D3\",\"formbackgroundcolor\":\"FFFFFF\"};var hirebridge_lang = {\n'details': \"D\u00e9tails de l'offre\",\n'new': 'Nouveau',\n'apply': 'Postuler',\n'all': 'Voir toutes les offres',\n'email': 'Envoyer par e-mail',\n'title': 'Liste des offres',\n'id': 'ID'\n};(function() {var hirebridge = document.createElement('script');hirebridge.type = 'text\/javascript';hirebridge.async = true;hirebridge.src = 'https:\/\/' + 'hirebridge.com\/assets\/portal10\/js\/hirebridge.js?v=1.16';var s = document.getElementsByTagName('script')[0];s.parentNode.insertBefore(hirebridge, s);})();(function() {var hirebridge_css = document.createElement('link');hirebridge_css.type = 'text\/css';hirebridge_css.href = 'https:\/\/hirebridge.com\/assets\/portal10\/css\/hirebridge.css';hirebridge_css.rel = 'stylesheet';document.head.appendChild(hirebridge_css);})();<\/script><div id=\"hrbr-widget\"><\/div><\/div><\/div>\n<\/div>\n<\/div>\n<\/div>\n\n<div class=\"et_pb_section_3 et_pb_section et_section_regular et_block_section\">\n<div class=\"et_pb_row_4 et_pb_row et_block_row\">\n<div class=\"et_pb_column_4 et_pb_column et_pb_column_1_2 et_block_column et_pb_css_mix_blend_mode_passthrough\">\n<div class=\"et_pb_text_3 et_pb_text et_pb_bg_layout_light et_pb_module et_block_module section-paragraph blue-subhead preset--module--divi-text--5aed21f5-56f5-4361-ae14-c13d137326fc\"><div class=\"et_pb_text_inner\"><h2 class=\"title as-h2\">Qu'est-ce qui nous rend uniques ?<\/h2>\n<p>Nos clients, nos employ\u00e9s, notre leadership in\u00e9gal\u00e9. Mais ce n'est pas tout. Nous avons aussi des personnes dr\u00f4les et intelligentes, des directeurs accessibles, un environnement de travail flexible, une grande opportunit\u00e9 de croissance et bien d'autres atouts r\u00e9unis au m\u00eame endroit. <\/p>\n<\/div><\/div>\n\n<div class=\"et_pb_module et_pb_button_module_wrapper et_pb_button_0_wrapper preset--module--divi-button--54dca2b9-5575-4775-9062-4dce04480576_wrapper\"><a class=\"et_pb_button_0 et_pb_button et_pb_bg_layout_dark et_pb_module et_block_module preset--module--divi-button--54dca2b9-5575-4775-9062-4dce04480576\" href=\"https:\/\/www.applause.com\/fr\/la-vie-chez-applause\/\">Explorer notre culture<\/a><\/div>\n<\/div>\n\n<div class=\"et_pb_column_5 et_pb_column et_pb_column_1_2 et-last-child et_block_column et_pb_css_mix_blend_mode_passthrough\">\n<div class=\"et_pb_image_0 et_pb_image et_pb_module et_block_module preset--module--divi-image--default\"><span class=\"et_pb_image_wrap\"><img decoding=\"async\" src=\"https:\/\/www.applause.com\/wp-content\/uploads\/smiling-people-with-laptops.png\" title=\"smiling-people-with-laptops\" width=\"500\" height=\"422\" srcset=\"https:\/\/www.applause.com\/wp-content\/uploads\/smiling-people-with-laptops.png 500w, https:\/\/www.applause.com\/wp-content\/uploads\/smiling-people-with-laptops-480x405.png 480w\" sizes=\"(min-width: 0px) and (max-width: 480px) 480px, (min-width: 481px) 500px, 100vw\" class=\"wp-image-156155\" \/><\/span><\/div>\n<\/div>\n<\/div>\n<\/div>","protected":false},"excerpt":{"rendered":"","protected":false},"author":42,"featured_media":0,"parent":0,"menu_order":0,"comment_status":"closed","ping_status":"closed","template":"","meta":{"_acf_changed":false,"inline_featured_image":false,"footnotes":""},"categories":[384],"tags":[],"class_list":["post-19649","page","type-page","status-publish","hentry","category-main-pages"],"acf":[],"_links":{"self":[{"href":"https:\/\/www.applause.com\/fr\/wp-json\/wp\/v2\/pages\/19649","targetHints":{"allow":["GET"]}}],"collection":[{"href":"https:\/\/www.applause.com\/fr\/wp-json\/wp\/v2\/pages"}],"about":[{"href":"https:\/\/www.applause.com\/fr\/wp-json\/wp\/v2\/types\/page"}],"author":[{"embeddable":true,"href":"https:\/\/www.applause.com\/fr\/wp-json\/wp\/v2\/users\/42"}],"replies":[{"embeddable":true,"href":"https:\/\/www.applause.com\/fr\/wp-json\/wp\/v2\/comments?post=19649"}],"version-history":[{"count":3,"href":"https:\/\/www.applause.com\/fr\/wp-json\/wp\/v2\/pages\/19649\/revisions"}],"predecessor-version":[{"id":156159,"href":"https:\/\/www.applause.com\/fr\/wp-json\/wp\/v2\/pages\/19649\/revisions\/156159"}],"wp:attachment":[{"href":"https:\/\/www.applause.com\/fr\/wp-json\/wp\/v2\/media?parent=19649"}],"wp:term":[{"taxonomy":"category","embeddable":true,"href":"https:\/\/www.applause.com\/fr\/wp-json\/wp\/v2\/categories?post=19649"},{"taxonomy":"post_tag","embeddable":true,"href":"https:\/\/www.applause.com\/fr\/wp-json\/wp\/v2\/tags?post=19649"}],"curies":[{"name":"wp","href":"https:\/\/api.w.org\/{rel}","templated":true}]}}