{"id":146227,"date":"2025-08-05T14:57:22","date_gmt":"2025-08-05T18:57:22","guid":{"rendered":"https:\/\/www.applause.com\/?page_id=146227"},"modified":"2025-11-18T07:10:41","modified_gmt":"2025-11-18T12:10:41","slug":"digital-accessibility-faqs","status":"publish","type":"page","link":"https:\/\/www.applause.com\/fr\/digital-accessibility-faqs\/","title":{"rendered":"Nos r\u00e9ponses \u00e0 vos questions fr\u00e9quentes sur l\u2019accessibilit\u00e9 num\u00e9rique"},"content":{"rendered":"<div class=\"et_pb_section_0 et_pb_section et_section_regular et_block_section tw-bg-gray-200\">\n<div class=\"et_pb_row_0 et_pb_row et_block_row\">\n<div class=\"et_pb_column_0 et_pb_column et_pb_column_4_4 et-last-child et_block_column et_pb_css_mix_blend_mode_passthrough\">\n<div class=\"et_pb_text_0 et_pb_text et_pb_bg_layout_light et_pb_module et_block_module preset--group--divi-text--divi-font-body--default preset--module--divi-text--default\"><div class=\"et_pb_text_inner\"><div class=\"custom-paragraphText tw-py-4\">\n<div>\n<h1 class=\"title as-h1\">Nos r\u00e9ponses \u00e0 vos questions fr\u00e9quentes sur l'accessibilit\u00e9 num\u00e9rique<\/h1>\n<\/div>\n<\/div>\n<div class=\"element-paragraphText\"><\/div>\n<\/div><\/div>\n\n<div class=\"et_pb_code_0 et_pb_code et_pb_module\"><div class=\"et_pb_code_inner\"><div class=\"download-pdf\"><div id=\"adobe-dc-view\" class=\"eager-load landscape\" aria-label=\"Nos r\u00e9ponses \u00e0 vos questions fr\u00e9quentes sur l'accessibilit\u00e9 num\u00e9rique\"><\/div><\/div><\/div><script src='https:\/\/acrobatservices.adobe.com\/view-sdk\/viewer.js'><\/script><script type=\"text\/javascript\">\n        const pdfOptions = {\n            embedMode: \"IN_LINE\",\n            showDownloadPDF: true,\n            showZoomControl: true,\n        };\n\n        document.addEventListener(\"adobe_dc_view_sdk.ready\", function() {\n            var adobeDCView = new AdobeDC.View({clientId: \"24aaadf226d141b89cd93d725bde8f54\", divId: \"adobe-dc-view\", locale: \"fr-FR\" });\n            adobeDCView.previewFile({\n                content:   {location: {url: \"https:\/\/www.applause.com\/wp-content\/uploads\/mkt8011-digital-accessibility-faqs-eb-fr-v5.pdf\" }},\n                metaData: {fileName: \"mkt8011-digital-accessibility-faqs-eb-fr-v5.pdf\"}\n            }, pdfOptions);\n\n            let iframe = document.querySelector(\"#adobe-dc-view iframe\");\n            if (iframe) {\n                iframe.classList.add(\"eager-load\");\n            }\n        });\n    <\/script><style>\n        #adobe-dc-view {\n            width: 1024px;\n            border: 1px solid #d3d3d3;\n            box-shadow: rgb(218, 218, 218) 1px 1px 10px 1px;\n            display: flex;\n            outline: 2px solid transparent !important;\n            outline-offset: 4px;\n            position: relative;\n            transition: outline 1000ms;\n            z-index: 1;\n        }\n\n        .download-pdf {\n            display: grid;\n            justify-content: center;\n        }\n\n        #main-content .container {\n            margin-top: 2rem !important;\n        }\n        \n        .et_pb_post .entry-content {\n            padding-top: 0 !important;\n        }\n\n        @media screen and (max-width: 1023px) {\n            #adobe-dc-view {\n                width: 100%;\n                max-width: 900px;\n            }\n        }\n\n        \/*\n        #adobe-dc-view,\n        .pdfobject-container {\n            margin: 0 auto;\n            margin-bottom: 2rem;\n            border: 1px solid #222222;\n            color: #000000;\n            text-align: center;\n            background-color: #ccc;\n        }\n        \n        #adobe-dc-view.portrait {\n            max-height: 934px !important;\n            height: 100% !important;\n            width: auto !important;\n            aspect-ratio: 3\/4;\n        }\n        \n        #adobe-dc-view.landscape {\n            max-width: 934px !important;\n            width: 100% !important;\n            height: auto !important;\n            aspect-ratio: 4\/3;\n        }\n        \n        .download-pdf {\n            margin-bottom: 1rem;\n            text-align: center;\n            width: 100%;\n            line-height: 1.1rem;\n            font-size: .85rem;\n        }*\/\n        <\/style><\/div><\/div>\n<\/div>\n<\/div>\n<\/div>","protected":false},"excerpt":{"rendered":"","protected":false},"author":11,"featured_media":0,"parent":0,"menu_order":0,"comment_status":"closed","ping_status":"closed","template":"","meta":{"_acf_changed":false,"inline_featured_image":false,"footnotes":""},"categories":[],"tags":[],"class_list":["post-146227","page","type-page","status-publish","hentry"],"acf":[],"_links":{"self":[{"href":"https:\/\/www.applause.com\/fr\/wp-json\/wp\/v2\/pages\/146227","targetHints":{"allow":["GET"]}}],"collection":[{"href":"https:\/\/www.applause.com\/fr\/wp-json\/wp\/v2\/pages"}],"about":[{"href":"https:\/\/www.applause.com\/fr\/wp-json\/wp\/v2\/types\/page"}],"author":[{"embeddable":true,"href":"https:\/\/www.applause.com\/fr\/wp-json\/wp\/v2\/users\/11"}],"replies":[{"embeddable":true,"href":"https:\/\/www.applause.com\/fr\/wp-json\/wp\/v2\/comments?post=146227"}],"version-history":[{"count":0,"href":"https:\/\/www.applause.com\/fr\/wp-json\/wp\/v2\/pages\/146227\/revisions"}],"wp:attachment":[{"href":"https:\/\/www.applause.com\/fr\/wp-json\/wp\/v2\/media?parent=146227"}],"wp:term":[{"taxonomy":"category","embeddable":true,"href":"https:\/\/www.applause.com\/fr\/wp-json\/wp\/v2\/categories?post=146227"},{"taxonomy":"post_tag","embeddable":true,"href":"https:\/\/www.applause.com\/fr\/wp-json\/wp\/v2\/tags?post=146227"}],"curies":[{"name":"wp","href":"https:\/\/api.w.org\/{rel}","templated":true}]}}