{"id":140799,"date":"2023-10-02T05:38:53","date_gmt":"2023-10-02T09:38:53","guid":{"rendered":"https:\/\/www.applause.com\/erklarung-barrierefreiheit\/"},"modified":"2026-05-07T10:50:42","modified_gmt":"2026-05-07T14:50:42","slug":"declaration-accessibilite","status":"publish","type":"page","link":"https:\/\/www.applause.com\/fr\/declaration-accessibilite\/","title":{"rendered":"Engagement pour l&rsquo;accessibilit\u00e9"},"content":{"rendered":"<div class=\"et_pb_section_0 et_pb_section et_section_regular et_block_section\">\n<div class=\"et_pb_row_0 et_pb_row et_pb_equal_columns et_block_row\">\n<div class=\"et_pb_column_0 et_pb_column et_pb_column_4_4 et-last-child et_block_column et_pb_css_mix_blend_mode_passthrough\">\n<div class=\"et_pb_text_0 et_pb_text et_pb_bg_layout_light et_pb_module et_block_module preset--group--divi-text--divi-font-body--default preset--module--divi-text--default\"><div class=\"et_pb_text_inner\"><h1>Engagement pour l'accessibilit\u00e9<\/h1>\n<p>Applause s'engage \u00e0 rendre son site web accessible \u00e0 tous, y compris aux personnes handicap\u00e9es. Nous nous effor\u00e7ons en permanence d'am\u00e9liorer l'exp\u00e9rience utilisateur et d'appliquer les normes d'accessibilit\u00e9 pertinentes.<\/p>\n<\/div><\/div>\n<\/div>\n<\/div>\n<\/div>\n\n<div class=\"et_pb_section_1 et_pb_section et_section_regular et_block_section\">\n<div class=\"et_pb_row_1 et_pb_row et_block_row\">\n<div class=\"et_pb_column_1 et_pb_column et_pb_column_4_4 et-last-child et_block_column et_pb_css_mix_blend_mode_passthrough\">\n<div class=\"et_pb_text_1 et_pb_text et_pb_bg_layout_light et_pb_module et_block_module preset--group--divi-text--divi-font-body--default preset--module--divi-text--default\"><div class=\"et_pb_text_inner\"><h2><strong>Des efforts continus pour garantir l'accessibilit\u00e9 du contenu<\/strong><\/h2>\n<\/div><\/div>\n\n<div class=\"et_pb_text_2 et_pb_text et_pb_bg_layout_light et_pb_module et_block_module preset--group--divi-text--divi-font-body--default preset--module--divi-text--default\"><div class=\"et_pb_text_inner\"><p>Applause se conforme aux <a href=\"https:\/\/www.w3.org\/TR\/WCAG22\/\">directives WCAG (Web Content Accessibility Guidelines) version 2.2<\/a> et \u00e0 la <a href=\"https:\/\/www.etsi.org\/deliver\/etsi_en\/301500_301599\/301549\/03.02.01_60\/en_301549v030201p.pdf\">norme EN 301 549 v.3.2.1<\/a>. Ces normes d\u00e9finissent les exigences auxquelles doivent satisfaire les concepteurs et les d\u00e9veloppeurs afin d'am\u00e9liorer l'accessibilit\u00e9 pour les personnes handicap\u00e9es.<\/p>\n<p>Au fur et \u00e0 mesure que nous mettrons \u00e0 jour et cr\u00e9erons de nouvelles pages, nous nous efforcerons de tester le contenu et les fonctionnalit\u00e9s afin de garantir leur conformit\u00e9 avec les normes WCAG 2.2 Niveau AA et EN 301 549 v.3.2.1. Nous nous engageons \u00e9galement \u00e0 corriger les probl\u00e8mes identifi\u00e9s afin de respecter ou de surpasser ces normes.<\/p>\n<p>Les tests de notre contenu num\u00e9rique sont r\u00e9alis\u00e9s par les experts en accessibilit\u00e9 d'Applause.<\/p>\n<h3><strong>Avez-vous des avis \u00e0 nous transmettre ou avez-vous besoin d\u2019aide ?<\/strong><\/h3>\n<p>Si vous rencontrez des probl\u00e8mes d'accessibilit\u00e9 ou souhaitez nous faire part de vos avis sur l'accessibilit\u00e9 du site web, veuillez nous en informer par e-mail \u00e0 l'adresse suivante : <a href=\"https:\/\/www.applause.com\/fr\/contactez-nous\" \/>contact us<\/a>.<\/p>\n<\/div><\/div>\n<\/div>\n<\/div>\n<\/div>","protected":false},"excerpt":{"rendered":"","protected":false},"author":42,"featured_media":0,"parent":0,"menu_order":0,"comment_status":"closed","ping_status":"closed","template":"","meta":{"_acf_changed":false,"inline_featured_image":false,"footnotes":""},"categories":[348],"tags":[],"class_list":["post-140799","page","type-page","status-publish","hentry","category-basic-pages"],"acf":[],"_links":{"self":[{"href":"https:\/\/www.applause.com\/fr\/wp-json\/wp\/v2\/pages\/140799","targetHints":{"allow":["GET"]}}],"collection":[{"href":"https:\/\/www.applause.com\/fr\/wp-json\/wp\/v2\/pages"}],"about":[{"href":"https:\/\/www.applause.com\/fr\/wp-json\/wp\/v2\/types\/page"}],"author":[{"embeddable":true,"href":"https:\/\/www.applause.com\/fr\/wp-json\/wp\/v2\/users\/42"}],"replies":[{"embeddable":true,"href":"https:\/\/www.applause.com\/fr\/wp-json\/wp\/v2\/comments?post=140799"}],"version-history":[{"count":2,"href":"https:\/\/www.applause.com\/fr\/wp-json\/wp\/v2\/pages\/140799\/revisions"}],"predecessor-version":[{"id":156506,"href":"https:\/\/www.applause.com\/fr\/wp-json\/wp\/v2\/pages\/140799\/revisions\/156506"}],"wp:attachment":[{"href":"https:\/\/www.applause.com\/fr\/wp-json\/wp\/v2\/media?parent=140799"}],"wp:term":[{"taxonomy":"category","embeddable":true,"href":"https:\/\/www.applause.com\/fr\/wp-json\/wp\/v2\/categories?post=140799"},{"taxonomy":"post_tag","embeddable":true,"href":"https:\/\/www.applause.com\/fr\/wp-json\/wp\/v2\/tags?post=140799"}],"curies":[{"name":"wp","href":"https:\/\/api.w.org\/{rel}","templated":true}]}}