{"id":97182,"date":"2023-11-06T21:14:25","date_gmt":"2023-11-07T02:14:25","guid":{"rendered":"https:\/\/www.applause.com\/?page_id=97182"},"modified":"2026-04-20T11:32:57","modified_gmt":"2026-04-20T15:32:57","slug":"all-press-releases","status":"publish","type":"page","link":"https:\/\/www.applause.com\/de\/newsroom\/all-press-releases\/","title":{"rendered":"Alle Pressemitteilungen"},"content":{"rendered":"<div class=\"et_pb_section_0 et_pb_section et_section_regular et_block_section\">\n<div class=\"et_pb_row_0 et_pb_row et_block_row\">\n<div class=\"et_pb_column_0 et_pb_column et_pb_column_4_4 et-last-child et_block_column et_pb_css_mix_blend_mode_passthrough\">\n<div class=\"et_pb_post_title_0 et_pb_post_title et_pb_bg_layout_light et_pb_module et_block_module\"><div class=\"et_pb_title_container\"><h1 class=\"entry-title\">Alle Pressemitteilungen<\/h1><\/div><\/div>\n<\/div>\n<\/div>\n<\/div>\n\n<div class=\"et_pb_section_1 et_pb_section et_section_regular et_block_section\">\n<div class=\"et_pb_row_1 et_pb_row et_block_row\">\n<div class=\"et_pb_column_1 et_pb_column et_pb_column_4_4 et-last-child et_block_column et_pb_css_mix_blend_mode_passthrough\">\n<div class=\"dp_dfg_filtergrid_0 dp_dfg_filtergrid et_pb_bg_layout_light et_pb_module\" id=\"all-press-releases\"><div class=\"et_pb_module_inner\"><!-- DPDFG Start Main Container --><div class=\"dp-dfg-container dp-dfg-layout-none dp-dfg-skin-default dp-dfg-skin-top-filters\" data-active-filter=\"all\" data-page=\"1\" data-found-posts=\"13\" data-post-number=\"-1\" data-default-filter=\"All\" data-link-filter=\"\" data-cache=\"off\" data-ratio=\"9.2583333333333\" data-show-thumb=\"off\" data-action=\"link\" data-new-window=\"off\" data-filters=\"off\" data-date-filters=\"off\" data-multifilter=\"off|OR\" data-multilevel=\"off|AND|off\" data-sorting=\"off\" data-order=\"DESC\" data-orderby=\"date\" data-initorderby=\"date\" data-url-navigation=\"off\" data-url-history=\"on|reload\" data-ajax-filters=\"off\" data-doing-ajax=\"off\" data-module=\"dp_dfg_filtergrid_0\" data-search=\"off\" data-search-position=\"above\" data-terms-tags=\"on\" data-pagination=\"off\" data-filter-method=\"default\" data-third-party=\"\" data-lightbox=\"on|off|off|off|off\" data-video-preview=\"off\" data-no-init=\"off\" data-st=\"on\" data-no-results=\"off\"><div class=\"dp-dfg-items\"><article id=\"post-83527\" class=\"dp-dfg-item post-83527 press_releases type-press_releases status-publish hentry\"  data-link=\"https:\/\/www.applause.com\/de\/press-release\/umfrage-silos-einfluss-auf-qualitaet\/\"    data-position=\"0\"   data-new-tab=\"off\"   data-action-priority=\"item\"><div class=\"dp-dfg-meta entry-meta\"><span class=\"published\">Apr. 21, 2021<\/span><\/div><div class=\"dp-dfg-header entry-header\"><h2 class=\"entry-title\">Umfrage zum Shift-Left Testing: Isolierte Entwicklungsprozesse geh\u00f6ren zu gr\u00f6\u00dften Hindernissen<\/h2><\/div><div class=\"dp-dfg-custom-content\"><\/div><\/article><!-- DPDFG End Post Item Container --><article id=\"post-83528\" class=\"dp-dfg-item post-83528 press_releases type-press_releases status-publish hentry\"  data-link=\"https:\/\/www.applause.com\/de\/press-release\/product-excellence-platform-vorgestellt\/\"    data-position=\"1\"   data-new-tab=\"off\"   data-action-priority=\"item\"><div class=\"dp-dfg-meta entry-meta\"><span class=\"published\">Feb. 24, 2021<\/span><\/div><div class=\"dp-dfg-header entry-header\"><h2 class=\"entry-title\">Applause Product Excellence Platform erm\u00f6glicht es Firmen einzigartige digitale Erlebnisse zu schaffen<\/h2><\/div><div class=\"dp-dfg-custom-content\"><\/div><\/article><!-- DPDFG End Post Item Container --><article id=\"post-103130\" class=\"dp-dfg-item post-103130 press_releases type-press_releases status-publish hentry\"  data-link=\"https:\/\/www.applause.com\/de\/press-release\/applause-labs-besseres-erlebnis\/\"    data-position=\"2\"   data-new-tab=\"off\"   data-action-priority=\"item\"><div class=\"dp-dfg-meta entry-meta\"><span class=\"published\">Nov. 10, 2020<\/span><\/div><div class=\"dp-dfg-header entry-header\"><h2 class=\"entry-title\">Besseres Erlebnis f\u00fcr Tester: Applause Labs stellt drei neue Initiativen vor<\/h2><\/div><div class=\"dp-dfg-custom-content\"><\/div><\/article><!-- DPDFG End Post Item Container --><article id=\"post-100155\" class=\"dp-dfg-item post-100155 press_releases type-press_releases status-publish hentry\"  data-link=\"https:\/\/www.applause.com\/de\/press-release\/applause-bring-your-own-tester-launched\/\"    data-position=\"3\"   data-new-tab=\"off\"   data-action-priority=\"item\"><div class=\"dp-dfg-meta entry-meta\"><span class=\"published\">Sep. 22, 2020<\/span><\/div><div class=\"dp-dfg-header entry-header\"><h2 class=\"entry-title\">\u201cBring Your Own Testers\u201d-Feature von Applause integriert erstmals interne und externe QA-Teams auf einer Plattform<\/h2><\/div><div class=\"dp-dfg-custom-content\"><\/div><\/article><!-- DPDFG End Post Item Container --><article id=\"post-83531\" class=\"dp-dfg-item post-83531 press_releases type-press_releases status-publish hentry\"  data-link=\"https:\/\/www.applause.com\/de\/press-release\/integrated-functional-testing-1\/\"    data-position=\"4\"   data-new-tab=\"off\"   data-action-priority=\"item\"><div class=\"dp-dfg-meta entry-meta\"><span class=\"published\">Mai 6, 2020<\/span><\/div><div class=\"dp-dfg-header entry-header\"><h2 class=\"entry-title\">Applause pr\u00e4sentiert erstmals eine L\u00f6sung f\u00fcr integriertes funktionales Testing<\/h2><\/div><div class=\"dp-dfg-custom-content\"><\/div><\/article><!-- DPDFG End Post Item Container --><article id=\"post-83532\" class=\"dp-dfg-item post-83532 press_releases type-press_releases status-publish hentry\"  data-link=\"https:\/\/www.applause.com\/de\/press-release\/applause-infosys-partner-digitales-testing\/\"    data-position=\"5\"   data-new-tab=\"off\"   data-action-priority=\"item\"><div class=\"dp-dfg-meta entry-meta\"><span class=\"published\">Feb. 26, 2020<\/span><\/div><div class=\"dp-dfg-header entry-header\"><h2 class=\"entry-title\">Applause und Infosys schlie\u00dfen Partnerschaft f\u00fcr digitale Testing-Services<\/h2><\/div><div class=\"dp-dfg-custom-content\"><\/div><\/article><!-- DPDFG End Post Item Container --><article id=\"post-83533\" class=\"dp-dfg-item post-83533 press_releases type-press_releases status-publish hentry\"  data-link=\"https:\/\/www.applause.com\/de\/press-release\/applause-accessibility-tool-barrierefreiheit\/\"    data-position=\"6\"   data-new-tab=\"off\"   data-action-priority=\"item\"><div class=\"dp-dfg-meta entry-meta\"><span class=\"published\">Feb. 11, 2020<\/span><\/div><div class=\"dp-dfg-header entry-header\"><h2 class=\"entry-title\">Neues Accessibility-Tool von Applause entdeckt und behebt automatisch Barrierefreiheitsm\u00e4ngel im Entwicklungsprozess<\/h2><\/div><div class=\"dp-dfg-custom-content\"><\/div><\/article><!-- DPDFG End Post Item Container --><article id=\"post-83534\" class=\"dp-dfg-item post-83534 press_releases type-press_releases status-publish hentry\"  data-link=\"https:\/\/www.applause.com\/de\/press-release\/applause-befoerdert-rob-mason-zum-cto\/\"    data-position=\"7\"   data-new-tab=\"off\"   data-action-priority=\"item\"><div class=\"dp-dfg-meta entry-meta\"><span class=\"published\">Jan. 14, 2020<\/span><\/div><div class=\"dp-dfg-header entry-header\"><h2 class=\"entry-title\">Applause investiert verst\u00e4rkt in Testing-Ingenieure und bef\u00f6rdert Rob Mason zum CTO<\/h2><\/div><div class=\"dp-dfg-custom-content\"><\/div><\/article><!-- DPDFG End Post Item Container --><article id=\"post-83535\" class=\"dp-dfg-item post-83535 press_releases type-press_releases status-publish hentry\"  data-link=\"https:\/\/www.applause.com\/de\/press-release\/applause-ki-testing-methode\/\"    data-position=\"8\"   data-new-tab=\"off\"   data-action-priority=\"item\"><div class=\"dp-dfg-meta entry-meta\"><span class=\"published\">Nov. 6, 2019<\/span><\/div><div class=\"dp-dfg-header entry-header\"><h2 class=\"entry-title\">Neue Testing-Methode f\u00fcr K\u00fcnstliche Intelligenz: Applause stellt L\u00f6sung zur Erkennung von Fehlerquellen und Bias in KI-Applikationen vor<\/h2><\/div><div class=\"dp-dfg-custom-content\"><\/div><\/article><!-- DPDFG End Post Item Container --><article id=\"post-83536\" class=\"dp-dfg-item post-83536 press_releases type-press_releases status-publish hentry\"  data-link=\"https:\/\/www.applause.com\/de\/press-release\/applause-launcht-applause-labs\/\"    data-position=\"9\"   data-new-tab=\"off\"   data-action-priority=\"item\"><div class=\"dp-dfg-meta entry-meta\"><span class=\"published\">Okt 23, 2019<\/span><\/div><div class=\"dp-dfg-header entry-header\"><h2 class=\"entry-title\">Die Zukunft des Software-Testings: Applause Labs geht an den Start<\/h2><\/div><div class=\"dp-dfg-custom-content\"><\/div><\/article><!-- DPDFG End Post Item Container --><article id=\"post-83537\" class=\"dp-dfg-item post-83537 press_releases type-press_releases status-publish hentry\"  data-link=\"https:\/\/www.applause.com\/de\/press-release\/applause-testing-alexa-skills\/\"    data-position=\"10\"   data-new-tab=\"off\"   data-action-priority=\"item\"><div class=\"dp-dfg-meta entry-meta\"><span class=\"published\">Mai 30, 2018<\/span><\/div><div class=\"dp-dfg-header entry-header\"><h2 class=\"entry-title\">Applause-Crowdtester pr\u00fcfen als erste und einzige Community weltweit Amazon Alexa-Skills und -Ger\u00e4te<\/h2><\/div><div class=\"dp-dfg-custom-content\"><\/div><\/article><!-- DPDFG End Post Item Container --><article id=\"post-83538\" class=\"dp-dfg-item post-83538 press_releases type-press_releases status-publish hentry\"  data-link=\"https:\/\/www.applause.com\/de\/press-release\/applause-fuehrendes-crowdtesting-unternehmen\/\"    data-position=\"11\"   data-new-tab=\"off\"   data-action-priority=\"item\"><div class=\"dp-dfg-meta entry-meta\"><span class=\"published\">Nov. 16, 2017<\/span><\/div><div class=\"dp-dfg-header entry-header\"><h2 class=\"entry-title\">Applause von NelsonHall als f\u00fchrendes Crowdtesting-Unternehmen ausgezeichnet<\/h2><\/div><div class=\"dp-dfg-custom-content\"><\/div><\/article><!-- DPDFG End Post Item Container --><article id=\"post-83539\" class=\"dp-dfg-item post-83539 press_releases type-press_releases status-publish hentry\"  data-link=\"https:\/\/www.applause.com\/de\/press-release\/applause-uebernahme-vista-equity\/\"    data-position=\"12\"   data-new-tab=\"off\"   data-action-priority=\"item\"><div class=\"dp-dfg-meta entry-meta\"><span class=\"published\">Aug. 23, 2017<\/span><\/div><div class=\"dp-dfg-header entry-header\"><h2 class=\"entry-title\">Applause gibt \u00dcbernahme durch Vista Equity Partners bekannt<\/h2><\/div><div class=\"dp-dfg-custom-content\"><\/div><\/article><!-- DPDFG End Post Item Container --><\/div><div class=\"dp-dfg-announcer screen-reader-text\" aria-live=\"polite\" aria-atomic=\"true\"><\/div><\/div><!-- DPDFG End Main Container --><div class=\"dp-dfg-data dp-dfg-hide\"><div class=\"dp-dfg-ajax-data\" data-ajax=\"{&quot;custom_query&quot;:&quot;custom&quot;,&quot;support_for&quot;:&quot;sfp&quot;,&quot;sfp_id&quot;:&quot;&quot;,&quot;include_categories&quot;:&quot;&quot;,&quot;current_post_type&quot;:&quot;on&quot;,&quot;multiple_cpt&quot;:&quot;post&quot;,&quot;use_taxonomy_terms&quot;:&quot;off&quot;,&quot;multiple_taxonomies&quot;:&quot;category&quot;,&quot;taxonomies_relation&quot;:&quot;OR&quot;,&quot;include_terms&quot;:&quot;&quot;,&quot;terms_relation&quot;:&quot;IN&quot;,&quot;include_children_terms&quot;:&quot;on&quot;,&quot;exclude_taxonomies&quot;:&quot;category&quot;,&quot;exclude_taxonomies_relation&quot;:&quot;OR&quot;,&quot;exclude_terms&quot;:&quot;&quot;,&quot;meta_query&quot;:&quot;off&quot;,&quot;meta_cf_key&quot;:&quot;&quot;,&quot;meta_cf_value&quot;:&quot;&quot;,&quot;meta_cf_compare&quot;:&quot;Equal To&quot;,&quot;meta_cf_type&quot;:&quot;CHAR&quot;,&quot;related_taxonomies&quot;:&quot;&quot;,&quot;related_criteria&quot;:&quot;one_in_one&quot;,&quot;posts_ids&quot;:&quot;&quot;,&quot;post_number&quot;:&quot;12&quot;,&quot;offset_number&quot;:&quot;0&quot;,&quot;order&quot;:&quot;DESC&quot;,&quot;orderby&quot;:&quot;date&quot;,&quot;meta_key&quot;:&quot;&quot;,&quot;meta_type&quot;:&quot;CHAR&quot;,&quot;show_private&quot;:&quot;off&quot;,&quot;current_author&quot;:&quot;off&quot;,&quot;sticky_posts&quot;:&quot;off&quot;,&quot;remove_current_post&quot;:&quot;off&quot;,&quot;no_results&quot;:&quot;No results found.&quot;,&quot;thumbnail_action&quot;:&quot;link&quot;,&quot;gallery_cf_name&quot;:&quot;&quot;,&quot;lightbox_elements&quot;:&quot;on|off|off|off|off&quot;,&quot;show_thumbnail&quot;:&quot;off&quot;,&quot;thumbnail_size&quot;:&quot;400x284&quot;,&quot;t_alt&quot;:&quot;title&quot;,&quot;use_overlay&quot;:&quot;off&quot;,&quot;show_title&quot;:&quot;on&quot;,&quot;title_link&quot;:&quot;off&quot;,&quot;show_post_meta&quot;:&quot;on&quot;,&quot;meta_separator&quot;:&quot; | &quot;,&quot;show_author&quot;:&quot;off&quot;,&quot;author_prefix_text&quot;:&quot;By &quot;,&quot;show_date&quot;:&quot;on&quot;,&quot;date_format&quot;:&quot;M j, Y&quot;,&quot;show_terms&quot;:&quot;off&quot;,&quot;show_terms_taxonomy&quot;:&quot;category&quot;,&quot;terms_separator&quot;:&quot;,&quot;,&quot;terms_links&quot;:&quot;on&quot;,&quot;show_comments&quot;:&quot;off&quot;,&quot;show_content&quot;:&quot;off&quot;,&quot;content_length&quot;:&quot;excerpt&quot;,&quot;truncate_content&quot;:&quot;120&quot;,&quot;truncate_excerpt&quot;:&quot;off&quot;,&quot;strip_html&quot;:&quot;on&quot;,&quot;action_button&quot;:&quot;off&quot;,&quot;action_button_text&quot;:&quot;Click Action Button&quot;,&quot;read_more&quot;:&quot;off&quot;,&quot;read_more_text&quot;:&quot;Read More&quot;,&quot;read_more_window&quot;:&quot;off&quot;,&quot;show_custom_fields&quot;:&quot;off&quot;,&quot;custom_fields&quot;:&quot;[]&quot;,&quot;show_custom_content&quot;:&quot;on&quot;,&quot;custom_content_container&quot;:&quot;on&quot;,&quot;custom_url&quot;:&quot;off&quot;,&quot;custom_url_field_name&quot;:&quot;&quot;,&quot;custom_url_target&quot;:&quot;same&quot;,&quot;show_filters&quot;:&quot;off&quot;,&quot;multilevel&quot;:&quot;off&quot;,&quot;multilevel_hierarchy&quot;:&quot;off&quot;,&quot;multilevel_hierarchy_tax&quot;:&quot;[{\\&quot;name\\&quot;:\\&quot;category\\&quot;,\\&quot;label\\&quot;:\\&quot;\\&quot;,\\&quot;all\\&quot;:\\&quot;\\&quot;}]&quot;,&quot;multilevel_relation&quot;:&quot;AND&quot;,&quot;multilevel_tax_data&quot;:&quot;[{\\&quot;name\\&quot;:\\&quot;category\\&quot;,\\&quot;label\\&quot;:\\&quot;\\&quot;,\\&quot;all\\&quot;:\\&quot;\\&quot;}]&quot;,&quot;filter_children_terms&quot;:&quot;on&quot;,&quot;use_custom_terms_filters&quot;:&quot;off&quot;,&quot;hide_empty_filters&quot;:&quot;off&quot;,&quot;filter_taxonomies&quot;:&quot;category&quot;,&quot;filter_terms&quot;:&quot;&quot;,&quot;default_filter&quot;:&quot;All&quot;,&quot;filters_order&quot;:&quot;ASC&quot;,&quot;filters_sort&quot;:&quot;id&quot;,&quot;filters_custom&quot;:&quot;&quot;,&quot;hide_all&quot;:&quot;off&quot;,&quot;all_text&quot;:&quot;All&quot;,&quot;s_df&quot;:&quot;off&quot;,&quot;df_col&quot;:&quot;post_date&quot;,&quot;auto_fetch_dates&quot;:&quot;off&quot;,&quot;s_df_y&quot;:&quot;on&quot;,&quot;s_df_m&quot;:&quot;on&quot;,&quot;filter_layout&quot;:&quot;button&quot;,&quot;multifilter&quot;:&quot;off&quot;,&quot;multifilter_relation&quot;:&quot;OR&quot;,&quot;show_sort&quot;:&quot;off&quot;,&quot;show_pagination&quot;:&quot;off&quot;,&quot;pagination_type&quot;:&quot;paged&quot;,&quot;ajax_load_more_text&quot;:&quot;Load More&quot;,&quot;previous_icon&quot;:{&quot;unicode&quot;:&quot;&amp;#x34;&quot;,&quot;type&quot;:&quot;divi&quot;,&quot;weight&quot;:&quot;400&quot;},&quot;next_icon&quot;:{&quot;unicode&quot;:&quot;&amp;#x35;&quot;,&quot;type&quot;:&quot;divi&quot;,&quot;weight&quot;:&quot;400&quot;},&quot;previous_text&quot;:&quot;&quot;,&quot;next_text&quot;:&quot;&quot;,&quot;pagination_pages&quot;:&quot;2&quot;,&quot;show_search&quot;:&quot;off&quot;,&quot;search_position&quot;:&quot;above&quot;,&quot;orderby_search&quot;:&quot;on&quot;,&quot;relevanssi&quot;:&quot;off&quot;,&quot;show_video_preview&quot;:&quot;off&quot;,&quot;video_module&quot;:&quot;off&quot;,&quot;video_action&quot;:&quot;play&quot;,&quot;video_action_priority&quot;:&quot;on&quot;,&quot;video_overlay&quot;:&quot;on&quot;,&quot;video_overlay_icon&quot;:&quot;on&quot;,&quot;video_icon&quot;:{&quot;unicode&quot;:&quot;&amp;#x45;&quot;,&quot;type&quot;:&quot;divi&quot;,&quot;weight&quot;:&quot;400&quot;},&quot;video_icon_color&quot;:&quot;#ffffff&quot;,&quot;video_overlay_color&quot;:&quot;rgba(0,0,0,0.6)&quot;,&quot;items_layout&quot;:&quot;dp-dfg-layout-none&quot;,&quot;thumb_width&quot;:&quot;33&quot;,&quot;items_width&quot;:[&quot;20&quot;,&quot;30&quot;,&quot;40&quot;],&quot;items_skin&quot;:&quot;dp-dfg-skin-default&quot;,&quot;primary_view&quot;:&quot;[{\\&quot;name\\&quot;:\\&quot;meta\\&quot;,\\&quot;show\\&quot;:\\&quot;off\\&quot;},{\\&quot;name\\&quot;:\\&quot;title\\&quot;,\\&quot;show\\&quot;:\\&quot;off\\&quot;},{\\&quot;name\\&quot;:\\&quot;ext\\&quot;,\\&quot;show\\&quot;:\\&quot;off\\&quot;},{\\&quot;name\\&quot;:\\&quot;content\\&quot;,\\&quot;show\\&quot;:\\&quot;off\\&quot;},{\\&quot;name\\&quot;:\\&quot;action_button\\&quot;,\\&quot;show\\&quot;:\\&quot;off\\&quot;},{\\&quot;name\\&quot;:\\&quot;read_more_button\\&quot;,\\&quot;show\\&quot;:\\&quot;off\\&quot;},{\\&quot;name\\&quot;:\\&quot;thumbnail\\&quot;,\\&quot;show\\&quot;:\\&quot;on\\&quot;},{\\&quot;name\\&quot;:\\&quot;overlay\\&quot;,\\&quot;show\\&quot;:\\&quot;on\\&quot;},{\\&quot;name\\&quot;:\\&quot;custom_content\\&quot;,\\&quot;show\\&quot;:\\&quot;off\\&quot;}]&quot;,&quot;secondary_view&quot;:&quot;[{ \\&quot;name\\&quot;: \\&quot;thumbnail\\&quot;, \\&quot;show\\&quot;: \\&quot;off\\&quot; },{ \\&quot;name\\&quot;: \\&quot;title\\&quot;, \\&quot;show\\&quot;: \\&quot;on\\&quot; },{ \\&quot;name\\&quot;: \\&quot;meta\\&quot;, \\&quot;show\\&quot;: \\&quot;on\\&quot; },{ \\&quot;name\\&quot;: \\&quot;ext\\&quot;, \\&quot;show\\&quot;: \\&quot;on\\&quot; },{ \\&quot;name\\&quot;: \\&quot;content\\&quot;, \\&quot;show\\&quot;: \\&quot;on\\&quot; },{ \\&quot;name\\&quot;: \\&quot;action_button\\&quot;, \\&quot;show\\&quot;: \\&quot;on\\&quot; },{ \\&quot;name\\&quot;: \\&quot;read_more_button\\&quot;, \\&quot;show\\&quot;: \\&quot;on\\&quot; },{ \\&quot;name\\&quot;: \\&quot;custom_content\\&quot;, \\&quot;show\\&quot;: \\&quot;on\\&quot; }]&quot;,&quot;popup_template&quot;:&quot;default&quot;,&quot;popup_link_target&quot;:&quot;none&quot;,&quot;popup_code&quot;:&quot;&quot;,&quot;use_overlay_icon&quot;:&quot;on&quot;,&quot;hover_icon&quot;:{&quot;unicode&quot;:&quot;&amp;#xe050;&quot;,&quot;type&quot;:&quot;divi&quot;,&quot;weight&quot;:&quot;400&quot;},&quot;overlay_icon_color&quot;:&quot;#2ea3f2&quot;,&quot;hover_overlay_color&quot;:&quot;rgba(255,255,255,0.9)&quot;,&quot;bg_items&quot;:&quot;&quot;,&quot;ajax_filters&quot;:&quot;off&quot;,&quot;cache_on_page&quot;:&quot;off&quot;,&quot;dpdfg_entry_title_level&quot;:&quot;h2&quot;,&quot;action_button_icon&quot;:&quot;5&quot;,&quot;read_more_button_icon&quot;:&quot;5&quot;,&quot;admin_label&quot;:&quot;All Press Releases&quot;,&quot;module_id&quot;:&quot;all-press-releases&quot;,&quot;module_class&quot;:&quot;&quot;,&quot;the_ID&quot;:0,&quot;the_author&quot;:42,&quot;seed&quot;:4858,&quot;query_context&quot;:&quot;initial_query&quot;,&quot;conditional_tags&quot;:{&quot;is_user_logged_in&quot;:&quot;off&quot;,&quot;is_front_page&quot;:&quot;off&quot;,&quot;is_singular&quot;:&quot;off&quot;,&quot;is_archive&quot;:&quot;off&quot;,&quot;is_search&quot;:&quot;off&quot;,&quot;is_tax&quot;:&quot;off&quot;,&quot;is_author&quot;:&quot;off&quot;,&quot;is_date&quot;:&quot;off&quot;,&quot;is_post_type&quot;:&quot;off&quot;},&quot;query_var&quot;:{&quot;s&quot;:&quot;&quot;,&quot;year&quot;:&quot;&quot;,&quot;monthnum&quot;:&quot;&quot;,&quot;day&quot;:&quot;&quot;,&quot;post_type&quot;:&quot;&quot;},&quot;custom_data&quot;:[]}\"><\/div><div class=\"dp-dfg-no-results-data\"><div class=\"dp-dfg-no-results\">No results found.<\/div><\/div><div class=\"dp-dfg-loader-data\"><\/div><\/div><\/div><\/div>\n<\/div>\n<\/div>\n<\/div>","protected":false},"excerpt":{"rendered":"","protected":false},"author":42,"featured_media":0,"parent":94002,"menu_order":0,"comment_status":"closed","ping_status":"closed","template":"","meta":{"_acf_changed":false,"inline_featured_image":false,"footnotes":""},"categories":[322,386],"tags":[],"class_list":["post-97182","page","type-page","status-publish","hentry","category-main-pages"],"acf":[],"_links":{"self":[{"href":"https:\/\/www.applause.com\/de\/wp-json\/wp\/v2\/pages\/97182","targetHints":{"allow":["GET"]}}],"collection":[{"href":"https:\/\/www.applause.com\/de\/wp-json\/wp\/v2\/pages"}],"about":[{"href":"https:\/\/www.applause.com\/de\/wp-json\/wp\/v2\/types\/page"}],"author":[{"embeddable":true,"href":"https:\/\/www.applause.com\/de\/wp-json\/wp\/v2\/users\/42"}],"replies":[{"embeddable":true,"href":"https:\/\/www.applause.com\/de\/wp-json\/wp\/v2\/comments?post=97182"}],"version-history":[{"count":1,"href":"https:\/\/www.applause.com\/de\/wp-json\/wp\/v2\/pages\/97182\/revisions"}],"predecessor-version":[{"id":155956,"href":"https:\/\/www.applause.com\/de\/wp-json\/wp\/v2\/pages\/97182\/revisions\/155956"}],"up":[{"embeddable":true,"href":"https:\/\/www.applause.com\/de\/wp-json\/wp\/v2\/pages\/94002"}],"wp:attachment":[{"href":"https:\/\/www.applause.com\/de\/wp-json\/wp\/v2\/media?parent=97182"}],"wp:term":[{"taxonomy":"category","embeddable":true,"href":"https:\/\/www.applause.com\/de\/wp-json\/wp\/v2\/categories?post=97182"},{"taxonomy":"post_tag","embeddable":true,"href":"https:\/\/www.applause.com\/de\/wp-json\/wp\/v2\/tags?post=97182"}],"curies":[{"name":"wp","href":"https:\/\/api.w.org\/{rel}","templated":true}]}}