{"id":19785,"date":"2023-08-23T08:13:43","date_gmt":"2023-08-23T12:13:43","guid":{"rendered":"https:\/\/www.applause.com\/travel-2\/"},"modified":"2026-05-08T10:43:07","modified_gmt":"2026-05-08T14:43:07","slug":"travel","status":"publish","type":"page","link":"https:\/\/www.applause.com\/de\/travel\/","title":{"rendered":"Digitale Qualit\u00e4tstest f\u00fcr das Hotel- und\u2026"},"content":{"rendered":"<div class=\"et_pb_section_0 et_pb_section et_section_regular et_block_section hero-section-v3 hero-section-blue\">\n<div class=\"et_pb_row_0 et_pb_row et_pb_equal_columns et_block_row\">\n<div class=\"et_pb_column_0 et_pb_column et_pb_column_3_5 et_block_column et_pb_css_mix_blend_mode_passthrough\">\n<div class=\"et_pb_heading_0 et_pb_heading et_pb_module et_block_module mini-blue-title preset--module--divi-heading--8r75zxphr1\"><div class=\"et_pb_heading_container\"><h1 class=\"et_pb_module_header\">APPLAUSE F\u00dcR REISEN UND GASTGEWERBE<\/h1><\/div><\/div>\n\n<div class=\"et_pb_text_0 et_pb_text et_pb_bg_layout_light et_pb_module et_block_module preset--group--divi-text--divi-font-body--default preset--module--divi-text--default\"><div class=\"et_pb_text_inner\"><h2>Machen Sie das Reisen f\u00fcr Ihre Kunden m\u00fchelos<\/h2>\n<p>Erhalten Sie Zugang zu digitalen Experten und testen Sie mit Endnutzern auf der ganzen Welt, um die Anforderungen von Reisenden besser zu vorherzusehen und Programme zu liefern, die Kundenbindung st\u00e4rken.<\/p>\n<\/div><\/div>\n<\/div>\n\n<div class=\"et_pb_column_1 et_pb_column et_pb_column_2_5 et-last-child et_block_column et_pb_css_mix_blend_mode_passthrough\">\n<div class=\"et_pb_image_0 et_pb_image et_pb_module et_block_module no-lazyload preset--module--divi-image--default\"><span class=\"et_pb_image_wrap\"><img decoding=\"async\" src=\"https:\/\/www.applause.com\/wp-content\/uploads\/Hero-Travel-Hospitality-German.webp\" width=\"780\" height=\"520\" srcset=\"https:\/\/www.applause.com\/wp-content\/uploads\/Hero-Travel-Hospitality-German.webp 780w, https:\/\/www.applause.com\/wp-content\/uploads\/Hero-Travel-Hospitality-German-480x320.webp 480w\" sizes=\"(min-width: 0px) and (max-width: 480px) 480px, (min-width: 481px) 780px, 100vw\" class=\"wp-image-140242\" alt=\"APPLAUSE F\u00dcR REISEN UND GASTGEWERBE\" \/><\/span><\/div>\n<\/div>\n<\/div>\n<\/div>\n\n<div class=\"et_pb_section_1 et_pb_section et_section_regular et_block_section\">\n<div class=\"et_pb_row_1 et_pb_row et_block_row\">\n<div class=\"et_pb_column_2 et_pb_column et_pb_column_1_2 et_block_column et_pb_css_mix_blend_mode_passthrough\">\n<div class=\"et_pb_image_1 et_pb_image et_pb_module et_block_module preset--module--divi-image--default\"><span class=\"et_pb_image_wrap\"><img decoding=\"async\" src=\"https:\/\/www.applause.com\/wp-content\/uploads\/travel-collage.webp\" width=\"500\" height=\"424\" srcset=\"https:\/\/www.applause.com\/wp-content\/uploads\/travel-collage.webp 500w, https:\/\/www.applause.com\/wp-content\/uploads\/travel-collage-480x407.webp 480w\" sizes=\"(min-width: 0px) and (max-width: 480px) 480px, (min-width: 481px) 500px, 100vw\" class=\"wp-image-151179\" alt=\"Au\u00dfergew\u00f6hnliche Erlebnisse von T\u00fcr zu T\u00fcr \u2013 und dar\u00fcber hinaus\" title=\"Au\u00dfergew\u00f6hnliche Erlebnisse von T\u00fcr zu T\u00fcr \u2013 und dar\u00fcber hinaus\" \/><\/span><\/div>\n<\/div>\n\n<div class=\"et_pb_column_3 et_pb_column et_pb_column_1_2 et-last-child et_block_column et_pb_css_mix_blend_mode_passthrough\">\n<div class=\"et_pb_text_1 et_pb_text et_pb_bg_layout_light et_pb_module et_block_module section-paragraph blue-subhead preset--module--divi-text--5aed21f5-56f5-4361-ae14-c13d137326fc\"><div class=\"et_pb_text_inner\"><h2>Au\u00dfergew\u00f6hnliche Erlebnisse von T\u00fcr zu T\u00fcr \u2013 und dar\u00fcber hinaus<\/h2>\n<h3>Erhalte Einblicke in das echte Verhalten von Reisenden, um relevante und ausgezeichnete Produkte, Leistungen und L\u00f6sungen zu liefern<\/h3>\n<p>Heutige Reisende fordern ein nahtloses digitales Erlebnis von ihren Reise- und Hospitality-Anbietern. Flugpassagiere erwarten eine digitale Bordkarte \u00fcber ihre App, Hotelg\u00e4ste sind an ein mobiles Einchecken gew\u00f6hnt, und die Liste geht weiter und weiter. Reisende wollen sich besonders f\u00fchlen, und sie belohnen Au\u00dfergew\u00f6hnliches mit ihrer Treue \u2013 aber du kannst keine Treue verdienen, indem du in einem Labor testest. Du musst Erlebnisse in der echten Welt validieren.<\/p>\n<p>Applause hilft Reise- und Hospitality-Anbietern beim Aufbau und bei der Pflege von Digital-First-Erlebnissen, die Reisende in aller Welt, zu jeder Zeit und auf allen Ger\u00e4ten begeistern werden. Unsere Tester validieren, dass wichtige Features, von der mobilen Eingabe bis hin zu Treuepr\u00e4mienprogrammen, richtig funktionieren und die Bed\u00fcrfnisse echter Kunden erf\u00fcllen. Und sie zeigen dir, wo du deine User Experience verbessern kannst, um wirklich Treue aufzubauen.<\/p>\n<\/div><\/div>\n<\/div>\n<\/div>\n<\/div>\n\n<div class=\"et_pb_section_2 et_pb_section et_section_regular et_block_section\">\n<div class=\"et_pb_row_2 et_pb_row et_block_row\">\n<div class=\"et_pb_column_4 et_pb_column et_pb_column_4_4 et-last-child et_block_column et_pb_css_mix_blend_mode_passthrough\">\n<div class=\"et_pb_text_2 et_pb_text et_pb_bg_layout_light et_pb_module et_block_module preset--group--divi-text--divi-font-body--default preset--module--divi-text--default\"><div class=\"et_pb_text_inner\"><h2 class=\"title as-h2\">Inspiriere Treue mit Top-Erlebnissen f\u00fcr Reisende<\/h2>\n<div class=\"element-paragraphText\">\n<p>Im Gastgewerbe sind heutzutage spitzenm\u00e4\u00dfige digitale Erlebnisse f\u00fcr die Reisenden Voraussetzung. Applause bietet dir die ganzheitliche Testplattform, die du brauchst, um diese bereitzustellen. Damit erreichst du Folgendes:<\/p>\n<\/div>\n<div class=\"element-paragraphText\"><\/div>\n<\/div><\/div>\n<\/div>\n<\/div>\n\n<div class=\"et_pb_row_3 et_pb_row et_pb_gutters2 et_block_row\">\n<div class=\"et_pb_column_5 et_pb_column et_pb_column_1_3 et_block_column et_pb_css_mix_blend_mode_passthrough\">\n<div class=\"et_pb_blurb_0 et_pb_blurb et_pb_bg_layout_light et_pb_text_align_center et_pb_blurb_position_top et_pb_module et_block_module preset--group--divi-blurb--divi-font-body--default preset--module--divi-blurb--default\"><div class=\"et_pb_blurb_content\"><div class=\"et_pb_main_blurb_image\"><span class=\"et_pb_image_wrap et_pb_only_image_mode_wrap\"><img decoding=\"async\" src=\"https:\/\/www.applause.com\/wp-content\/uploads\/icon-travel-seamless-1.svg\" width=\"40\" height=\"40\" srcset=\"https:\/\/www.applause.com\/wp-content\/uploads\/icon-travel-seamless-1.svg 40w\" sizes=\"(min-width: 0px) and (max-width: 0px) 0px, (min-width: 1px) 40px, 100vw\" class=\"et_animated wp-image-152595\" alt=\"Nahtlose digitale Erlebnisse garantieren\" \/><\/span><\/div><div class=\"et_pb_blurb_container\"><h3 class=\"et_pb_module_header\">Nahtlose digitale Erlebnisse garantieren<\/h3><div class=\"et_pb_blurb_description\"><p>Einblicke in T\u00fcr-zu-T\u00fcr-Reisen in der realen Welt erhalten<\/p>\n<\/div><\/div><\/div><\/div>\n<\/div>\n\n<div class=\"et_pb_column_6 et_pb_column et_pb_column_1_3 et_block_column et_pb_css_mix_blend_mode_passthrough\">\n<div class=\"et_pb_blurb_1 et_pb_blurb et_pb_bg_layout_light et_pb_text_align_center et_pb_blurb_position_top et_pb_module et_block_module preset--group--divi-blurb--divi-font-body--default preset--module--divi-blurb--default\"><div class=\"et_pb_blurb_content\"><div class=\"et_pb_main_blurb_image\"><span class=\"et_pb_image_wrap et_pb_only_image_mode_wrap\"><img decoding=\"async\" src=\"https:\/\/www.applause.com\/wp-content\/uploads\/icon-travel-loyalty-1.svg\" width=\"40\" height=\"40\" srcset=\"https:\/\/www.applause.com\/wp-content\/uploads\/icon-travel-loyalty-1.svg 40w\" sizes=\"(min-width: 0px) and (max-width: 0px) 0px, (min-width: 1px) 40px, 100vw\" class=\"et_animated wp-image-152598\" alt=\"Erlebnisse international und \u00fcber alle Touchpoints hinweg validieren\" \/><\/span><\/div><div class=\"et_pb_blurb_container\"><h3 class=\"et_pb_module_header\">Erlebnisse international und \u00fcber alle Touchpoints hinweg validieren<\/h3><div class=\"et_pb_blurb_description\"><p>Test-Kapazit\u00e4ten ausbauen, um \u00fcberall auf allen Ger\u00e4ten zu testen<\/p>\n<\/div><\/div><\/div><\/div>\n<\/div>\n\n<div class=\"et_pb_column_7 et_pb_column et_pb_column_1_3 et-last-child et_block_column et_pb_css_mix_blend_mode_passthrough\">\n<div class=\"et_pb_blurb_2 et_pb_blurb et_pb_bg_layout_light et_pb_text_align_center et_pb_blurb_position_top et_pb_module et_block_module preset--group--divi-blurb--divi-font-body--default preset--module--divi-blurb--default\"><div class=\"et_pb_blurb_content\"><div class=\"et_pb_main_blurb_image\"><span class=\"et_pb_image_wrap et_pb_only_image_mode_wrap\"><img decoding=\"async\" src=\"https:\/\/www.applause.com\/wp-content\/uploads\/icon-device-coverage-1.svg\" width=\"40\" height=\"40\" srcset=\"https:\/\/www.applause.com\/wp-content\/uploads\/icon-device-coverage-1.svg 40w\" sizes=\"(max-width: 40px) 100vw, 40px\" class=\"et_animated wp-image-67014\" alt=\"Best\u00e4tigen, dass Treueprogramme jedes Mal wie beabsichtigt funktionieren\" \/><\/span><\/div><div class=\"et_pb_blurb_container\"><h3 class=\"et_pb_module_header\">Best\u00e4tigen, dass Treueprogramme jedes Mal wie beabsichtigt funktionieren<\/h3><div class=\"et_pb_blurb_description\"><p>53 % der Verbraucher nehmen an einem Treueprogramm teil, weil es einfach verwendbar ist<\/p>\n<\/div><\/div><\/div><\/div>\n<\/div>\n<\/div>\n<\/div>\n\n<div class=\"et_pb_section_3 et_pb_section et_section_regular et_block_section\">\n<div class=\"et_pb_row_4 et_pb_row et_block_row\">\n<div class=\"et_pb_column_8 et_pb_column et_pb_column_1_2 et_block_column et_pb_css_mix_blend_mode_passthrough\">\n<div class=\"et_pb_image_2 et_pb_image et_pb_module et_block_module preset--module--divi-image--default\"><span class=\"et_pb_image_wrap\"><img decoding=\"async\" src=\"https:\/\/www.applause.com\/wp-content\/uploads\/travel-secondary.webp\" width=\"500\" height=\"544\" srcset=\"https:\/\/www.applause.com\/wp-content\/uploads\/travel-secondary.webp 500w, https:\/\/www.applause.com\/wp-content\/uploads\/travel-secondary-480x522.webp 480w\" sizes=\"(min-width: 0px) and (max-width: 480px) 480px, (min-width: 481px) 500px, 100vw\" class=\"wp-image-151182\" alt=\"Tests mit realen Reisenden bringen die Erkenntnisse\" title=\"Tests mit realen Reisenden bringen die Erkenntnisse\" \/><\/span><\/div>\n<\/div>\n\n<div class=\"et_pb_column_9 et_pb_column et_pb_column_1_2 et-last-child et_block_column et_pb_css_mix_blend_mode_passthrough\">\n<div class=\"et_pb_text_3 et_pb_text et_pb_bg_layout_light et_pb_module et_block_module section-paragraph blue-subhead preset--module--divi-text--5aed21f5-56f5-4361-ae14-c13d137326fc\"><div class=\"et_pb_text_inner\"><h2>Exzellenz und Treue sind nur realisierbar, wenn du deine Kunden kennst<\/h2>\n<h3>Tests mit realen Reisenden bringen die Erkenntnisse, die du brauchst, um die Qualit\u00e4t anzubieten, die Reisende wiederkommen l\u00e4sst<\/h3>\n<p>Treue gewinnst du nicht mit Labortests \u2013 du ben\u00f6tigst einen Weg, mit dem du mit echten Nutzern auf echten Ger\u00e4ten testen kannst.<\/p>\n<p>Durch unseren Community-basierten Ansatz stellt Applause ma\u00dfgeschneiderte und vielf\u00e4ltige Teams qualifizierter, unabh\u00e4ngiger Tester bereit, die deine internen QA-Bem\u00fchungen verst\u00e4rken. Tester werden entsprechend der Demografie ausgew\u00e4hlt, die dir wichtig ist. Das k\u00f6nnen Neulinge f\u00fcr deine Treueprogramme oder Reisende mit spezifischen Bed\u00fcrfnissen und Attributen sein. Die Tester interagieren mit deinen Diensten unter authentischen Bedingungen auf den Endger\u00e4ten und an den Orten, die f\u00fcr dich relevant sind, und identifizieren Bugs mit hoher Priorit\u00e4t, ehe deine Kunden darauf sto\u00dfen.<\/p>\n<p>Unser Ansatz kombiniert explorative Tests, um Probleme aufzudecken, die durch unerwartete Nutzungsmuster und authentische Bedingungen entstehen, mit strukturierten Tests, um sicherzustellen, dass Kernfunktionen wie geplant funktionieren. Dank der Gr\u00f6\u00dfe und Vielfalt unserer Community kannst du in jedem Land, in jeder Sprache und auf jedem regionsspezifischen Endger\u00e4t testen und so sicherstellen, dass alle Funktionen auf die individuellen Gegebenheiten deiner lokalen M\u00e4rkte abgestimmt sind.<\/p>\n<\/div><\/div>\n<\/div>\n<\/div>\n<\/div>\n\n<div class=\"et_pb_section_4 et_pb_section et_section_regular et_block_section\">\n\n<\/div>\n\n<div class=\"et_pb_section_5 et_pb_section et_section_regular et_block_section\">\n<div class=\"et_pb_row_5 et_pb_row et_block_row\">\n<div class=\"et_pb_column_10 et_pb_column et_pb_column_1_2 et_block_column et_pb_css_mix_blend_mode_passthrough\">\n<div class=\"et_pb_text_4 et_pb_text et_pb_bg_layout_light et_pb_module et_block_module section-paragraph blue-subhead preset--module--divi-text--5aed21f5-56f5-4361-ae14-c13d137326fc\"><div class=\"et_pb_text_inner\"><h2>Sind traditionelle Testverfahren eine Entt\u00e4uschung f\u00fcr deine Reisenden?<\/h2>\n<p>Wir zeigen dir, wie du die Kapazit\u00e4ten deines Teams erweitern und die Qualit\u00e4t deiner digitalen Erlebnisse f\u00fcr deine Reisenden steigern kannst. Es geht ganz einfach: F\u00fclle das Formular aus und starte deine profitable Reise, genau wie Tausende von Applause-Kunden vor dir. Das kannst du erwarten:<\/p>\n<ul>&nbsp;<\/p>\n<li dir=\"ltr\">\n<p dir=\"ltr\"><strong>K\u00fcrzere Time-to-Market f\u00fcr deine Releases<\/strong>:\u00a0Starte Testzyklen zu jeder Zeit und erhalte innerhalb von Stunden Ergebnisse.<\/p>\n<\/li>\n<li dir=\"ltr\">\n<p dir=\"ltr\"><strong>Gesteigerte Produktivit\u00e4t<\/strong>:\u00a0Erhalte Zugang zu qualifizierten Testing-Teams in dem von dir ben\u00f6tigten Umfang.<\/p>\n<\/li>\n<li dir=\"ltr\">\n<p dir=\"ltr\"><strong>H\u00f6here Qualit\u00e4t<\/strong>:\u00a0Decke kritische Fehler auf, bevor Reisende darauf sto\u00dfen.<\/p>\n<\/li>\n<\/ul>\n<\/div><\/div>\n<\/div>\n\n<div class=\"et_pb_column_11 et_pb_column et_pb_column_1_2 et-last-child et_block_column et_pb_css_mix_blend_mode_passthrough\">\n<div class=\"et_pb_text_5 et_pb_text et_pb_bg_layout_light et_pb_module et_block_module section-paragraph blue-subhead preset--module--divi-text--5aed21f5-56f5-4361-ae14-c13d137326fc\"><div class=\"et_pb_text_inner\"><div class=\"element-paragraphText\">\n<div class=\"title-container\">\n<h2 class=\"title as-h2\">Du hast eine Frage? Dann nimm Kontakt mit uns auf!<\/h2>\n<\/div>\n<\/div>\n<hr>\n<\/div><\/div>\n\n<div class=\"et_pb_code_0 et_pb_code et_pb_module\"><div class=\"et_pb_code_inner\"><form id=\"mktoForm_3153\"><div class=\"legend\"><span class=\"mktoAsterix\">*<\/span> Markiert ein Pflichtfeld<\/div><\/form><\/div><\/div>\n<\/div>\n<\/div>\n<\/div>\n\n<div class=\"et_pb_section_6 et_pb_section et_section_regular et_block_section preset--module--divi-section--bhcb6jxywh\">\n<div class=\"et_pb_row_6 et_pb_row et_block_row preset--module--divi-row--61zcgfi1e0\">\n<div class=\"et_pb_column_12 et_pb_column et-last-child et_block_column et_pb_css_mix_blend_mode_passthrough et_flex_column_24_24 et_flex_column_24_24_tablet et_flex_column_24_24_phone et_flex_column_24_24_phoneWide et_flex_column_24_24_tabletWide et_flex_column_24_24_widescreen et_flex_column_24_24_ultraWide\">\n<div class=\"et_pb_text_6 et_pb_text et_pb_bg_layout_light et_pb_module et_block_module preset--module--divi-text--97829db1-4e26-4955-99fc-cc9a3cacebb7\"><div class=\"et_pb_text_inner\"><h2>Erfahren Sie mehr \u00fcber digitale Qualit\u00e4t<\/h2>\n<p>Von Kundengeschichten bis hin zu Expertenwissen \u2013 unser Ressourcen-Center gibt Ihnen tiefere Einblicke in unseren Ansatz zur digitalen Qualit\u00e4t.<\/p>\n<\/div><\/div>\n\n<div class=\"et_pb_module et_pb_button_module_wrapper et_pb_button_0_wrapper preset--module--divi-button--n0307jqe3u_wrapper\"><a class=\"et_pb_button_0 et_pb_button et_pb_bg_layout_light et_pb_module et_block_module preset--module--divi-button--n0307jqe3u\" href=\"\/de\/ressourcen\/\">Entdecken Sie das Ressourcen-Center<\/a><\/div>\n<\/div>\n<\/div>\n<\/div>","protected":false},"excerpt":{"rendered":"","protected":false},"author":42,"featured_media":0,"parent":0,"menu_order":0,"comment_status":"closed","ping_status":"closed","template":"","meta":{"_acf_changed":false,"inline_featured_image":false,"footnotes":""},"categories":[390],"tags":[],"class_list":["post-19785","page","type-page","status-publish","hentry","category-solutions"],"acf":[],"_links":{"self":[{"href":"https:\/\/www.applause.com\/de\/wp-json\/wp\/v2\/pages\/19785","targetHints":{"allow":["GET"]}}],"collection":[{"href":"https:\/\/www.applause.com\/de\/wp-json\/wp\/v2\/pages"}],"about":[{"href":"https:\/\/www.applause.com\/de\/wp-json\/wp\/v2\/types\/page"}],"author":[{"embeddable":true,"href":"https:\/\/www.applause.com\/de\/wp-json\/wp\/v2\/users\/42"}],"replies":[{"embeddable":true,"href":"https:\/\/www.applause.com\/de\/wp-json\/wp\/v2\/comments?post=19785"}],"version-history":[{"count":4,"href":"https:\/\/www.applause.com\/de\/wp-json\/wp\/v2\/pages\/19785\/revisions"}],"predecessor-version":[{"id":156545,"href":"https:\/\/www.applause.com\/de\/wp-json\/wp\/v2\/pages\/19785\/revisions\/156545"}],"wp:attachment":[{"href":"https:\/\/www.applause.com\/de\/wp-json\/wp\/v2\/media?parent=19785"}],"wp:term":[{"taxonomy":"category","embeddable":true,"href":"https:\/\/www.applause.com\/de\/wp-json\/wp\/v2\/categories?post=19785"},{"taxonomy":"post_tag","embeddable":true,"href":"https:\/\/www.applause.com\/de\/wp-json\/wp\/v2\/tags?post=19785"}],"curies":[{"name":"wp","href":"https:\/\/api.w.org\/{rel}","templated":true}]}}