{"id":19777,"date":"2023-08-23T08:12:46","date_gmt":"2023-08-23T12:12:46","guid":{"rendered":"https:\/\/www.applause.com\/payment-testing-2\/"},"modified":"2026-04-22T13:24:57","modified_gmt":"2026-04-22T17:24:57","slug":"payment-testing","status":"publish","type":"page","link":"https:\/\/www.applause.com\/de\/payment-testing\/","title":{"rendered":"Zahlungstests mit echtem Mehrtwert"},"content":{"rendered":"<div class=\"et_pb_section_0 et_pb_section et_section_regular et_block_section hero-section-v3 hero-section-blue\">\n<div class=\"et_pb_row_0 et_pb_row et_pb_equal_columns et_block_row\">\n<div class=\"et_pb_column_0 et_pb_column et_pb_column_3_5 et_block_column et_pb_css_mix_blend_mode_passthrough\">\n<div class=\"et_pb_heading_0 et_pb_heading et_pb_module et_block_module mini-blue-title preset--module--divi-heading--8r75zxphr1\"><div class=\"et_pb_heading_container\"><h1 class=\"et_pb_module_header\">ZAHLUNGSTESTS<\/h1><\/div><\/div>\n\n<div class=\"et_pb_text_0 et_pb_text et_pb_bg_layout_light et_pb_module et_block_module hero-heading preset--module--divi-text--16gm90elfm\"><div class=\"et_pb_text_inner\"><h2>Erm\u00f6glichen Sie reibungslose Transaktionen weltweit<\/h2>\n<p>Die Welt der digitalen Zahlungen ist komplex. Wir bieten sowohl Know-how als auch Zugang zu globalen, am Markt t\u00e4tigen Testern, die ihre eigenen Zahlungsinstrumente verwenden.<\/p>\n<\/div><\/div>\n<\/div>\n\n<div class=\"et_pb_column_1 et_pb_column et_pb_column_2_5 et-last-child et_block_column et_pb_css_mix_blend_mode_passthrough\">\n<div class=\"et_pb_image_0 et_pb_image et_pb_module et_block_module no-lazyload preset--module--divi-image--default\"><span class=\"et_pb_image_wrap\"><img decoding=\"async\" src=\"https:\/\/www.applause.com\/wp-content\/uploads\/Hero-Payment-German.webp\" width=\"780\" height=\"520\" srcset=\"https:\/\/www.applause.com\/wp-content\/uploads\/Hero-Payment-German.webp 780w, https:\/\/www.applause.com\/wp-content\/uploads\/Hero-Payment-German-480x320.webp 480w\" sizes=\"(min-width: 0px) and (max-width: 480px) 480px, (min-width: 481px) 780px, 100vw\" class=\"wp-image-139961\" alt=\"Erm\u00f6glichen Sie reibungslose Transaktionen weltweit\" \/><\/span><\/div>\n<\/div>\n<\/div>\n<\/div>\n\n<div class=\"et_pb_section_1 et_pb_section et_section_regular et_block_section\">\n<div class=\"et_pb_row_1 et_pb_row et_block_row\">\n<div class=\"et_pb_column_2 et_pb_column et_pb_column_1_2 et_block_column et_pb_css_mix_blend_mode_passthrough\">\n<div class=\"et_pb_code_0 et_pb_code et_pb_module\"><div class=\"et_pb_code_inner\"><!--  Wistia Embed for t1ih96n6sp (Type: image) --><script src='https:\/\/fast.wistia.com\/embed\/t1ih96n6sp.js' async type='module'><\/script><div class='wistia-aurora-player wistia-aurora-player-popover'>\n                <wistia-player id='wistia_player_id_t1ih96n6sp' media-id='t1ih96n6sp' wistia-popover popover-prevent-scroll popover-content='html' controls-visible-on-load='true' play-pause-control='true'><\/wistia-player>\n                <a id='wistia_button_id_t1ih96n6sp' href='#wistia_t1ih96n6sp' role='button' tabindex='0' class='wistia-aurora-button' aria-label='Play Video: Payment Testing Video' aria-controls='_popover_container'>\n                    <button type='button' aria-hidden='true' role='presentation' tabindex='-1'>\n                        <svg alt='' class='play-button' width='100%' height='100%' viewBox='0 0 80 80' fill='none' xmlns='https:\/\/www.w3.org\/2000\/svg'>\n                            <circle class='play-bg' cx='40' cy='40' r='40' fill='white' fill-opacity='0.8'><\/circle>\n                            <path class='play-icon' d='M56 40L31.8712 53.8564L31.8712 26.1436L56 40Z' fill='#0272B4'><\/path>\n                        <\/svg>\n                    <\/button>\n                    <img decoding=\"async\" src=\"https:\/\/www.applause.com\/wp-content\/uploads\/Payments-Resource-Thumbnail.png\" alt=\"Play Video: Payment Testing Video\" width=\"700\" height=\"420\" class=\"aligncenter size-full wp-image-151314\" srcset=\"https:\/\/www.applause.com\/wp-content\/uploads\/Payments-Resource-Thumbnail.png 700w, https:\/\/www.applause.com\/wp-content\/uploads\/Payments-Resource-Thumbnail-480x288.png 480w\" sizes=\"(min-width: 0px) and (max-width: 480px) 480px, (min-width: 481px) 700px, 100vw\" \/>\n                <\/a>\n            <\/div><div class='et_pb_toggle et_pb_toggle_item et_pb_module et_flex_module et_pb_toggle_close wistia-transcript-toggle' id='toggle_6a06a7357c29d' tabindex='0'><h5 class='et_pb_toggle_title' role='button' aria-controls='toggle_panel_6a06a7357c29d' aria-expanded='false'>Read the Transcript<\/h5><div class='et_pb_toggle_content clearfix et_flex_module wistia-transcript-container' id='toggle_panel_6a06a7357c29d' style='display: none;'><wistia-transcript media-id='t1ih96n6sp'><\/wistia-transcript><\/div><\/div><\/div><\/div>\n<\/div>\n\n<div class=\"et_pb_column_3 et_pb_column et_pb_column_1_2 et-last-child et_block_column et_pb_css_mix_blend_mode_passthrough\">\n<div class=\"et_pb_text_1 et_pb_text et_pb_bg_layout_light et_pb_module et_block_module section-paragraph blue-subhead preset--module--divi-text--5aed21f5-56f5-4361-ae14-c13d137326fc\"><div class=\"et_pb_text_inner\"><h2>Echte Menschen + Echte Transaktionen = Echte Ergebnisse<\/h2>\n<h3>Testen mit auf dem Markt erh\u00e4ltlichen, unterschiedlichen Zahlungsinstrumenten schafft Vertrauen in einer komplexen Landschaft.<\/h3>\n<p>Die Verbraucher von heute erwarten, dass ihre digitalen Transaktionen mit ihrer bevorzugten Zahlungsart reibungslos ablaufen, oder Sie brechen den Einkauf ab. Die Abbruchraten werden pro Jahr auf 111 Milliarden bis 136 Milliarden USD an Umsatzeinbu\u00dfen f\u00fcr US-Einzelh\u00e4ndler gesch\u00e4tzt. Wie k\u00f6nnen Sie in der komplexen, hochwertigen Welt des globalen E-Commerce, der voraussichtlich bis Ende 2024 einen Umsatz von 6,3 Billionen USD erreichen wird, reibungslose Zahlungen sicherstellen?<\/p>\n<p>Zahlungstests mit Applause stellen die Qualit\u00e4t in jeder Phase des digitalen Zahlungsprozesses sicher und gew\u00e4hrleisten, dass Ihre Apps und Websites f\u00fcr jeden Nutzer auf der ganzen Welt funktionsf\u00e4hig, intuitiv und inklusiv sind. Unsere Testing-Abdeckung ist un\u00fcbertroffen, mit mehr als 1,5 Millionen unabh\u00e4ngigen Experten und Endnutzern in \u00fcber 200 L\u00e4ndern, die \u00fcber 80 Sprachen sprechen und bereit sind, jeden Aspekt des digitalen Zahlungsprozesses auf dem Markt auf Live-Zahlungsinstrumenten rund um die Uhr zu testen.<\/p>\n<\/div><\/div>\n<\/div>\n<\/div>\n<\/div>\n\n<div class=\"et_pb_section_2 et_pb_section et_section_regular et_block_section\">\n<div class=\"et_pb_row_2 et_pb_row et_block_row\">\n<div class=\"et_pb_column_4 et_pb_column et_pb_column_4_4 et-last-child et_block_column et_pb_css_mix_blend_mode_passthrough\">\n<div class=\"et_pb_text_2 et_pb_text et_pb_bg_layout_light et_pb_module et_block_module section-icon-blocks preset--module--divi-text--6cksqzi0qy\"><div class=\"et_pb_text_inner\"><h2>Den Verkauf abzuschlie\u00dfen ist schwer \u2013 die Transaktion sollte einfach sein.<\/h2>\n<p>Applause gibt Ihnen Sicherheit durch das Testen von Live-Transaktionen mit echten Menschen und Zahlungsinstrumenten.<\/p>\n<\/div><\/div>\n<\/div>\n<\/div>\n\n<div class=\"et_pb_row_3 et_pb_row et_pb_row_4col et_pb_gutters2 et_block_row et_block_row_4col section-icon-blocks\">\n<div class=\"et_pb_column_5 et_pb_column et_pb_column_1_4 et_block_column et_pb_css_mix_blend_mode_passthrough\">\n<div class=\"et_pb_blurb_0 et_pb_blurb et_pb_bg_layout_light et_pb_text_align_center et_pb_blurb_position_top et_pb_module et_block_module preset--group--divi-blurb--divi-font-body--default preset--module--divi-blurb--default\"><div class=\"et_pb_blurb_content\"><div class=\"et_pb_main_blurb_image\"><span class=\"et_pb_image_wrap et_pb_only_image_mode_wrap\"><img decoding=\"async\" src=\"https:\/\/www.applause.com\/wp-content\/uploads\/Credit-Card-Streamline-Streamline-3.0.svg\" width=\"64\" height=\"64\" srcset=\"https:\/\/www.applause.com\/wp-content\/uploads\/Credit-Card-Streamline-Streamline-3.0.svg 64w\" sizes=\"(min-width: 0px) and (max-width: 0px) 0px, (min-width: 1px) 64px, 100vw\" class=\"et_animated wp-image-130715\" alt=\"Authentisches Endnutzer-Feedback\" \/><\/span><\/div><div class=\"et_pb_blurb_container\"><h4 class=\"et_pb_module_header\">Authentisches Endnutzer-Feedback<\/h4><div class=\"et_pb_blurb_description\"><p> Erhalten Sie zuverl\u00e4ssige, unvoreingenommene Einblicke, die Sie mit Platzhalter-Karten oder internem Testing nicht erhalten.<\/p>\n<\/div><\/div><\/div><\/div>\n<\/div>\n\n<div class=\"et_pb_column_6 et_pb_column et_pb_column_1_4 et_block_column et_pb_css_mix_blend_mode_passthrough\">\n<div class=\"et_pb_blurb_1 et_pb_blurb et_pb_bg_layout_light et_pb_text_align_center et_pb_blurb_position_top et_pb_module et_block_module preset--group--divi-blurb--divi-font-body--default preset--module--divi-blurb--default\"><div class=\"et_pb_blurb_content\"><div class=\"et_pb_main_blurb_image\"><span class=\"et_pb_image_wrap et_pb_only_image_mode_wrap\"><img decoding=\"async\" src=\"https:\/\/www.applause.com\/wp-content\/uploads\/Currency-User-Exchange-Streamline-Streamline-3.0.svg\" width=\"64\" height=\"64\" srcset=\"https:\/\/www.applause.com\/wp-content\/uploads\/Currency-User-Exchange-Streamline-Streamline-3.0.svg 64w\" sizes=\"(min-width: 0px) and (max-width: 0px) 0px, (min-width: 1px) 64px, 100vw\" class=\"et_animated wp-image-130711\" alt=\"Globale Omnichannel-Abdeckung\" \/><\/span><\/div><div class=\"et_pb_blurb_container\"><h4 class=\"et_pb_module_header\">Globale Omnichannel-Abdeckung<\/h4><div class=\"et_pb_blurb_description\"><p>Stellen Sie l\u00e4nder\u00fcbergreifenden Erfolg mit einer globalen Testing-Basis sicher, um die Lokalisierungs-Funktionen Ihrer App oder Website zu testen.<\/p>\n<\/div><\/div><\/div><\/div>\n<\/div>\n\n<div class=\"et_pb_column_7 et_pb_column et_pb_column_1_4 et_block_column et_pb_css_mix_blend_mode_passthrough\">\n<div class=\"et_pb_blurb_2 et_pb_blurb et_pb_bg_layout_light et_pb_text_align_center et_pb_blurb_position_top et_pb_module et_block_module preset--group--divi-blurb--divi-font-body--default preset--module--divi-blurb--default\"><div class=\"et_pb_blurb_content\"><div class=\"et_pb_main_blurb_image\"><span class=\"et_pb_image_wrap et_pb_only_image_mode_wrap\"><img decoding=\"async\" src=\"https:\/\/www.applause.com\/wp-content\/uploads\/Monitor-Chart-Streamline-Streamline-3.0.svg\" class=\"et_animated wp-image-130725\" alt=\"Datenreiches Echtzeit-Reporting\" \/><\/span><\/div><div class=\"et_pb_blurb_container\"><h4 class=\"et_pb_module_header\">Datenreiches Echtzeit-Reporting<\/h4><div class=\"et_pb_blurb_description\"><p>Berichte, Screenshots und Aufzeichnungen von Live-Transaktionen sorgen f\u00fcr Sichtbarkeit au\u00dferhalb des \u201eHappy Path\u201c.<\/p>\n<\/div><\/div><\/div><\/div>\n<\/div>\n\n<div class=\"et_pb_column_8 et_pb_column et_pb_column_1_4 et-last-child et_block_column et_pb_css_mix_blend_mode_passthrough\">\n<div class=\"et_pb_blurb_3 et_pb_blurb et_pb_bg_layout_light et_pb_text_align_center et_pb_blurb_position_top et_pb_module et_block_module preset--group--divi-blurb--divi-font-body--default preset--module--divi-blurb--default\"><div class=\"et_pb_blurb_content\"><div class=\"et_pb_main_blurb_image\"><span class=\"et_pb_image_wrap et_pb_only_image_mode_wrap\"><img decoding=\"async\" src=\"https:\/\/www.applause.com\/wp-content\/uploads\/Contactless-Payment-Streamline-Streamline-3.0.svg\" width=\"64\" height=\"64\" srcset=\"https:\/\/www.applause.com\/wp-content\/uploads\/Contactless-Payment-Streamline-Streamline-3.0.svg 64w\" sizes=\"(min-width: 0px) and (max-width: 0px) 0px, (min-width: 1px) 64px, 100vw\" class=\"et_animated wp-image-130719\" alt=\"Einf\u00fchrung neuer Zahlungsmethoden\" \/><\/span><\/div><div class=\"et_pb_blurb_container\"><h4 class=\"et_pb_module_header\">Einf\u00fchrung neuer Zahlungsmethoden<\/h4><div class=\"et_pb_blurb_description\"><p>Da die Tester bereits auf dem Markt sind und neue Zahlungsformen verwenden, k\u00f6nnen Sie schnell das ben\u00f6tigte Team zum Testen zusammenstellen.<\/p>\n<\/div><\/div><\/div><\/div>\n<\/div>\n<\/div>\n<\/div>\n\n<div class=\"et_pb_section_3 et_pb_section et_section_regular et_block_section\">\n<div class=\"et_pb_row_4 et_pb_row et_block_row\">\n<div class=\"et_pb_column_9 et_pb_column et_pb_column_1_2 et_block_column et_pb_css_mix_blend_mode_passthrough\">\n<div class=\"et_pb_image_1 et_pb_image et_pb_module et_block_module preset--module--divi-image--default\"><span class=\"et_pb_image_wrap\"><img decoding=\"async\" src=\"https:\/\/www.applause.com\/wp-content\/uploads\/payments-two.jpg\" width=\"640\" height=\"460\" srcset=\"https:\/\/www.applause.com\/wp-content\/uploads\/payments-two.jpg 640w, https:\/\/www.applause.com\/wp-content\/uploads\/payments-two-480x345.jpg 480w\" sizes=\"(min-width: 0px) and (max-width: 480px) 480px, (min-width: 481px) 640px, 100vw\" class=\"wp-image-130731\" alt=\"Bereiten Sie sich auf jedes Zahlungsszenario vor\" title=\"Bereiten Sie sich auf jedes Zahlungsszenario vor\" \/><\/span><\/div>\n<\/div>\n\n<div class=\"et_pb_column_10 et_pb_column et_pb_column_1_2 et-last-child et_block_column et_pb_css_mix_blend_mode_passthrough\">\n<div class=\"et_pb_text_3 et_pb_text et_pb_bg_layout_light et_pb_module et_block_module section-paragraph blue-subhead preset--module--divi-text--5aed21f5-56f5-4361-ae14-c13d137326fc\"><div class=\"et_pb_text_inner\"><h2>Bereiten Sie sich auf jedes Zahlungsszenario vor<\/h2>\n<h3>Verbessern Sie die Benutzerfreundlichkeit und reduzieren Sie Risiken mit einem Team zum Testen vor Ort, das an Ihre spezifischen Anwendungsf\u00e4lle angepasst ist.<\/h3>\n<p>Kreditkarten sind online weiterhin die beliebteste Zahlungsm\u00f6glichkeit, aber mobile\/digitale Brieftaschen, Kryptow\u00e4hrungen, Partner f\u00fcr Buy-Now-Pay-Later (BNPL) und alternative Zahlungsanbieter werden immer beliebter. Auch die bevorzugten Zahlungsmethoden sind von Region zu Region unterschiedlich, einschlie\u00dflich lokaler Bank\u00fcberweisungen, was zu einer fragmentierten Landschaft f\u00fchrt. Kl\u00e4ren Sie jeden Zahlungs- und Anwendungsfall an den Standorten, die Sie unterst\u00fctzen, mit den Zahlungsinstrumenten, die Sie ben\u00f6tigen.<\/p>\n<\/div><\/div>\n<\/div>\n<\/div>\n\n<div class=\"et_pb_row_5 et_pb_row et_block_row\">\n<div class=\"et_pb_column_11 et_pb_column et_pb_column_1_2 et_block_column et_pb_css_mix_blend_mode_passthrough\">\n<div class=\"et_pb_text_4 et_pb_text et_pb_bg_layout_light et_pb_module et_block_module section-paragraph blue-subhead preset--module--divi-text--5aed21f5-56f5-4361-ae14-c13d137326fc\"><div class=\"et_pb_text_inner\"><h2>Sichern Sie Qualit\u00e4t von Anfang bis Ende<\/h2>\n<h3>Integrieren Sie Testen in jeden Schritt der Endnutzererfahrung, um die Kundenzufriedenheit nach dem Kauf aufrechtzuerhalten.<\/h3>\n<p>Wir testen jeden Aspekt der komplexen Customer Journey, um den reibungslosen Ablauf digitaler Transaktionen sicherzustellen. Von Best\u00e4tigungsbildschirmen und Quittungen bis hin zu Versandaktualisierungen, R\u00fccksendungen, Umtausch, Verl\u00e4ngerungen, Pr\u00e4mienprogrammen und mehr gibt es zahlreiche M\u00f6glichkeiten zur \u00dcberpr\u00fcfung und Verbesserung. Angesichts der zus\u00e4tzlichen Komplexit\u00e4t von mehreren Zahlungsmethoden und unz\u00e4hliger internationaler Erw\u00e4gungen ist eine umfassende Qualit\u00e4tssicherung-Strategie erforderlich, um erfolgreich zu sein.<\/p>\n<\/div><\/div>\n<\/div>\n\n<div class=\"et_pb_column_12 et_pb_column et_pb_column_1_2 et-last-child et_block_column et_pb_css_mix_blend_mode_passthrough\">\n<div class=\"et_pb_image_2 et_pb_image et_pb_module et_block_module preset--module--divi-image--default\"><span class=\"et_pb_image_wrap\"><img decoding=\"async\" src=\"https:\/\/www.applause.com\/wp-content\/uploads\/payments-three.jpg\" width=\"640\" height=\"460\" srcset=\"https:\/\/www.applause.com\/wp-content\/uploads\/payments-three.jpg 640w, https:\/\/www.applause.com\/wp-content\/uploads\/payments-three-480x345.jpg 480w\" sizes=\"(min-width: 0px) and (max-width: 480px) 480px, (min-width: 481px) 640px, 100vw\" class=\"wp-image-130743\" alt=\"Sichern Sie Qualit\u00e4t von Anfang bis Ende\" title=\"Sichern Sie Qualit\u00e4t von Anfang bis Ende\" \/><\/span><\/div>\n<\/div>\n<\/div>\n\n<div class=\"et_pb_row_6 et_pb_row et_block_row\">\n<div class=\"et_pb_column_13 et_pb_column et_pb_column_1_2 et_block_column et_pb_css_mix_blend_mode_passthrough\">\n<div class=\"et_pb_image_3 et_pb_image et_pb_module et_block_module preset--module--divi-image--default\"><span class=\"et_pb_image_wrap\"><img decoding=\"async\" src=\"https:\/\/www.applause.com\/wp-content\/uploads\/payments-four.jpg\" width=\"640\" height=\"460\" srcset=\"https:\/\/www.applause.com\/wp-content\/uploads\/payments-four.jpg 640w, https:\/\/www.applause.com\/wp-content\/uploads\/payments-four-480x345.jpg 480w\" sizes=\"(min-width: 0px) and (max-width: 480px) 480px, (min-width: 481px) 640px, 100vw\" class=\"wp-image-130727\" alt=\"Integriertes Lokalisierung-Testen f\u00fcr grenz\u00fcberschreitenden Erfolg\" title=\"Integriertes Lokalisierung-Testen f\u00fcr grenz\u00fcberschreitenden Erfolg\" \/><\/span><\/div>\n<\/div>\n\n<div class=\"et_pb_column_14 et_pb_column et_pb_column_1_2 et-last-child et_block_column et_pb_css_mix_blend_mode_passthrough\">\n<div class=\"et_pb_text_5 et_pb_text et_pb_bg_layout_light et_pb_module et_block_module section-paragraph blue-subhead preset--module--divi-text--5aed21f5-56f5-4361-ae14-c13d137326fc\"><div class=\"et_pb_text_inner\"><h2>Integriertes Lokalisierung-Testen f\u00fcr grenz\u00fcberschreitenden Erfolg<\/h2>\n<h3>Um auf jedem Markt zu wachsen, testen Sie auf genaue \u00dcbersetzungen, W\u00e4hrungsumrechnungen und mehr.<\/h3>\n<p>52 % der Verbraucher haben schon einmal eine App oder Website aufgrund mangelhafter Lokalisierung verlassen. Verbraucher sind zwar bereit, Apps in anderen Sprachen als ihrer eigenen zu verwenden, aber sie erwarten korrekte \u00dcbersetzungen, die entsprechende W\u00e4hrung, genaue Ortskenntnisse und einen nat\u00fcrlichen Zahlungsablauf, um Transaktionen abzuschlie\u00dfen. Anhand von Tests mit echten Menschen in den L\u00e4ndern, in denen Ihr Unternehmen t\u00e4tig ist, k\u00f6nnen Probleme schnell erkannt und gel\u00f6st werden.<\/p>\n<\/div><\/div>\n\n<div class=\"et_pb_module et_pb_button_module_wrapper et_pb_button_0_wrapper preset--module--divi-button--54dca2b9-5575-4775-9062-4dce04480576_wrapper\"><a class=\"et_pb_button_0 et_pb_button et_pb_bg_layout_dark et_pb_module et_block_module preset--module--divi-button--54dca2b9-5575-4775-9062-4dce04480576\" href=\"https:\/\/www.applause.com\/de\/lokalisierungstests\/\">Mehr erfahren<\/a><\/div>\n<\/div>\n<\/div>\n<\/div>\n\n<div class=\"et_pb_section_4 et_pb_section et_section_regular et_block_section\">\n\n<\/div>\n\n<div class=\"et_pb_section_5 et_pb_section et_section_regular et_block_section\">\n<div class=\"et_pb_row_7 et_pb_row et_block_row\">\n<div class=\"et_pb_column_15 et_pb_column et_pb_column_1_2 et_block_column et_pb_css_mix_blend_mode_passthrough\">\n<div class=\"et_pb_text_6 et_pb_text et_pb_bg_layout_light et_pb_module et_block_module section-paragraph blue-subhead preset--module--divi-text--5aed21f5-56f5-4361-ae14-c13d137326fc\"><div class=\"et_pb_text_inner\"><h2 class=\"title as-h2\">Steigern Sie die Kundenbindung mit nahtloser E-Commerce-Funktionalit\u00e4t.<\/h2>\n<p class=\"last:tw-mb-0\">Mit unserer Tester-Community, die jeden Aspekt Ihrer Transaktionen validieren, k\u00f6nnen wir Ihnen helfen, Kaufabbr\u00fcche zu vermeiden und in neuen M\u00e4rkten zu expandieren.<\/p>\n<p class=\"last:tw-mb-0\">\n<ul>\n<li>Erhalten Sie Zugang zu der weltweit gr\u00f6\u00dften Community von Zahlungstestern, die rund um die Uhr an 365 Tagen \u00fcberall auf der Welt echte Transaktionen durchf\u00fchren.<\/li>\n<li>Erg\u00e4nzen Sie Ihr Wissen durch spezifisches Testen-Know-how in E-Commerce, (digitaler) Barrierefreiheit, User Experience und Lokalisierung.<\/li>\n<li>Vermeiden Sie Einkaufsabbr\u00fcche und steigern Sie Interaktionen, indem Sie sicherstellen, dass Zahlungsabl\u00e4ufe wie erwartet funktionieren.<\/li>\n<\/ul>\n<\/div><\/div>\n<\/div>\n\n<div class=\"et_pb_column_16 et_pb_column et_pb_column_1_2 et-last-child et_block_column et_pb_css_mix_blend_mode_passthrough\">\n<div class=\"et_pb_text_7 et_pb_text et_pb_bg_layout_light et_pb_module et_block_module section-heading-wide preset--module--divi-text--6cksqzi0qy\"><div class=\"et_pb_text_inner\"><h2 class=\"title as-h2\">Du hast eine Frage? Dann nimm Kontakt mit uns auf!<\/h2>\n<hr>\n<\/div><\/div>\n\n<div class=\"et_pb_text_8 et_pb_text et_pb_bg_layout_light et_pb_module et_block_module preset--group--divi-text--divi-font-body--default preset--module--divi-text--default\"><div class=\"et_pb_text_inner\"><form id=\"mktoForm_3153\"><div class=\"legend\"><span class=\"mktoAsterix\">*<\/span> Markiert ein Pflichtfeld<\/div><\/form>\n<\/div><\/div>\n<\/div>\n<\/div>\n<\/div>\n\n<div class=\"et_pb_section_6 et_pb_section et_section_regular et_block_section preset--module--divi-section--bhcb6jxywh\">\n<div class=\"et_pb_row_8 et_pb_row et_block_row preset--module--divi-row--61zcgfi1e0\">\n<div class=\"et_pb_column_17 et_pb_column et-last-child et_block_column et_pb_css_mix_blend_mode_passthrough et_flex_column_24_24 et_flex_column_24_24_tablet et_flex_column_24_24_phone et_flex_column_24_24_phoneWide et_flex_column_24_24_tabletWide et_flex_column_24_24_widescreen et_flex_column_24_24_ultraWide\">\n<div class=\"et_pb_text_9 et_pb_text et_pb_bg_layout_light et_pb_module et_block_module preset--module--divi-text--97829db1-4e26-4955-99fc-cc9a3cacebb7\"><div class=\"et_pb_text_inner\"><h2>Erfahren Sie mehr \u00fcber digitale Qualit\u00e4t<\/h2>\n<p>Von Kundengeschichten bis hin zu Expertenwissen \u2013 unser Ressourcen-Center gibt Ihnen tiefere Einblicke in unseren Ansatz zur digitalen Qualit\u00e4t.<\/p>\n<\/div><\/div>\n\n<div class=\"et_pb_module et_pb_button_module_wrapper et_pb_button_1_wrapper preset--module--divi-button--n0307jqe3u_wrapper\"><a class=\"et_pb_button_1 et_pb_button et_pb_bg_layout_light et_pb_module et_block_module preset--module--divi-button--n0307jqe3u\" href=\"\/de\/ressourcen\/\">Entdecken Sie das Ressourcen-Center<\/a><\/div>\n<\/div>\n<\/div>\n<\/div>","protected":false},"excerpt":{"rendered":"","protected":false},"author":42,"featured_media":0,"parent":0,"menu_order":0,"comment_status":"closed","ping_status":"closed","template":"","meta":{"_acf_changed":false,"inline_featured_image":false,"footnotes":""},"categories":[323,390,392],"tags":[],"class_list":["post-19777","page","type-page","status-publish","hentry","category-solutions"],"acf":[],"_links":{"self":[{"href":"https:\/\/www.applause.com\/de\/wp-json\/wp\/v2\/pages\/19777","targetHints":{"allow":["GET"]}}],"collection":[{"href":"https:\/\/www.applause.com\/de\/wp-json\/wp\/v2\/pages"}],"about":[{"href":"https:\/\/www.applause.com\/de\/wp-json\/wp\/v2\/types\/page"}],"author":[{"embeddable":true,"href":"https:\/\/www.applause.com\/de\/wp-json\/wp\/v2\/users\/42"}],"replies":[{"embeddable":true,"href":"https:\/\/www.applause.com\/de\/wp-json\/wp\/v2\/comments?post=19777"}],"version-history":[{"count":5,"href":"https:\/\/www.applause.com\/de\/wp-json\/wp\/v2\/pages\/19777\/revisions"}],"predecessor-version":[{"id":156144,"href":"https:\/\/www.applause.com\/de\/wp-json\/wp\/v2\/pages\/19777\/revisions\/156144"}],"wp:attachment":[{"href":"https:\/\/www.applause.com\/de\/wp-json\/wp\/v2\/media?parent=19777"}],"wp:term":[{"taxonomy":"category","embeddable":true,"href":"https:\/\/www.applause.com\/de\/wp-json\/wp\/v2\/categories?post=19777"},{"taxonomy":"post_tag","embeddable":true,"href":"https:\/\/www.applause.com\/de\/wp-json\/wp\/v2\/tags?post=19777"}],"curies":[{"name":"wp","href":"https:\/\/api.w.org\/{rel}","templated":true}]}}