{"id":19753,"date":"2023-08-23T08:09:56","date_gmt":"2023-08-23T12:09:56","guid":{"rendered":"https:\/\/www.applause.com\/gesundheitswesen\/"},"modified":"2026-04-22T11:29:50","modified_gmt":"2026-04-22T15:29:50","slug":"gesundheitswesen","status":"publish","type":"page","link":"https:\/\/www.applause.com\/de\/gesundheitswesen\/","title":{"rendered":"Digitales, hochwertiges Testing f\u00fcr das\u2026"},"content":{"rendered":"<div class=\"et_pb_section_0 et_pb_section et_section_regular et_block_section hero-section-v3 hero-section-blue\">\n<div class=\"et_pb_row_0 et_pb_row et_pb_equal_columns et_block_row\">\n<div class=\"et_pb_column_0 et_pb_column et_pb_column_3_5 et_block_column et_pb_css_mix_blend_mode_passthrough\">\n<div class=\"et_pb_heading_0 et_pb_heading et_pb_module et_block_module mini-blue-title preset--module--divi-heading--8r75zxphr1\"><div class=\"et_pb_heading_container\"><h1 class=\"et_pb_module_header\">APPLAUS F\u00dcR DAS GESUNDHEITSWESEN<\/h1><\/div><\/div>\n\n<div class=\"et_pb_text_0 et_pb_text et_pb_bg_layout_light et_pb_module et_block_module preset--group--divi-text--divi-font-body--default preset--module--divi-text--default\"><div class=\"et_pb_text_inner\"><h2>Optimieren Sie Ihre digitale Betreuung und Services<\/h2>\n<p>Das Gesundheitswesen ist digital geworden. Erreichen Sie mit Applause als Ihrem Software-Testing-Partner das Qualit\u00e4tsniveau, das Ihre Patienten und Anbieter verlangen.<\/p>\n<\/div><\/div>\n<\/div>\n\n<div class=\"et_pb_column_1 et_pb_column et_pb_column_2_5 et-last-child et_block_column et_pb_css_mix_blend_mode_passthrough\">\n<div class=\"et_pb_image_0 et_pb_image et_pb_module et_block_module no-lazyload preset--module--divi-image--default\"><span class=\"et_pb_image_wrap\"><img decoding=\"async\" src=\"https:\/\/www.applause.com\/wp-content\/uploads\/Hero-Healthcare-German.webp\" width=\"780\" height=\"520\" srcset=\"https:\/\/www.applause.com\/wp-content\/uploads\/Hero-Healthcare-German.webp 780w, https:\/\/www.applause.com\/wp-content\/uploads\/Hero-Healthcare-German-480x320.webp 480w\" sizes=\"(min-width: 0px) and (max-width: 480px) 480px, (min-width: 481px) 780px, 100vw\" class=\"wp-image-140227\" alt=\"Optimieren Sie Ihre digitale Betreuung und Services\" \/><\/span><\/div>\n<\/div>\n<\/div>\n<\/div>\n\n<div class=\"et_pb_section_1 et_pb_section et_section_regular et_block_section\">\n<div class=\"et_pb_row_1 et_pb_row et_block_row\">\n<div class=\"et_pb_column_2 et_pb_column et_pb_column_1_2 et_block_column et_pb_css_mix_blend_mode_passthrough\">\n<div class=\"et_pb_image_1 et_pb_image et_pb_module et_block_module preset--module--divi-image--default\"><span class=\"et_pb_image_wrap\"><img decoding=\"async\" src=\"https:\/\/www.applause.com\/wp-content\/uploads\/02-healthcare-collage-1.webp\" width=\"500\" height=\"422\" srcset=\"https:\/\/www.applause.com\/wp-content\/uploads\/02-healthcare-collage-1.webp 500w, https:\/\/www.applause.com\/wp-content\/uploads\/02-healthcare-collage-1-480x405.webp 480w\" sizes=\"(min-width: 0px) and (max-width: 480px) 480px, (min-width: 481px) 500px, 100vw\" class=\"wp-image-151168\" alt=\"Deine Patienten fordern einfache digitale Interaktionen\" title=\"Deine Patienten fordern einfache digitale Interaktionen\" \/><\/span><\/div>\n<\/div>\n\n<div class=\"et_pb_column_3 et_pb_column et_pb_column_1_2 et-last-child et_block_column et_pb_css_mix_blend_mode_passthrough\">\n<div class=\"et_pb_text_1 et_pb_text et_pb_bg_layout_light et_pb_module et_block_module section-paragraph blue-subhead preset--module--divi-text--5aed21f5-56f5-4361-ae14-c13d137326fc\"><div class=\"et_pb_text_inner\"><h2 class=\"title as-h2\">Deine Patienten fordern einfache digitale Interaktionen<\/h2>\n<h3 class=\"sub-title as-h1\">Stelle sicher, dass deine Websites und Apps den Erwartungen gerecht werden.<\/h3>\n<p dir=\"ltr\">Nach Prognosen von Statista wird der digitale Gesundheitsmarkt bis 2026 auf fast das 6-fache seiner momentanen Gr\u00f6\u00dfe wachsen. Ist dein Unternehmen darauf vorbereitet? Der schnelle Wechsel zu Online-Modellen f\u00fcr viele Konsultationen und Transaktionen hat Anbieter im Gesundheitswesen unter Druck gesetzt, ihre digitale Transformation zu beschleunigen -- und viele haben gro\u00dfe M\u00fche damit, angemessene digitale Erlebnisse allein mit ihren eigenen kompetenten Ressourcen sicherzustellen.<\/p>\n<p dir=\"ltr\">Ob du Gesundheitsdaten verfolgst, Termine online buchst oder Patienten \u00fcber eine mobile App informierst \u2013 nahtlose digitale Erlebnisse sind in jedem Fall das A und O. Unsere Tester pr\u00fcfen, ob Kernfunktionen richtig funktionieren, und zeigen dir, in welchen Bereichen du das Benutzererlebnis noch verbessern kannst.<\/p>\n<\/div><\/div>\n<\/div>\n<\/div>\n<\/div>\n\n<div class=\"et_pb_section_2 et_pb_section et_section_regular et_block_section\">\n<div class=\"et_pb_row_2 et_pb_row et_block_row\">\n<div class=\"et_pb_column_4 et_pb_column et_pb_column_4_4 et-last-child et_block_column et_pb_css_mix_blend_mode_passthrough\">\n<div class=\"et_pb_text_2 et_pb_text et_pb_bg_layout_light et_pb_module et_block_module section-heading-wide preset--module--divi-text--6cksqzi0qy\"><div class=\"et_pb_text_inner\"><h2 class=\"title as-h2\">Digitale F\u00fcrsorge der Extraklasse<\/h2>\n<p dir=\"ltr\">Gesundheitsdienstleister ben\u00f6tigen f\u00fcr ihre modernen Kunden erstklassige digitale Erlebnisse. Applause bietet eine Community-basierte Herangehensweise an Tests in Kombination mit einer Plattform der Enterprise-Klasse. So kannst du:<\/p>\n<\/div><\/div>\n<\/div>\n<\/div>\n\n<div class=\"et_pb_row_3 et_pb_row et_pb_row_4col et_pb_gutters2 et_block_row et_block_row_4col\">\n<div class=\"et_pb_column_5 et_pb_column et_pb_column_1_4 et_block_column et_pb_css_mix_blend_mode_passthrough\">\n<div class=\"et_pb_blurb_0 et_pb_blurb et_pb_bg_layout_light et_pb_text_align_center et_pb_blurb_position_top et_pb_module et_block_module preset--group--divi-blurb--divi-font-body--default preset--module--divi-blurb--default\"><div class=\"et_pb_blurb_content\"><div class=\"et_pb_main_blurb_image\"><span class=\"et_pb_image_wrap et_pb_only_image_mode_wrap\"><img decoding=\"async\" src=\"https:\/\/www.applause.com\/wp-content\/uploads\/Medical-App-Laptop.svg\" class=\"et_animated wp-image-34219\" alt=\"Nahtlose digitale Erlebnisse garantieren\" \/><\/span><\/div><div class=\"et_pb_blurb_container\"><h3 class=\"et_pb_module_header\">Nahtlose digitale Erlebnisse garantieren<\/h3><div class=\"et_pb_blurb_description\"><p>Intuitive, benutzerfreundliche Verbindungen zu Patienten schaffen<\/p>\n<\/div><\/div><\/div><\/div>\n<\/div>\n\n<div class=\"et_pb_column_6 et_pb_column et_pb_column_1_4 et_block_column et_pb_css_mix_blend_mode_passthrough\">\n<div class=\"et_pb_blurb_1 et_pb_blurb et_pb_bg_layout_light et_pb_text_align_center et_pb_blurb_position_top et_pb_module et_block_module preset--group--divi-blurb--divi-font-body--default preset--module--divi-blurb--default\"><div class=\"et_pb_blurb_content\"><div class=\"et_pb_main_blurb_image\"><span class=\"et_pb_image_wrap et_pb_only_image_mode_wrap\"><img decoding=\"async\" src=\"https:\/\/www.applause.com\/wp-content\/uploads\/Calendar-Check-1.svg\" width=\"24\" height=\"24\" srcset=\"https:\/\/www.applause.com\/wp-content\/uploads\/Calendar-Check-1.svg 24w\" sizes=\"(min-width: 0px) and (max-width: 0px) 0px, (min-width: 1px) 24px, 100vw\" class=\"et_animated wp-image-98027\" alt=\"Einen einfachen Zugang \u00fcber die verschiedensten Endger\u00e4te erm\u00f6glichen\" \/><\/span><\/div><div class=\"et_pb_blurb_container\"><h3 class=\"et_pb_module_header\">Einen einfachen Zugang \u00fcber die verschiedensten Endger\u00e4te erm\u00f6glichen<\/h3><div class=\"et_pb_blurb_description\"><p>Auf mehreren Endger\u00e4ten testen, um zu gew\u00e4hrleisten, dass alle deine Kunden auf ihre Gesundheitsdaten zugreifen k\u00f6nnen<\/p>\n<\/div><\/div><\/div><\/div>\n<\/div>\n\n<div class=\"et_pb_column_7 et_pb_column et_pb_column_1_4 et_block_column et_pb_css_mix_blend_mode_passthrough\">\n<div class=\"et_pb_blurb_2 et_pb_blurb et_pb_bg_layout_light et_pb_text_align_center et_pb_blurb_position_top et_pb_module et_block_module preset--group--divi-blurb--divi-font-body--default preset--module--divi-blurb--default\"><div class=\"et_pb_blurb_content\"><div class=\"et_pb_main_blurb_image\"><span class=\"et_pb_image_wrap et_pb_only_image_mode_wrap\"><img decoding=\"async\" src=\"https:\/\/www.applause.com\/wp-content\/uploads\/Smart-Watch-Square-Heart.svg\" class=\"et_animated wp-image-34223\" alt=\"Schneller und im gew\u00fcnschten Umfang testen\" \/><\/span><\/div><div class=\"et_pb_blurb_container\"><h3 class=\"et_pb_module_header\">Schneller und im gew\u00fcnschten Umfang testen<\/h3><div class=\"et_pb_blurb_description\"><p>Dein Testing entsprechend saisonaler Schwankungen skalieren<\/p>\n<\/div><\/div><\/div><\/div>\n<\/div>\n\n<div class=\"et_pb_column_8 et_pb_column et_pb_column_1_4 et-last-child et_block_column et_pb_css_mix_blend_mode_passthrough\">\n<div class=\"et_pb_blurb_3 et_pb_blurb et_pb_bg_layout_light et_pb_text_align_center et_pb_blurb_position_top et_pb_module et_block_module preset--group--divi-blurb--divi-font-body--default preset--module--divi-blurb--default\"><div class=\"et_pb_blurb_content\"><div class=\"et_pb_main_blurb_image\"><span class=\"et_pb_image_wrap et_pb_only_image_mode_wrap\"><img decoding=\"async\" src=\"https:\/\/www.applause.com\/wp-content\/uploads\/Professions-Man-Doctor-2-1.svg\" width=\"24\" height=\"24\" srcset=\"https:\/\/www.applause.com\/wp-content\/uploads\/Professions-Man-Doctor-2-1.svg 24w\" sizes=\"(min-width: 0px) and (max-width: 0px) 0px, (min-width: 1px) 24px, 100vw\" class=\"et_animated wp-image-98021\" alt=\"Deine Produkte und Apps mit der Gewissheit ausbauen, dass sie funktionieren\" \/><\/span><\/div><div class=\"et_pb_blurb_container\"><h3 class=\"et_pb_module_header\">Deine Produkte und Apps mit der Gewissheit ausbauen, dass sie funktionieren<\/h3><div class=\"et_pb_blurb_description\"><p>In lokalen M\u00e4rkten rund um den Globus testen<\/p>\n<\/div><\/div><\/div><\/div>\n<\/div>\n<\/div>\n<\/div>\n\n<div class=\"et_pb_section_3 et_pb_section et_section_regular et_block_section\">\n<div class=\"et_pb_row_4 et_pb_row et_block_row\">\n<div class=\"et_pb_column_9 et_pb_column et_pb_column_1_2 et_block_column et_pb_css_mix_blend_mode_passthrough\">\n<div class=\"et_pb_image_2 et_pb_image et_pb_module et_block_module preset--module--divi-image--default\"><span class=\"et_pb_image_wrap\"><img decoding=\"async\" src=\"https:\/\/www.applause.com\/wp-content\/uploads\/03-healthcare-collage.webp\" width=\"500\" height=\"422\" srcset=\"https:\/\/www.applause.com\/wp-content\/uploads\/03-healthcare-collage.webp 500w, https:\/\/www.applause.com\/wp-content\/uploads\/03-healthcare-collage-480x405.webp 480w\" sizes=\"(min-width: 0px) and (max-width: 480px) 480px, (min-width: 481px) 500px, 100vw\" class=\"wp-image-151171\" alt=\"Vorsorgeorientierte, zug\u00e4ngliche Pflege mit digitaler Qualit\u00e4t\" title=\"Vorsorgeorientierte, zug\u00e4ngliche Pflege mit digitaler Qualit\u00e4t\" \/><\/span><\/div>\n<\/div>\n\n<div class=\"et_pb_column_10 et_pb_column et_pb_column_1_2 et-last-child et_block_column et_pb_css_mix_blend_mode_passthrough\">\n<div class=\"et_pb_text_3 et_pb_text et_pb_bg_layout_light et_pb_module et_block_module section-paragraph blue-subhead preset--module--divi-text--5aed21f5-56f5-4361-ae14-c13d137326fc\"><div class=\"et_pb_text_inner\"><h2 class=\"title as-h2\">Vorsorgeorientierte, zug\u00e4ngliche Pflege mit digitaler Qualit\u00e4t<\/h2>\n<h3 class=\"sub-title as-h1\">\u201eDer Patient steht an erster Stelle\u201c \u2013 bei dieser Devise muss der Patient auch beim digitalen Testen an erster Stelle stehen<\/h3>\n<p>Digitale Erfahrungen im Gesundheitswesen k\u00f6nnen ein wesentlicher Bestandteil der pr\u00e4ventiven Gesundheitsf\u00fcrsorge sein \u2013 aber nur, wenn der Patient daran glaubt und darauf vertraut. Um Patienten f\u00fcr Telegesundheit zu gewinnen, musst du gew\u00e4hrleisten, dass es jedes Mal einwandfrei und sicher funktioniert \u2013 ob von zu Hause, im Auto oder anderswo. Das erfordert Tests in der echten Welt, mit echten Nutzern und auf echten Endger\u00e4ten.<\/p>\n<p>Als Teil unseres bew\u00e4hrten Ansatzes bauen wir von Applause verschiedene benutzerdefinierte Teams aus qualifizierten, unabh\u00e4ngigen Testern auf, die unter realen Bedingungen mit deinen Diensten interagieren. Die Teams testen an den Orten, die f\u00fcr dich relevant sind, und identifizieren Bugs mit hoher Priorit\u00e4t und entscheidenden Problemen der Barrierefreiheit \u2013 bevor deine Patienten darauf sto\u00dfen.<\/p>\n<p>Unser Ansatz kombiniert explorative Tests, um Probleme aufzudecken, die durch unerwartete Nutzungsmuster und authentische Bedingungen entstehen, mit strukturierten Tests, um sicherzustellen, dass Kernfunktionen wie geplant funktionieren. Dank der Gr\u00f6\u00dfe und Vielfalt unserer Community kannst du an jedem Ort, in jeder Sprache und auf jedem regionsspezifischen Endger\u00e4t testen und so sicherstellen, dass alle Funktionen auf die individuellen Gegebenheiten deiner lokalen M\u00e4rkte abgestimmt sind. Wir k\u00f6nnen auch validieren, dass deine Erlebnisse f\u00fcr \u00e4ltere Patienten und Menschen mit Behinderungen barrierefrei zug\u00e4nglich sind.<\/p>\n<\/div><\/div>\n<\/div>\n<\/div>\n<\/div>\n\n<div class=\"et_pb_section_4 et_pb_section et_section_regular et_block_section\">\n<div class=\"et_pb_row_5 et_pb_row et_block_row\">\n<div class=\"et_pb_column_11 et_pb_column et_pb_column_1_2 et_block_column et_pb_css_mix_blend_mode_passthrough\">\n<div class=\"et_pb_text_4 et_pb_text et_pb_bg_layout_light et_pb_module et_block_module section-paragraph blue-subhead preset--module--divi-text--5aed21f5-56f5-4361-ae14-c13d137326fc\"><div class=\"et_pb_text_inner\"><h2 class=\"title as-h2\">Ben\u00f6tigen deine digitalen Erlebnisse einen Gesundheitscheck?<\/h2>\n<p class=\"last:tw-mb-0\">Wir zeigen dir, wie du die Kapazit\u00e4ten deines Teams erweitern und die Qualit\u00e4t deiner digitalen Erlebnisse f\u00fcr deine Patienten und Anbieter steigern kannst. Es geht ganz einfach: F\u00fclle das Formular aus und starte deine profitable Reise, genau wie Tausende von Applause-Kunden vor dir. Das kannst du erwarten:<\/p>\n<ul>\u00a0<\/p>\n<li><strong>K\u00fcrzere Time-to-Market f\u00fcr deine Releases <\/strong>Starte Testzyklen zu jeder Zeit und erhalte innerhalb von Stunden Ergebnisse.<\/li>\n<li><strong>Gesteigerte Produktivit\u00e4t: <\/strong>Erhalte Zugang zu qualifizierten Testing-Teams in dem von dir ben\u00f6tigten Umfang.<\/li>\n<li><strong>H\u00f6here Qualit\u00e4t: <\/strong>Decke kritische Fehler auf, bevor deine Anwender darauf sto\u00dfen.<\/li>\n<\/ul>\n<\/div><\/div>\n<\/div>\n\n<div class=\"et_pb_column_12 et_pb_column et_pb_column_1_2 et-last-child et_block_column et_pb_css_mix_blend_mode_passthrough\">\n<div class=\"et_pb_text_5 et_pb_text et_pb_bg_layout_light et_pb_module et_block_module section-heading-wide preset--module--divi-text--6cksqzi0qy\"><div class=\"et_pb_text_inner\"><h2 class=\"title as-h2\">Du hast eine Frage? Dann nimm Kontakt mit uns auf!<\/h2>\n<hr>\n<\/div><\/div>\n\n<div class=\"et_pb_text_6 et_pb_text et_pb_bg_layout_light et_pb_module et_block_module preset--group--divi-text--divi-font-body--default preset--module--divi-text--default\"><div class=\"et_pb_text_inner\"><form id=\"mktoForm_3153\"><div class=\"legend\"><span class=\"mktoAsterix\">*<\/span> Markiert ein Pflichtfeld<\/div><\/form>\n<\/div><\/div>\n<\/div>\n<\/div>\n<\/div>\n\n<div class=\"et_pb_section_5 et_pb_section et_section_regular et_block_section preset--module--divi-section--bhcb6jxywh\">\n<div class=\"et_pb_row_6 et_pb_row et_block_row preset--module--divi-row--61zcgfi1e0\">\n<div class=\"et_pb_column_13 et_pb_column et-last-child et_block_column et_pb_css_mix_blend_mode_passthrough et_flex_column_24_24 et_flex_column_24_24_tablet et_flex_column_24_24_phone et_flex_column_24_24_phoneWide et_flex_column_24_24_tabletWide et_flex_column_24_24_widescreen et_flex_column_24_24_ultraWide\">\n<div class=\"et_pb_text_7 et_pb_text et_pb_bg_layout_light et_pb_module et_block_module preset--module--divi-text--97829db1-4e26-4955-99fc-cc9a3cacebb7\"><div class=\"et_pb_text_inner\"><h2>Erfahren Sie mehr \u00fcber digitale Qualit\u00e4t<\/h2>\n<p>Von Kundengeschichten bis hin zu Expertenwissen \u2013 unser Ressourcen-Center gibt Ihnen tiefere Einblicke in unseren Ansatz zur digitalen Qualit\u00e4t.<\/p>\n<\/div><\/div>\n\n<div class=\"et_pb_module et_pb_button_module_wrapper et_pb_button_0_wrapper preset--module--divi-button--n0307jqe3u_wrapper\"><a class=\"et_pb_button_0 et_pb_button et_pb_bg_layout_light et_pb_module et_block_module preset--module--divi-button--n0307jqe3u\" href=\"\/de\/ressourcen\/\">Entdecken Sie das Ressourcen-Center<\/a><\/div>\n<\/div>\n<\/div>\n<\/div>","protected":false},"excerpt":{"rendered":"","protected":false},"author":42,"featured_media":0,"parent":0,"menu_order":0,"comment_status":"closed","ping_status":"closed","template":"","meta":{"_acf_changed":false,"inline_featured_image":false,"footnotes":""},"categories":[390],"tags":[],"class_list":["post-19753","page","type-page","status-publish","hentry","category-solutions"],"acf":[],"_links":{"self":[{"href":"https:\/\/www.applause.com\/de\/wp-json\/wp\/v2\/pages\/19753","targetHints":{"allow":["GET"]}}],"collection":[{"href":"https:\/\/www.applause.com\/de\/wp-json\/wp\/v2\/pages"}],"about":[{"href":"https:\/\/www.applause.com\/de\/wp-json\/wp\/v2\/types\/page"}],"author":[{"embeddable":true,"href":"https:\/\/www.applause.com\/de\/wp-json\/wp\/v2\/users\/42"}],"replies":[{"embeddable":true,"href":"https:\/\/www.applause.com\/de\/wp-json\/wp\/v2\/comments?post=19753"}],"version-history":[{"count":4,"href":"https:\/\/www.applause.com\/de\/wp-json\/wp\/v2\/pages\/19753\/revisions"}],"predecessor-version":[{"id":156113,"href":"https:\/\/www.applause.com\/de\/wp-json\/wp\/v2\/pages\/19753\/revisions\/156113"}],"wp:attachment":[{"href":"https:\/\/www.applause.com\/de\/wp-json\/wp\/v2\/media?parent=19753"}],"wp:term":[{"taxonomy":"category","embeddable":true,"href":"https:\/\/www.applause.com\/de\/wp-json\/wp\/v2\/categories?post=19753"},{"taxonomy":"post_tag","embeddable":true,"href":"https:\/\/www.applause.com\/de\/wp-json\/wp\/v2\/tags?post=19753"}],"curies":[{"name":"wp","href":"https:\/\/api.w.org\/{rel}","templated":true}]}}