{"id":19742,"date":"2023-08-23T06:54:04","date_gmt":"2023-08-23T10:54:04","guid":{"rendered":"https:\/\/www.applause.com\/vista-equity-partners-2\/"},"modified":"2026-04-28T11:50:59","modified_gmt":"2026-04-28T15:50:59","slug":"vista-equity-partners","status":"publish","type":"page","link":"https:\/\/www.applause.com\/de\/vista-equity-partners\/","title":{"rendered":"\u00dcber Vista Equity Partners"},"content":{"rendered":"<div class=\"et_pb_section_0 et_pb_section et_section_regular et_block_section hero-section-v3 hero-section-blue\">\n<div class=\"et_pb_row_0 et_pb_row et_pb_equal_columns et_block_row\">\n<div class=\"et_pb_column_0 et_pb_column et_pb_column_3_5 et_block_column et_pb_css_mix_blend_mode_passthrough\">\n<div class=\"et_pb_heading_0 et_pb_heading et_pb_module et_block_module mini-blue-title preset--module--divi-heading--8r75zxphr1\"><div class=\"et_pb_heading_container\"><h1 class=\"et_pb_module_header\">VISTA EQUITY PARTNERS<\/h1><\/div><\/div>\n\n<div class=\"et_pb_text_0 et_pb_text et_pb_bg_layout_light et_pb_module et_block_module hero-heading preset--module--divi-text--16gm90elfm\"><div class=\"et_pb_text_inner\"><h2>Eine Partnerschaft, die Innovation inspiriert<\/h2>\n<p>Applause wurde im August 2017 von Vista Equity Partners \u00fcbernommen, was seitdem Wachstum und Entwicklung der digitalen Qualit\u00e4t des Unternehmens gef\u00f6rdert hat.<\/p>\n<\/div><\/div>\n<\/div>\n\n<div class=\"et_pb_column_1 et_pb_column et_pb_column_2_5 et-last-child et_block_column et_pb_css_mix_blend_mode_passthrough\">\n<div class=\"et_pb_image_0 et_pb_image et_pb_module et_block_module preset--module--divi-image--default\"><span class=\"et_pb_image_wrap\"><img decoding=\"async\" src=\"https:\/\/www.applause.com\/wp-content\/uploads\/Hero-Vista-Equity-Partners.jpg\" width=\"390\" height=\"260\" srcset=\"https:\/\/www.applause.com\/wp-content\/uploads\/Hero-Vista-Equity-Partners.jpg 390w, https:\/\/www.applause.com\/wp-content\/uploads\/Hero-Vista-Equity-Partners-300x200.jpg 300w\" sizes=\"(max-width: 390px) 100vw, 390px\" class=\"wp-image-138771\" alt=\"Vista Equity Partners\" \/><\/span><\/div>\n<\/div>\n<\/div>\n<\/div>\n\n<div class=\"et_pb_section_1 et_pb_section et_section_regular et_block_section\">\n<div class=\"et_pb_row_1 et_pb_row et_block_row\">\n<div class=\"et_pb_column_2 et_pb_column et_pb_column_1_2 et_block_column et_pb_css_mix_blend_mode_passthrough\">\n<div class=\"et_pb_image_1 et_pb_image et_pb_module et_block_module preset--module--divi-image--default\"><span class=\"et_pb_image_wrap\"><img decoding=\"async\" src=\"https:\/\/www.applause.com\/wp-content\/uploads\/vista-equity-single_W585_Mfit.webp\" width=\"500\" height=\"619\" srcset=\"https:\/\/www.applause.com\/wp-content\/uploads\/vista-equity-single_W585_Mfit.webp 500w, https:\/\/www.applause.com\/wp-content\/uploads\/vista-equity-single_W585_Mfit-242x300.webp 242w\" sizes=\"(max-width: 500px) 100vw, 500px\" class=\"wp-image-52670\" alt=\"Die Partnerschaft von Applause mit Vista Equity Partners\" title=\"Die Partnerschaft von Applause mit Vista Equity Partners\" \/><\/span><\/div>\n<\/div>\n\n<div class=\"et_pb_column_3 et_pb_column et_pb_column_1_2 et-last-child et_block_column et_pb_css_mix_blend_mode_passthrough\">\n<div class=\"et_pb_text_1 et_pb_text et_pb_bg_layout_light et_pb_module et_block_module section-paragraph blue-subhead preset--module--divi-text--5aed21f5-56f5-4361-ae14-c13d137326fc\"><div class=\"et_pb_text_inner\"><h2 class=\"title as-h2\">Die Partnerschaft von Applause mit Vista Equity Partners<\/h2>\n<p>Im August 2017 gab Applause bekannt, dass es von der weltweit marktf\u00fchrenden Investmentfirma Vista Equity Partners \u00fcbernommen wird. Applause, als Teil von Vistas globalem Unternehmensportfolio, hat es geschafft, sein Ziel des Ausbaus seiner Marktf\u00fchrerschaft in der digitalen Test-Branche zu erreichen, indem es au\u00dfergew\u00f6hnliche Nutzer-Insights anbietet und seine Pionierrolle mit neuer Test-Technologie innerhalb seiner Plattform fortsetzt. Das in Framingham, Massachusetts, ans\u00e4ssige Unternehmen hatte vor der Investition von Vista einen B\u00f6rsengang in Betracht gezogen und unter anderem mit den Investoren Goldman Sachs, QuestMark Partners und Scale Venture Partners zusammengearbeitet. Im Jahr 2016 hatten Accenture und die Credit Suisse ebenfalls in die Softwarefirma investiert.<\/p>\n<p>Doron Reuveni, Executive Chairman und Mitbegr\u00fcnder von Applause, sagte \u00fcber die \u00dcbernahme: \u201eDies ist ein enormer Meilenstein f\u00fcr Applause, der unsere Mission best\u00e4tigt: der Welt einwandfreie digitale Erlebnisse zu bieten. Unser auf Menschen zentrierte Ansatz zum Software-Design und zur Qualit\u00e4t ist zu einem grundlegenden Aspekt geworden, der gew\u00e4hrleistet, dass Technologie wie beabsichtigt funktioniert, f\u00fcr echte Menschen, in der realen Welt. Wir gehen jetzt in die n\u00e4chste Wachstumsphase von Applause und freuen uns, eine Partnerschaft mit den Top-Talenten und der Top-Expertise von Vista eingehen zu k\u00f6nnen.\u201c<\/p>\n<p>Seit der \u00dcbernahme von Applause durch Vista konnte das Unternehmen seine F\u00e4higkeiten erweitern, um unternehmenskritische Websites und Apps in Echtzeit zu testen. W\u00e4hrend des Ausbruchs von COVID-19 verwendete das israelische Gesundheitsministerium die Applause-Software und ihre Community von Testbenutzern, um Fehler in der Infektionsverfolgungs-App des Gesundheitsministeriums zu beheben. Die App verwendete GPS-Daten von den Handys ihrer Nutzer, um schnell und effektiv potenzielle Infektionszonen zu identifizieren und Nutzer zu benachrichtigen, wenn sie sich in der N\u00e4he von Personen aufgehalten hatten, die sp\u00e4ter positiv auf Corona getestet wurden.<\/p>\n<p>Applause konnte auch den amerikanischen Gesundheitsdienstleistern w\u00e4hrend des Ausbruchs helfen. Da viele Arztpraxen w\u00e4hrend des Lockdowns auf Telegesundheitstermine umstellten, testeten viele ihre Onlineportale und Corona-spezifischen Chatbots remote mithilfe von Applause. So konnten Web- und App-Tests sicher und effektiv durchgef\u00fchrt werden, ohne dass pers\u00f6nliche Kontakte notwendig waren.<\/p>\n<\/div><\/div>\n<\/div>\n<\/div>\n<\/div>\n\n<div class=\"et_pb_section_2 et_pb_section et_section_regular et_block_section\">\n<div class=\"et_pb_row_2 et_pb_row et_block_row\">\n<div class=\"et_pb_column_4 et_pb_column et_pb_column_1_2 et_block_column et_pb_css_mix_blend_mode_passthrough\">\n<div class=\"et_pb_text_2 et_pb_text et_pb_bg_layout_light et_pb_module et_block_module section-paragraph blue-subhead preset--module--divi-text--5aed21f5-56f5-4361-ae14-c13d137326fc\"><div class=\"et_pb_text_inner\"><h2 class=\"title as-h2\">\u00dcber Vista Equity Partners<\/h2>\n<div class=\"element-paragraphText\">\n<p><a href=\"https:\/\/www.facebook.com\/VistaEquityPartners\/\"><span style=\"font-weight: 400;\">Vista Equity Partners ist eine Investmentgesellschaft<\/span><\/a><span style=\"font-weight: 400;\">, die im Jahr 2000 gegr\u00fcndet wurde. Das Unternehmen hat Niederlassungen in Austin, Chicago, New York, Oakland und San Francisco. Vista investiert ausschlie\u00dflich in Unternehmenssoftware, Daten und Technologie-gest\u00fctzte Unternehmen, um diesen durch seine Investitionsplattform und sein globales Technologie-\u00d6kosystem zu einem Wachstum in gro\u00dfem Ma\u00dfstab zu verhelfen. Zu den Strategien von Vista geh\u00f6ren Private Equity, Anlagekapital, \u00f6ffentliches Kapital und Kredite. Mit dem Ziel, konstante Renditen f\u00fcr alle Beteiligten zu erzielen, ist die Priorit\u00e4t des differenzierten Ansatzes von Vista f\u00fcr Investitionen in Unternehmenssoftware die Wertsch\u00f6pfung durch operative Transformation.<\/span><\/p>\n<p><span style=\"font-weight: 400;\">Das Unternehmen hat sich verpflichtet, positive Ver\u00e4nderungen in seinen lokalen Communitys sowie auf globaler Ebene zu bewirken. In Zusammenarbeit mit den Unternehmenspartnern von Vista und \u00fcber 50 gemeinn\u00fctzigen Organisationen und Community-Gruppen unterst\u00fctzt das Unternehmen die F\u00f6rderung von MINT-Bildung, finanzieller Bildung und (digitaler) Barrierefreiheit f\u00fcr Frauen in der Arbeitswelt. Diese langfristigen Partnerschaften zielen darauf ab, Chancen f\u00fcr marginalisierte Personen und Communitys zu schaffen und die Liebe zum Lernen zu f\u00f6rdern.<\/span><\/p>\n<p><span style=\"font-weight: 400;\">Vista hat sich au\u00dferdem verpflichtet, die Emissionen seines Portfolios f\u00fcr Private Equity und Anlagekapital bis 2030 um 50 % zu senken und bis 2050 Netto-Null-Treibhausgasemissionen in diesem Portfolio zu erreichen. Um die Ma\u00dfnahmen zum Erreichen dieses Ziels voranzutreiben, hat Vista am Earth Day 2022 das Vista Climate Pledge gegr\u00fcndet. Mit der Unterzeichnung des Versprechens haben sich mehr als 50 Portfolio-Unternehmen von Vista verpflichtet, ihre Treibhausgasemissionen zu messen, ein Zwischenziel zur Reduzierung der Treibhausgasemissionen festzulegen und ihre Treibhausgasemissionen j\u00e4hrlich zu reduzieren und auszugleichen.<\/span><\/p>\n<p><span style=\"font-weight: 400;\">Als Unterzeichner des <\/span><a href=\"https:\/\/www.businesswire.com\/news\/home\/20220520005071\/en\/Vista-Equity-Partners-Among-the-First-Major-U.S.-Private-Equity-Firms-to-Advance-Global-ESG-Strategy-with-Portfolio-Wide-Participation-in-Climate-Program\"><span style=\"font-weight: 400;\">Vista Climate Pledge<\/span><\/a><span style=\"font-weight: 400;\"> hat Applause seit 2019 j\u00e4hrlich seine Treibhausgasemissionen gemessen, ein Zwischenziel zur Reduzierung festgelegt und seine Treibhausgasemissionen ausgeglichen.<\/span><\/p>\n<p><span style=\"font-weight: 400;\">F\u00fcr weitere Informationen dar\u00fcber, wie Vista-Unternehmen transformative Ver\u00e4nderungen in verschiedenen Branchen vorantreiben, verbinden Sie sich mit <\/span><a href=\"https:\/\/www.youtube.com\/channel\/UC9cdOtpHph_JV5BAP-fH2bg\"><span style=\"font-weight: 400;\">Vista Equity Partners auf YouTube<\/span><\/a><span style=\"font-weight: 400;\">.<\/span><\/p>\n<\/div>\n<\/div><\/div>\n<\/div>\n\n<div class=\"et_pb_column_5 et_pb_column et_pb_column_1_2 et-last-child et_block_column et_pb_css_mix_blend_mode_passthrough\">\n<div class=\"et_pb_image_2 et_pb_image et_pb_module et_block_module preset--module--divi-image--default\"><span class=\"et_pb_image_wrap\"><img decoding=\"async\" src=\"https:\/\/www.applause.com\/wp-content\/uploads\/vista-equity-collage_2021-06-11-131126_hpjn_W585_Mfit.webp\" width=\"450\" height=\"380\" srcset=\"https:\/\/www.applause.com\/wp-content\/uploads\/vista-equity-collage_2021-06-11-131126_hpjn_W585_Mfit.webp 450w, https:\/\/www.applause.com\/wp-content\/uploads\/vista-equity-collage_2021-06-11-131126_hpjn_W585_Mfit-300x253.webp 300w\" sizes=\"(max-width: 450px) 100vw, 450px\" class=\"wp-image-34001\" alt=\"\u00dcber Vista Equity Partners\" title=\"\u00dcber Vista Equity Partners\" \/><\/span><\/div>\n<\/div>\n<\/div>\n<\/div>","protected":false},"excerpt":{"rendered":"","protected":false},"author":42,"featured_media":0,"parent":0,"menu_order":0,"comment_status":"closed","ping_status":"closed","template":"","meta":{"_acf_changed":false,"inline_featured_image":false,"footnotes":""},"categories":[322,386],"tags":[],"class_list":["post-19742","page","type-page","status-publish","hentry","category-main-pages"],"acf":[],"_links":{"self":[{"href":"https:\/\/www.applause.com\/de\/wp-json\/wp\/v2\/pages\/19742","targetHints":{"allow":["GET"]}}],"collection":[{"href":"https:\/\/www.applause.com\/de\/wp-json\/wp\/v2\/pages"}],"about":[{"href":"https:\/\/www.applause.com\/de\/wp-json\/wp\/v2\/types\/page"}],"author":[{"embeddable":true,"href":"https:\/\/www.applause.com\/de\/wp-json\/wp\/v2\/users\/42"}],"replies":[{"embeddable":true,"href":"https:\/\/www.applause.com\/de\/wp-json\/wp\/v2\/comments?post=19742"}],"version-history":[{"count":1,"href":"https:\/\/www.applause.com\/de\/wp-json\/wp\/v2\/pages\/19742\/revisions"}],"predecessor-version":[{"id":156295,"href":"https:\/\/www.applause.com\/de\/wp-json\/wp\/v2\/pages\/19742\/revisions\/156295"}],"wp:attachment":[{"href":"https:\/\/www.applause.com\/de\/wp-json\/wp\/v2\/media?parent=19742"}],"wp:term":[{"taxonomy":"category","embeddable":true,"href":"https:\/\/www.applause.com\/de\/wp-json\/wp\/v2\/categories?post=19742"},{"taxonomy":"post_tag","embeddable":true,"href":"https:\/\/www.applause.com\/de\/wp-json\/wp\/v2\/tags?post=19742"}],"curies":[{"name":"wp","href":"https:\/\/api.w.org\/{rel}","templated":true}]}}