{"id":19725,"date":"2023-08-23T06:50:03","date_gmt":"2023-08-23T10:50:03","guid":{"rendered":"https:\/\/www.applause.com\/industrie-expertise\/"},"modified":"2026-04-22T11:38:05","modified_gmt":"2026-04-22T15:38:05","slug":"industrie-expertise","status":"publish","type":"page","link":"https:\/\/www.applause.com\/de\/industrie-expertise\/","title":{"rendered":"Erfahrung mit digitaler Qualit\u00e4t \u2013 in jeder\u2026"},"content":{"rendered":"<div class=\"et_pb_section_0 et_pb_section et_section_regular et_block_section hero-section-v3 hero-section-blue\">\n<div class=\"et_pb_row_0 et_pb_row et_pb_equal_columns et_block_row\">\n<div class=\"et_pb_column_0 et_pb_column et_pb_column_3_5 et_block_column et_pb_css_mix_blend_mode_passthrough\">\n<div class=\"et_pb_heading_0 et_pb_heading et_pb_module et_block_module mini-blue-title preset--module--divi-heading--8r75zxphr1\"><div class=\"et_pb_heading_container\"><h1 class=\"et_pb_module_header\">BRANCHENERFAHRUNG<\/h1><\/div><\/div>\n\n<div class=\"et_pb_text_0 et_pb_text et_pb_bg_layout_light et_pb_module et_block_module hero-heading preset--module--divi-text--16gm90elfm\"><div class=\"et_pb_text_inner\"><h2>Zugang Branchen-Know-how & Ressourcen<\/h2>\n<p>Anforderungen an digitale Qualit\u00e4tssicherung sind von Branche zu Branche unterschiedlich. Wir weisen sachkundige Experten und Anwender zu, um realistisches Feedback zu Ihren spezifischen Anwendungsf\u00e4llen zu erhalten.<\/p>\n<\/div><\/div>\n<\/div>\n\n<div class=\"et_pb_column_1 et_pb_column et_pb_column_2_5 et-last-child et_block_column et_pb_css_mix_blend_mode_passthrough\">\n<div class=\"et_pb_image_0 et_pb_image et_pb_module et_block_module preset--module--divi-image--default\"><span class=\"et_pb_image_wrap\"><img decoding=\"async\" src=\"https:\/\/www.applause.com\/wp-content\/uploads\/Hero-Industry-Expertise.jpg\" width=\"390\" height=\"260\" srcset=\"https:\/\/www.applause.com\/wp-content\/uploads\/Hero-Industry-Expertise.jpg 390w, https:\/\/www.applause.com\/wp-content\/uploads\/Hero-Industry-Expertise-300x200.jpg 300w\" sizes=\"(max-width: 390px) 100vw, 390px\" class=\"wp-image-138625\" alt=\"Zugang Branchen-Know-how &amp; Ressourcen\" \/><\/span><\/div>\n<\/div>\n<\/div>\n<\/div>\n\n<div class=\"et_pb_section_1 et_pb_section et_section_regular et_block_section\">\n<div class=\"et_pb_row_1 et_pb_row et_block_row\">\n<div class=\"et_pb_column_2 et_pb_column et_pb_column_1_2 et_block_column et_pb_css_mix_blend_mode_passthrough\">\n<div class=\"et_pb_image_1 et_pb_image et_pb_module et_block_module preset--module--divi-image--default\"><span class=\"et_pb_image_wrap\"><img decoding=\"async\" src=\"https:\/\/www.applause.com\/wp-content\/uploads\/02-industry-expertise-collage.png\" width=\"500\" height=\"422\" srcset=\"https:\/\/www.applause.com\/wp-content\/uploads\/02-industry-expertise-collage.png 500w, https:\/\/www.applause.com\/wp-content\/uploads\/02-industry-expertise-collage-480x405.png 480w\" sizes=\"(min-width: 0px) and (max-width: 480px) 480px, (min-width: 481px) 500px, 100vw\" class=\"wp-image-137910\" alt=\"Entwickle, was deinen Kunden wirklich wichtig ist\" \/><\/span><\/div>\n<\/div>\n\n<div class=\"et_pb_column_3 et_pb_column et_pb_column_1_2 et-last-child et_block_column et_pb_css_mix_blend_mode_passthrough\">\n<div class=\"et_pb_text_1 et_pb_text et_pb_bg_layout_light et_pb_module et_block_module section-paragraph blue-subhead preset--module--divi-text--5aed21f5-56f5-4361-ae14-c13d137326fc\"><div class=\"et_pb_text_inner\"><h2>Entwickle, was deinen Kunden wirklich wichtig ist<\/h2>\n<h3>Speziell f\u00fcr dich selektierte Experten stellen sicher, dass du das erste Mal und jedes Mal richtig testest.<\/h3>\n<p>Applause verf\u00fcgt \u00fcber tiefgehendes Wissen in den M\u00e4rkten, die dir wichtig sind. Ob Einzelhandel, Medien und Unterhaltung, Finanzdienstleistungen, Reise und Hotellerie, Gesundheitswesen, IoT und mehr: Wir bringen die notwendige Expertise mit. Wir punkten auch, wenn es um umfangreiche Erfahrung in spezifischen Anwendungsf\u00e4llen von Kunden geht, die entscheidend daf\u00fcr sind, dass das Testing auf Anhieb richtig l\u00e4uft.<\/p>\n<p>Konkrete Beispiele sind drei Kernsegmente des IoT \u2013 Smart Home, Connected Cars und Wearables. Hier gew\u00e4hrleisten wir, dass Anwendungsf\u00e4lle f\u00fcr Bereiche wie die Bereitstellung von Smart-Home-Ger\u00e4ten, die Erkl\u00e4rung von und Einarbeitung in In-Car-Infotainment-Systeme sowie die Genauigkeit von Gesundheitsdaten, die \u00fcber Wearables erfasst werden, auf Herz und Nieren getestet werden.<\/p>\n<p>Wir engagieren Teams spezifisch f\u00fcr die jeweilige Branche, die jeweiligen Anwendungsf\u00e4lle und den jeweiligen Testing-Bedarf, um einen schnellstm\u00f6glichen Start und den besten Return-on-Investment f\u00fcr dich zu realisieren. Diese qualifizierten Teams k\u00f6nnen auch speziell auf deine Systeme, Prozesse und Technologie geschult werden, um sich perfekt auf alle deine Testing-Aktivit\u00e4ten einzustellen. \u00dcber unsere Testplattform der Enterprise-Klasse werden diese unabh\u00e4ngigen digitalen Expertenteams \u00fcber einen KI\/ML-gesteuerten Tester-Engagement-Prozess zusammengestellt, sodass du immer das richtige Team f\u00fcr deine spezifischen Gesch\u00e4ftsanforderungen zur Verf\u00fcgung hast.<\/p>\n<\/div><\/div>\n<\/div>\n<\/div>\n<\/div>\n\n<div class=\"et_pb_section_2 et_pb_section et_section_regular et_block_section section-icon-blocks\">\n<div class=\"et_pb_row_2 et_pb_row et_block_row\">\n<div class=\"et_pb_column_4 et_pb_column et_pb_column_4_4 et-last-child et_block_column et_pb_css_mix_blend_mode_passthrough\">\n<div class=\"et_pb_text_2 et_pb_text et_pb_bg_layout_light et_pb_module et_block_module section-heading-wide preset--module--divi-text--6cksqzi0qy\"><div class=\"et_pb_text_inner\"><h2 class=\"title as-h2\">Entwickle besser, schneller mit Branchenexperten<\/h2>\n<p>Applause verf\u00fcgt \u00fcber mehr als ein Jahrzehnt an Branchenexpertise in den wichtigsten Branchen. So unterst\u00fctzen wir deine schnelleren, solideren Releases.<\/p>\n<\/div><\/div>\n<\/div>\n<\/div>\n\n<div class=\"et_pb_row_3 et_pb_row et_block_row section-icon-blocks\">\n<div class=\"et_pb_column_5 et_pb_column et_pb_column_1_3 et_block_column et_pb_css_mix_blend_mode_passthrough\">\n<div class=\"et_pb_blurb_0 et_pb_blurb et_pb_bg_layout_light et_pb_text_align_center et_pb_blurb_position_top et_clickable et_pb_module et_block_module hover hover-white preset--module--divi-blurb--default\"><div class=\"et_pb_blurb_content\"><div class=\"et_pb_main_blurb_image\"><span class=\"et_pb_image_wrap et_pb_only_image_mode_wrap\"><img decoding=\"async\" src=\"https:\/\/www.applause.com\/wp-content\/uploads\/Shopping-Cart-Empty-1-1.svg\" width=\"24\" height=\"24\" srcset=\"https:\/\/www.applause.com\/wp-content\/uploads\/Shopping-Cart-Empty-1-1.svg 24w\" sizes=\"(max-width: 24px) 100vw, 24px\" class=\"wp-image-44596\" alt=\"Einzelhandel\" \/><\/span><\/div><div class=\"et_pb_blurb_container\"><h4 class=\"et_pb_module_header\">Einzelhandel<\/h4><div class=\"et_pb_blurb_description\"><p>BOPIS (Buy Online, Pick up In-Store \/ Online kaufen und im Gesch\u00e4ft abholen), Curbside-Pick-up (Abholung vor dem Gesch\u00e4ft), kontaktloses Bezahlen<\/p>\n<p><span style=\"text-decoration: underline;\">Einzelhandel<\/span><\/p>\n<\/div><\/div><\/div><\/div>\n<\/div>\n\n<div class=\"et_pb_column_6 et_pb_column et_pb_column_1_3 et_block_column et_pb_css_mix_blend_mode_passthrough\">\n<div class=\"et_pb_blurb_1 et_pb_blurb et_pb_bg_layout_light et_pb_text_align_center et_pb_blurb_position_top et_clickable et_pb_module et_block_module hover hover-white preset--group--divi-blurb--divi-font-body--default preset--module--divi-blurb--default\"><div class=\"et_pb_blurb_content\"><div class=\"et_pb_main_blurb_image\"><span class=\"et_pb_image_wrap et_pb_only_image_mode_wrap\"><img decoding=\"async\" src=\"https:\/\/www.applause.com\/wp-content\/uploads\/Video-Player-Adjust-Finger.svg\" class=\"et_animated wp-image-33200\" alt=\"Medien and Unterhaltung\" \/><\/span><\/div><div class=\"et_pb_blurb_container\"><h4 class=\"et_pb_module_header\">Medien & Unterhaltung<\/h4><div class=\"et_pb_blurb_description\"><p>Streamingqualit\u00e4t, Aboprozesse, lokalisierte Inhalte<\/p>\n<p><span style=\"text-decoration: underline;\">Medien & Unterhaltung<\/span><\/p>\n<\/div><\/div><\/div><\/div>\n<\/div>\n\n<div class=\"et_pb_column_7 et_pb_column et_pb_column_1_3 et-last-child et_block_column et_pb_css_mix_blend_mode_passthrough\">\n<div class=\"et_pb_blurb_2 et_pb_blurb et_pb_bg_layout_light et_pb_text_align_center et_pb_blurb_position_top et_clickable et_pb_module et_block_module hover hover-white preset--group--divi-blurb--divi-font-body--default preset--module--divi-blurb--default\"><div class=\"et_pb_blurb_content\"><div class=\"et_pb_main_blurb_image\"><span class=\"et_pb_image_wrap et_pb_only_image_mode_wrap\"><img decoding=\"async\" src=\"https:\/\/www.applause.com\/wp-content\/uploads\/Wireless-Payment-Credit-Card-Dollar.svg\" class=\"et_animated wp-image-33175\" alt=\"Finanzdienstleistungen\" \/><\/span><\/div><div class=\"et_pb_blurb_container\"><h4 class=\"et_pb_module_header\">Finanzdienstleistungen<\/h4><div class=\"et_pb_blurb_description\"><p>Validierung digitaler Brieftaschen, Kontoer\u00f6ffnung und Onboarding, Online-Banking<\/p>\n<p><span style=\"text-decoration: underline;\">Finanzdienstleistungen<\/span><\/p>\n<\/div><\/div><\/div><\/div>\n<\/div>\n<\/div>\n\n<div class=\"et_pb_row_4 et_pb_row et_block_row\">\n<div class=\"et_pb_column_8 et_pb_column et_pb_column_1_2 et_block_column et_pb_css_mix_blend_mode_passthrough\">\n<div class=\"et_pb_blurb_3 et_pb_blurb et_pb_bg_layout_light et_pb_text_align_center et_pb_blurb_position_top et_clickable et_pb_module et_block_module hover hover-white preset--module--divi-blurb--default\"><div class=\"et_pb_blurb_content\"><div class=\"et_pb_main_blurb_image\"><span class=\"et_pb_image_wrap et_pb_only_image_mode_wrap\"><img decoding=\"async\" src=\"https:\/\/www.applause.com\/wp-content\/uploads\/Plane-Take-Off.svg\" class=\"wp-image-33179\" alt=\"Reise and Hotellerie\" \/><\/span><\/div><div class=\"et_pb_blurb_container\"><h4 class=\"et_pb_module_header\">Reise & Hotellerie<\/h4><div class=\"et_pb_blurb_description\"><p>Validierung der Customer Journey von der Buchung bis zur Kasse, Kundenbindungsprogramme<\/p>\n<p><span style=\"text-decoration: underline;\">Reise & Hotellerie<\/span><\/p>\n<\/div><\/div><\/div><\/div>\n<\/div>\n\n<div class=\"et_pb_column_9 et_pb_column et_pb_column_1_2 et-last-child et_block_column et_pb_css_mix_blend_mode_passthrough\">\n<div class=\"et_pb_blurb_4 et_pb_blurb et_pb_bg_layout_light et_pb_text_align_center et_pb_blurb_position_top et_clickable et_pb_module et_block_module hover hover-white preset--module--divi-blurb--default\"><div class=\"et_pb_blurb_content\"><div class=\"et_pb_main_blurb_image\"><span class=\"et_pb_image_wrap et_pb_only_image_mode_wrap\"><img decoding=\"async\" src=\"https:\/\/www.applause.com\/wp-content\/uploads\/Monitor-Heart-Beat.svg\" class=\"wp-image-33183\" alt=\"Gesundheitswesen\" \/><\/span><\/div><div class=\"et_pb_blurb_container\"><h4 class=\"et_pb_module_header\">Gesundheitswesen<\/h4><div class=\"et_pb_blurb_description\"><p>Telegesundheit, Chatbots, Patienten-Portale<\/p>\n<p><span style=\"text-decoration: underline;\">Gesundheitswesen<\/span><\/p>\n<\/div><\/div><\/div><\/div>\n<\/div>\n<\/div>\n<\/div>\n\n<div class=\"et_pb_section_3 et_pb_section et_section_regular et_block_section tw-bg-gray-200\">\n<div class=\"et_pb_row_5 et_pb_row et_block_row\">\n<div class=\"et_pb_column_10 et_pb_column et_pb_column_4_4 et-last-child et_block_column et_pb_css_mix_blend_mode_passthrough\">\n<div class=\"et_pb_text_3 et_pb_text et_pb_bg_layout_light et_pb_module et_block_module section-heading-wide preset--module--divi-text--6cksqzi0qy\"><div class=\"et_pb_text_inner\"><h2>Finde heraus, wie Kunden in deiner Branche bereits heute erfolgreich mit Applause zusammenarbeiten<\/h2>\n<p>Applause ist weltweit f\u00fchrend in den Bereichen Testing und digitale Qualit\u00e4t. Wir arbeiten mit Unternehmen wie deinem seit \u00fcber einem Jahrzehnt zusammen \u2013 und bringen diese Expertise, Erfahrung und Marktf\u00fchrerschaft in jedes Testing-Projekt ein. In den Storys unserer Kunden erf\u00e4hrst du, wie wir Marken in deiner Branche helfen \u2013 und wie wir dir helfen k\u00f6nnen \u2013 die hochwertigen, digitalen Erlebnisse bereitzustellen, die deine Kunden lieben.<\/p>\n<\/div><\/div>\n\n<div class=\"et_pb_module et_pb_button_module_wrapper et_pb_button_0_wrapper preset--module--divi-button--o6j3z265h7_wrapper\"><a class=\"et_pb_button_0 et_pb_button et_pb_bg_layout_dark et_pb_module et_block_module preset--module--divi-button--o6j3z265h7\" href=\"https:\/\/www.applause.com\/de\/unsere-kunden\/\">Echte Kundenstorys<\/a><\/div>\n<\/div>\n<\/div>\n<\/div>\n\n<div class=\"et_pb_section_4 et_pb_section et_section_regular et_block_section\">\n<div class=\"et_pb_row_6 et_pb_row et_flex_row preset--module--divi-row--batcndg5ss\">\n<div class=\"et_pb_column_11 et_pb_column et-last-child et_flex_column et_pb_css_mix_blend_mode_passthrough et_flex_column_24_24 et_flex_column_24_24_tablet et_flex_column_24_24_phone et_flex_column_24_24_phoneWide et_flex_column_24_24_tabletWide et_flex_column_24_24_widescreen et_flex_column_24_24_ultraWide\">\n<div class=\"et_pb_blurb_5 et_pb_blurb et_pb_bg_layout_light et_pb_bg_layout_light_tabletWide et_pb_text_align_center et_pb_text_align_center-tabletWide et_pb_blurb_position_top et_pb_module et_flex_module preset--module--divi-blurb--yz3hog1vi3\"><div class=\"et_pb_blurb_content et_flex_module\"><div class=\"et_pb_main_blurb_image\"><span class=\"et_pb_image_wrap et_pb_only_image_mode_wrap\"><img decoding=\"async\" src=\"https:\/\/www.applause.com\/wp-content\/uploads\/logo-peets-coffee.svg\" width=\"0\" height=\"0\" srcset=\"https:\/\/www.applause.com\/wp-content\/uploads\/logo-peets-coffee.svg 0w\" class=\"et_animated wp-image-65159\" alt=\"Peet&amp;#39;s Coffee\" \/><\/span><\/div><div class=\"et_pb_blurb_container\"><div class=\"et_pb_blurb_description\"><p>\u201eUnsere Kunden erwarten das Beste, wenn sie mit uns interagieren, sei es pers\u00f6nlich, auf unserer Website oder einer mobilen App. Applause gibt uns sowohl die Geschwindigkeit als auch die Flexibilit\u00e4t, die wir brauchen, um unseren Kunden hochwertige digitale Erlebnisse zu bieten. Durch die Zusammenarbeit mit Applause stellen wir sicher, dass unsere Kunden diese Erlebnisse lieben werden.\u201c<\/p>\n<p><strong><cite class=\"tw-block tw-mt-2 tw-text-sm tw-italic tw-font-semibold tw-text-center\">Jeff Pierce, Direktor f\u00fcr digitales Produktmanagement @ Peet\u2019s Coffee<\/cite><\/strong><\/p>\n<\/div><\/div><\/div><\/div>\n<\/div>\n<\/div>\n<\/div>\n\n<div class=\"et_pb_section_5 et_pb_section et_section_regular et_block_section\">\n<div class=\"et_pb_row_7 et_pb_row et_block_row\">\n<div class=\"et_pb_column_12 et_pb_column et_pb_column_4_4 et-last-child et_block_column et_pb_css_mix_blend_mode_passthrough\">\n<div class=\"et_pb_text_4 et_pb_text et_pb_bg_layout_light et_pb_module et_block_module section-heading-wide preset--module--divi-text--6cksqzi0qy\"><div class=\"et_pb_text_inner\"><h2>Du kannst deinen vertikalen Markt oder deinen Anwendungsfall nicht finden? Kontaktiere uns, um zu erfahren, wie wir die Probleme in deiner Branche gel\u00f6st haben.<\/h2>\n<p>Egal welcher Anwendungsfall, wir k\u00f6nnen dir helfen, deinen Kunden erstklassige digitale Erlebnisse zu liefern. Wir haben mit Tausenden von Marken weltweit in jedem vertikalen Markt gearbeitet. F\u00fclle einfach das nachstehende Formular aus. So k\u00f6nnen wir dir ganz konkret mitteilen, was wir f\u00fcr dich tun k\u00f6nnen.<\/p>\n<\/div><\/div>\n\n<div class=\"et_pb_text_5 et_pb_text et_pb_bg_layout_light et_pb_module et_block_module preset--group--divi-text--divi-font-body--default preset--module--divi-text--default\"><div class=\"et_pb_text_inner\"><form id=\"mktoForm_3153\"><div class=\"legend\"><span class=\"mktoAsterix\">*<\/span> Markiert ein Pflichtfeld<\/div><\/form>\n<\/div><\/div>\n<\/div>\n<\/div>\n<\/div>","protected":false},"excerpt":{"rendered":"","protected":false},"author":42,"featured_media":0,"parent":0,"menu_order":0,"comment_status":"closed","ping_status":"closed","template":"","meta":{"_acf_changed":false,"inline_featured_image":false,"footnotes":""},"categories":[386],"tags":[],"class_list":["post-19725","page","type-page","status-publish","hentry","category-main-pages"],"acf":[],"_links":{"self":[{"href":"https:\/\/www.applause.com\/de\/wp-json\/wp\/v2\/pages\/19725","targetHints":{"allow":["GET"]}}],"collection":[{"href":"https:\/\/www.applause.com\/de\/wp-json\/wp\/v2\/pages"}],"about":[{"href":"https:\/\/www.applause.com\/de\/wp-json\/wp\/v2\/types\/page"}],"author":[{"embeddable":true,"href":"https:\/\/www.applause.com\/de\/wp-json\/wp\/v2\/users\/42"}],"replies":[{"embeddable":true,"href":"https:\/\/www.applause.com\/de\/wp-json\/wp\/v2\/comments?post=19725"}],"version-history":[{"count":2,"href":"https:\/\/www.applause.com\/de\/wp-json\/wp\/v2\/pages\/19725\/revisions"}],"predecessor-version":[{"id":156116,"href":"https:\/\/www.applause.com\/de\/wp-json\/wp\/v2\/pages\/19725\/revisions\/156116"}],"wp:attachment":[{"href":"https:\/\/www.applause.com\/de\/wp-json\/wp\/v2\/media?parent=19725"}],"wp:term":[{"taxonomy":"category","embeddable":true,"href":"https:\/\/www.applause.com\/de\/wp-json\/wp\/v2\/categories?post=19725"},{"taxonomy":"post_tag","embeddable":true,"href":"https:\/\/www.applause.com\/de\/wp-json\/wp\/v2\/tags?post=19725"}],"curies":[{"name":"wp","href":"https:\/\/api.w.org\/{rel}","templated":true}]}}