{"id":140790,"date":"2023-10-02T05:38:53","date_gmt":"2023-10-02T09:38:53","guid":{"rendered":"https:\/\/www.applause.com\/accessibility-statement\/"},"modified":"2025-08-20T15:57:06","modified_gmt":"2025-08-20T19:57:06","slug":"erklarung-barrierefreiheit","status":"publish","type":"page","link":"https:\/\/www.applause.com\/de\/erklarung-barrierefreiheit\/","title":{"rendered":"Verpflichtung zur (digitalen) Barrierefreiheit"},"content":{"rendered":"\r\n\r\n<div class=\"et_pb_section_0 et_pb_section et_section_regular et_flex_section\">\r\n\r\n<div class=\"et_pb_row_0 et_pb_row et_flex_row\">\r\n\r\n<div class=\"et_pb_column_0 et_pb_column et-last-child et_flex_column et_pb_css_mix_blend_mode_passthrough et_flex_column_24_24 et_flex_column_24_24_tablet et_flex_column_24_24_phone et_flex_column_24_24_phoneWide et_flex_column_24_24_tabletWide et_flex_column_24_24_widescreen et_flex_column_24_24_ultraWide\">\r\n\r\n<div class=\"et_pb_text_0 et_pb_text et_pb_bg_layout_light et_pb_module et_flex_module preset--group--divi-text--divi-font-body--default preset--module--divi-text--default\"><div class=\"et_pb_text_inner\"><h1>Verpflichtung zur (digitalen) Barrierefreiheit<\/h1>\n<p>Applause engagiert sich daf\u00fcr, dass unsere Website f\u00fcr alle zug\u00e4nglich ist, einschlie\u00dflich Menschen mit Behinderungen. Wir arbeiten kontinuierlich daran, unsere User Experience zu verbessern und die relevanten Standards f\u00fcr Barrierefreiheit anzuwenden.<\/p>\n<\/div><\/div><\/div><\/div><\/div>\r\n\r\n<div class=\"et_pb_section_1 et_pb_section et_section_regular et_flex_section\">\r\n\r\n<div class=\"et_pb_row_1 et_pb_row et_flex_row\">\r\n\r\n<div class=\"et_pb_column_1 et_pb_column et-last-child et_flex_column et_pb_css_mix_blend_mode_passthrough et_flex_column_24_24 et_flex_column_24_24_tablet et_flex_column_24_24_phone et_flex_column_24_24_phoneWide et_flex_column_24_24_tabletWide et_flex_column_24_24_widescreen et_flex_column_24_24_ultraWide\">\r\n\r\n<div class=\"et_pb_text_1 et_pb_text et_pb_bg_layout_light et_pb_module et_flex_module preset--group--divi-text--divi-font-body--default preset--module--divi-text--default\"><div class=\"et_pb_text_inner\"><h2><strong>Laufende Bem\u00fchungen zur Sicherstellung barrierefreier Inhalte<\/strong><\/h2>\n<\/div><\/div>\r\n\r\n<div class=\"et_pb_text_2 et_pb_text et_pb_bg_layout_light et_pb_module et_flex_module preset--group--divi-text--divi-font-body--default preset--module--divi-text--default\"><div class=\"et_pb_text_inner\"><p>Applause verwendet die <a href=\"https:\/\/www.w3.org\/TR\/WCAG22\/\">Web Content Accessibility Guidelines (WCAG) Version 2.2<\/a> und <a href=\"https:\/\/www.etsi.org\/deliver\/etsi_en\/301500_301599\/301549\/03.02.01_60\/en_301549v030201p.pdf\">EN 301 549 v.3.2.1<\/a> als Leitprinzip. Diese Standards definieren Anforderungen f\u00fcr Designer und Entwickler, um die Barrierefreiheit f\u00fcr Menschen mit Behinderungen zu verbessern.<\/p>\n<p>Bei der Aktualisierung bestehender und der Entwicklung neuer Seiten legen wir Wert darauf, Inhalte und Funktionen auf die Einhaltung der WCAG 2.2 Level AA und EN 301 549 v.3.2.1 zu testen. Festgestellte Probleme werden von uns behoben, um sicherzustellen, dass wir die Standards erf\u00fcllen oder sogar \u00fcbertreffen.<\/p>\n<p>Das Testen unserer digitalen Inhalte wird von den Barrierefreiheitsexperten bei Applause durchgef\u00fchrt.<\/p>\n<h3><strong>Haben Sie Feedback oder ben\u00f6tigen Sie Hilfe?<\/strong><\/h3>\n<p>Bitte lassen Sie uns wissen, wenn Sie auf Hindernisse bei der (digitalen) Barrierefreiheit sto\u00dfen oder Feedback zur Barrierefreiheit der Website geben m\u00f6chten, indem Sie uns eine E-Mail an <a href=\"mailto:accessibility@applause.com\">accessibility@applause.com<\/a> senden.<\/p>\n<\/div><\/div><\/div><\/div><\/div>","protected":false},"excerpt":{"rendered":"","protected":false},"author":42,"featured_media":0,"parent":0,"menu_order":0,"comment_status":"closed","ping_status":"closed","template":"","meta":{"_acf_changed":false,"inline_featured_image":false,"footnotes":""},"categories":[350],"tags":[],"class_list":["post-140790","page","type-page","status-publish","hentry","category-basic-pages"],"acf":[],"_links":{"self":[{"href":"https:\/\/www.applause.com\/de\/wp-json\/wp\/v2\/pages\/140790","targetHints":{"allow":["GET"]}}],"collection":[{"href":"https:\/\/www.applause.com\/de\/wp-json\/wp\/v2\/pages"}],"about":[{"href":"https:\/\/www.applause.com\/de\/wp-json\/wp\/v2\/types\/page"}],"author":[{"embeddable":true,"href":"https:\/\/www.applause.com\/de\/wp-json\/wp\/v2\/users\/42"}],"replies":[{"embeddable":true,"href":"https:\/\/www.applause.com\/de\/wp-json\/wp\/v2\/comments?post=140790"}],"version-history":[{"count":0,"href":"https:\/\/www.applause.com\/de\/wp-json\/wp\/v2\/pages\/140790\/revisions"}],"wp:attachment":[{"href":"https:\/\/www.applause.com\/de\/wp-json\/wp\/v2\/media?parent=140790"}],"wp:term":[{"taxonomy":"category","embeddable":true,"href":"https:\/\/www.applause.com\/de\/wp-json\/wp\/v2\/categories?post=140790"},{"taxonomy":"post_tag","embeddable":true,"href":"https:\/\/www.applause.com\/de\/wp-json\/wp\/v2\/tags?post=140790"}],"curies":[{"name":"wp","href":"https:\/\/api.w.org\/{rel}","templated":true}]}}